{"id":35877,"date":"2025-02-20T22:35:16","date_gmt":"2025-02-20T22:35:16","guid":{"rendered":"http:\/\/olemosaic.com\/producto\/funda-de-telefono-para-iphone-13-promax-tpu-salamandra-negro\/"},"modified":"2025-07-25T20:30:25","modified_gmt":"2025-07-25T18:30:25","slug":"capa-de-telemovel-para-iphone-13-promax-tpu-salamandra-preto","status":"publish","type":"product","link":"https:\/\/olemosaic.com\/pt-pt\/produto\/capa-de-telemovel-para-iphone-13-promax-tpu-salamandra-preto\/","title":{"rendered":"Capa de telem\u00f3vel para iPhone 13 Pro Max (TPU). Salamandra. Preto"},"content":{"rendered":"<p>Capa para iPhone 13 Pro Max com ilustra\u00e7\u00f5es coloridas de salamandras e flores. Esta capa de TPU preta combina durabilidade e estilo, oferecendo uma prote\u00e7\u00e3o eficaz para o seu dispositivo. O design vibrante destaca-se pelas suas encantadoras salamandras, representadas numa paleta de cores vivas que inclui tons azuis, laranjas e verdes, capturando a ess\u00eancia do colorido folclore espanhol. As ilustra\u00e7\u00f5es de flores decorativas acrescentam um toque alegre, criando um contraste \u00fanico que converte esta capa n\u00e3o apenas num protetor, mas tamb\u00e9m num acess\u00f3rio que real\u00e7a a sua personalidade.<\/p>\n<p>Este artigo reflete a rica biodiversidade e a cultura ib\u00e9rica, onde a salamandra simboliza a renova\u00e7\u00e3o e a transforma\u00e7\u00e3o, ligando os utilizadores \u00e0s tradi\u00e7\u00f5es locais. A sua est\u00e9tica singular torna-a um souvenir ideal para turistas que procuram levar um pedacinho de Espanha consigo. Na Ol\u00e9 Mosaic, orgulhamo-nos de ser distribuidores de produtos aut\u00eanticos e de qualidade, e esta capa de telem\u00f3vel \u00e9 uma excelente op\u00e7\u00e3o para lojas de presentes tur\u00edsticos que desejem oferecer artigos com significado cultural. Perfeita para quem procura fundir funcionalidade e arte, este souvenir representa o melhor da cultura espanhola na sua forma mais moderna.<\/p>\n","protected":false},"excerpt":{"rendered":"<p>Capa para iPhone 13 Pro Max de TPU preto, adornada com ilustra\u00e7\u00f5es coloridas de salamandras e flores. Este design vibrante apresenta salamandras em diversos tons, com um estilo art\u00edstico que evoca o colorido folclore espanhol. As flores decorativas acrescentam um toque alegre, fazendo desta capa, al\u00e9m de um protetor, uma pe\u00e7a \u00fanica e chamativa que destaca a riqueza da cultura ib\u00e9rica. Ideal para quem procura estilo e personalidade nos seus acess\u00f3rios m\u00f3veis.<\/p>\n","protected":false},"featured_media":13020,"template":"","meta":{"_acf_changed":false},"product_brand":[],"product_cat":[685],"product_tag":[516],"class_list":{"0":"post-35877","1":"product","2":"type-product","3":"status-publish","4":"has-post-thumbnail","6":"product_cat-capas-para-telemoveis","7":"product_tag-animais","8":"pa_motivo-salamandras","10":"first","11":"instock","12":"shipping-taxable","13":"product-type-simple"},"acf":[],"_links":{"self":[{"href":"https:\/\/olemosaic.com\/pt-pt\/wp-json\/wp\/v2\/product\/35877","targetHints":{"allow":["GET"]}}],"collection":[{"href":"https:\/\/olemosaic.com\/pt-pt\/wp-json\/wp\/v2\/product"}],"about":[{"href":"https:\/\/olemosaic.com\/pt-pt\/wp-json\/wp\/v2\/types\/product"}],"wp:featuredmedia":[{"embeddable":true,"href":"https:\/\/olemosaic.com\/pt-pt\/wp-json\/wp\/v2\/media\/13020"}],"wp:attachment":[{"href":"https:\/\/olemosaic.com\/pt-pt\/wp-json\/wp\/v2\/media?parent=35877"}],"wp:term":[{"taxonomy":"product_brand","embeddable":true,"href":"https:\/\/olemosaic.com\/pt-pt\/wp-json\/wp\/v2\/product_brand?post=35877"},{"taxonomy":"product_cat","embeddable":true,"href":"https:\/\/olemosaic.com\/pt-pt\/wp-json\/wp\/v2\/product_cat?post=35877"},{"taxonomy":"product_tag","embeddable":true,"href":"https:\/\/olemosaic.com\/pt-pt\/wp-json\/wp\/v2\/product_tag?post=35877"}],"curies":[{"name":"wp","href":"https:\/\/api.w.org\/{rel}","templated":true}]}}