{"id":35876,"date":"2025-02-20T22:35:16","date_gmt":"2025-02-20T22:35:16","guid":{"rendered":"http:\/\/olemosaic.com\/producto\/funda-de-telefono-para-iphone-13-pro-tpu-punt-de-trobada-barcelona-blanco\/"},"modified":"2025-07-25T20:01:07","modified_gmt":"2025-07-25T18:01:07","slug":"capa-de-telemovel-para-iphone-13-pro-tpu-punt-de-trobada-barcelona-branco","status":"publish","type":"product","link":"https:\/\/olemosaic.com\/pt-pt\/produto\/capa-de-telemovel-para-iphone-13-pro-tpu-punt-de-trobada-barcelona-branco\/","title":{"rendered":"Capa de telem\u00f3vel para iPhone 13 Pro (TPU). Punt de trobada. Barcelona. Branco"},"content":{"rendered":"<p>Capa para iPhone 13 Pro inspirada no &#8220;Punt de Trobada&#8221; de Barcelona, uma obra emblem\u00e1tica da cidade que captura o esp\u00edrito \u00fanico do modernismo catal\u00e3o. Fabricada em TPU de alta qualidade, esta capa combina resist\u00eancia e leveza, oferecendo uma prote\u00e7\u00e3o eficaz ao seu dispositivo sem renunciar ao estilo. O design vibrante apresenta um fundo branco adornado com mosaicos coloridos em tons de vermelho, amarelo, verde, azul e preto, que evocam o estilo caracter\u00edstico de Antoni Gaud\u00ed. Os motivos geom\u00e9tricos e os c\u00edrculos, dispostos de forma criativa, refletem a fus\u00e3o entre arte e natureza, t\u00e3o emblem\u00e1tica na obra de Gaud\u00ed. Na parte inferior, o texto &#8220;Barcelona&#8221; acrescenta um toque de autenticidade e permite que os utilizadores levem consigo um peda\u00e7o da cultura catal\u00e3. Esta recorda\u00e7\u00e3o n\u00e3o \u00e9 apenas funcional, mas tamb\u00e9m atua como um lembrete da rica heran\u00e7a cultural de Barcelona, tornando-a perfeita para quem procura souvenirs aut\u00eanticos da cidade. Na Ol\u00e9 Mosaic, especializamo-nos na distribui\u00e7\u00e3o de souvenirs por grosso, e esta capa \u00e9 uma op\u00e7\u00e3o ideal para lojas de presentes tur\u00edsticos que desejem oferecer produtos de qualidade que capturem a ess\u00eancia de Barcelona.<\/p>\n","protected":false},"excerpt":{"rendered":"<p>Capa para iPhone 13 Pro fabricada em TPU, com um design vibrante inspirado no &#8220;Punt de Trobada&#8221; de Barcelona. Este atraente acess\u00f3rio apresenta um fundo branco adornado com coloridos mosaicos que evocam o estilo \u00fanico de Antoni Gaud\u00ed, incluindo c\u00edrculos e padr\u00f5es geom\u00e9tricos em vermelho, amarelo, verde, azul e preto. A palavra &#8220;Barcelona&#8221; encontra-se impressa na parte inferior, completando esta pe\u00e7a que combina prote\u00e7\u00e3o e arte contempor\u00e2nea.<\/p>\n","protected":false},"featured_media":12313,"template":"","meta":{"_acf_changed":false},"product_brand":[],"product_cat":[685],"product_tag":[],"class_list":{"0":"post-35876","1":"product","2":"type-product","3":"status-publish","4":"has-post-thumbnail","6":"product_cat-capas-para-telemoveis","7":"pa_ciudad-barcelona","8":"pa_motivo-punt-de-trobada","9":"pa_pais-espana","11":"first","12":"instock","13":"shipping-taxable","14":"product-type-simple"},"acf":[],"_links":{"self":[{"href":"https:\/\/olemosaic.com\/pt-pt\/wp-json\/wp\/v2\/product\/35876","targetHints":{"allow":["GET"]}}],"collection":[{"href":"https:\/\/olemosaic.com\/pt-pt\/wp-json\/wp\/v2\/product"}],"about":[{"href":"https:\/\/olemosaic.com\/pt-pt\/wp-json\/wp\/v2\/types\/product"}],"wp:featuredmedia":[{"embeddable":true,"href":"https:\/\/olemosaic.com\/pt-pt\/wp-json\/wp\/v2\/media\/12313"}],"wp:attachment":[{"href":"https:\/\/olemosaic.com\/pt-pt\/wp-json\/wp\/v2\/media?parent=35876"}],"wp:term":[{"taxonomy":"product_brand","embeddable":true,"href":"https:\/\/olemosaic.com\/pt-pt\/wp-json\/wp\/v2\/product_brand?post=35876"},{"taxonomy":"product_cat","embeddable":true,"href":"https:\/\/olemosaic.com\/pt-pt\/wp-json\/wp\/v2\/product_cat?post=35876"},{"taxonomy":"product_tag","embeddable":true,"href":"https:\/\/olemosaic.com\/pt-pt\/wp-json\/wp\/v2\/product_tag?post=35876"}],"curies":[{"name":"wp","href":"https:\/\/api.w.org\/{rel}","templated":true}]}}