{"id":35874,"date":"2025-02-20T22:35:16","date_gmt":"2025-02-20T22:35:16","guid":{"rendered":"http:\/\/olemosaic.com\/producto\/funda-de-telefono-para-iphone-13-pro-tpu-salamandra-barcelona-blanco\/"},"modified":"2025-07-25T20:09:00","modified_gmt":"2025-07-25T18:09:00","slug":"capa-de-telemovel-para-iphone-13-pro-tpu-salamandra-barcelona-branco","status":"publish","type":"product","link":"https:\/\/olemosaic.com\/pt-pt\/produto\/capa-de-telemovel-para-iphone-13-pro-tpu-salamandra-barcelona-branco\/","title":{"rendered":"Capa de telem\u00f3vel para iPhone 13 Pro (TPU). Salamandra. Barcelona. Branco"},"content":{"rendered":"<p>Capa para iPhone 13 Pro com um design vibrante de salamandras e flores, inspirada no ic\u00f3nico trencad\u00eds barcelon\u00eas. Esta capa de TPU n\u00e3o s\u00f3 protege eficazmente o seu dispositivo, como tamb\u00e9m confere um toque art\u00edstico e distintivo, capturando a ess\u00eancia do modernismo catal\u00e3o. O design colorido apresenta salamandras em tons azuis, verdes e vermelhos, entrela\u00e7adas com elementos florais, tudo sobre um fundo branco que real\u00e7a as formas org\u00e2nicas. A palavra &#8220;Barcelona&#8221; destaca-se em letras chamativas, integrando-se na perfei\u00e7\u00e3o na decora\u00e7\u00e3o e oferecendo uma homenagem visual \u00e0 capital catal\u00e3.<\/p>\n<p>Este souvenir de Barcelona \u00e9 uma excelente forma de levar consigo um fragmento da vibrante cultura e da criatividade arquitet\u00f3nica da cidade. A liga\u00e7\u00e3o cultural entre o trencad\u00eds, uma t\u00e9cnica popularizada pelo arquiteto Antoni Gaud\u00ed, e este produto torna-o um s\u00edmbolo de autenticidade e tradi\u00e7\u00e3o. Ideal para turistas que procuram souvenirs \u00fanicos e representativos, esta capa \u00e9 uma op\u00e7\u00e3o perfeita para lojas de presentes tur\u00edsticos que desejam oferecer produtos que combinam funcionalidade e arte. Na Ol\u00e9 Mosaic, l\u00edderes na distribui\u00e7\u00e3o de souvenirs por grosso, oferecemos artigos que se destacam pela sua qualidade e relev\u00e2ncia cultural, fazendo desta capa uma escolha ideal para quem valoriza a arte e a tradi\u00e7\u00e3o nas suas recorda\u00e7\u00f5es.<\/p>\n","protected":false},"excerpt":{"rendered":"<p>Capa para iPhone 13 Pro fabricada em TPU, decorada com um vibrante design de salamandras e flores, inspirado no famoso trencad\u00eds barcelon\u00eas. O colorido mosaico mostra salamandras em tons azuis, verdes e vermelhos sobre um fundo branco, que real\u00e7a as formas org\u00e2nicas e os elementos florais. Com a palavra &#8220;Barcelona&#8221; em letras chamativas, esta capa confere um toque distintivo e art\u00edstico, refletindo a ess\u00eancia modernista da cidade.<\/p>\n","protected":false},"featured_media":12310,"template":"","meta":{"_acf_changed":false},"product_brand":[],"product_cat":[685],"product_tag":[516],"class_list":{"0":"post-35874","1":"product","2":"type-product","3":"status-publish","4":"has-post-thumbnail","6":"product_cat-capas-para-telemoveis","7":"product_tag-animais","8":"pa_ciudad-barcelona","9":"pa_motivo-salamandras","10":"pa_pais-espana","12":"first","13":"instock","14":"shipping-taxable","15":"product-type-simple"},"acf":[],"_links":{"self":[{"href":"https:\/\/olemosaic.com\/pt-pt\/wp-json\/wp\/v2\/product\/35874","targetHints":{"allow":["GET"]}}],"collection":[{"href":"https:\/\/olemosaic.com\/pt-pt\/wp-json\/wp\/v2\/product"}],"about":[{"href":"https:\/\/olemosaic.com\/pt-pt\/wp-json\/wp\/v2\/types\/product"}],"wp:featuredmedia":[{"embeddable":true,"href":"https:\/\/olemosaic.com\/pt-pt\/wp-json\/wp\/v2\/media\/12310"}],"wp:attachment":[{"href":"https:\/\/olemosaic.com\/pt-pt\/wp-json\/wp\/v2\/media?parent=35874"}],"wp:term":[{"taxonomy":"product_brand","embeddable":true,"href":"https:\/\/olemosaic.com\/pt-pt\/wp-json\/wp\/v2\/product_brand?post=35874"},{"taxonomy":"product_cat","embeddable":true,"href":"https:\/\/olemosaic.com\/pt-pt\/wp-json\/wp\/v2\/product_cat?post=35874"},{"taxonomy":"product_tag","embeddable":true,"href":"https:\/\/olemosaic.com\/pt-pt\/wp-json\/wp\/v2\/product_tag?post=35874"}],"curies":[{"name":"wp","href":"https:\/\/api.w.org\/{rel}","templated":true}]}}