{"id":35863,"date":"2025-02-20T22:35:15","date_gmt":"2025-02-20T22:35:15","guid":{"rendered":"http:\/\/olemosaic.com\/producto\/funda-de-telefono-para-iphone-13-pro-tpu-panoramica-barcelona-blanco\/"},"modified":"2025-07-25T20:32:08","modified_gmt":"2025-07-25T18:32:08","slug":"capa-de-telemovel-para-iphone-13-pro-tpu-panoramica-barcelona-branco","status":"publish","type":"product","link":"https:\/\/olemosaic.com\/pt-pt\/produto\/capa-de-telemovel-para-iphone-13-pro-tpu-panoramica-barcelona-branco\/","title":{"rendered":"Capa para telem\u00f3vel para iPhone 13 Pro (TPU). Panor\u00e2mica. Barcelona. Branco"},"content":{"rendered":"<p>Capa para iPhone 13 Pro com panor\u00e2mica de Barcelona<\/p>\n<p>Com esta capa para iPhone 13 Pro, poder\u00e1 levar consigo um peda\u00e7o de Barcelona, uma das cidades mais emblem\u00e1ticas de Espanha. Fabricada em TPU, o seu design resistente e flex\u00edvel proporciona uma excelente prote\u00e7\u00e3o para o seu dispositivo, enquanto a sua espetacular decora\u00e7\u00e3o apresenta uma vibrante panor\u00e2mica da cidade. Destacam-se as ic\u00f3nicas estruturas arquitet\u00f3nicas como a Sagrada Fam\u00edlia e o Parque G\u00fcell, representadas num encantador estilo mosaico. As cores intensas que a decoram \u2013 vermelhos, amarelos e verdes \u2013 evocam a singularidade da arte de Antoni Gaud\u00ed, refletindo a ess\u00eancia da capital catal\u00e3 em cada olhar.<\/p>\n<p>Al\u00e9m da sua fun\u00e7\u00e3o protetora, esta capa \u00e9 um souvenir perfeito para aqueles que procuram uma recorda\u00e7\u00e3o aut\u00eantica da sua visita a Barcelona. A combina\u00e7\u00e3o de detalhes art\u00edsticos com a imagem de monumentos t\u00e3o representativos torna-a um interessante tema de conversa sobre a rica heran\u00e7a cultural e arquitet\u00f3nica da cidade. Na Ol\u00e9 Mosaic, somos distribuidores de souvenirs por grosso, e esta capa \u00e9 uma excelente op\u00e7\u00e3o para lojas de presentes tur\u00edsticos que desejem oferecer produtos aut\u00eanticos e com estilo. Atraia os seus clientes com este impressionante souvenir que celebra a beleza de Barcelona.<\/p>\n","protected":false},"excerpt":{"rendered":"<p>Capa para iPhone 13 Pro fabricada em TPU, decorada com uma vibrante panor\u00e2mica de Barcelona. O seu design mostra emblem\u00e1ticas estruturas arquitet\u00f3nicas como a Sagrada Fam\u00edlia e o Parque G\u00fcell, representadas com um encantador estilo de mosaico que mistura cores intensas como vermelhos, amarelos e verdes. Com detalhes art\u00edsticos, esta capa combina funcionalidade e estilo, refletindo a ess\u00eancia da capital catal\u00e3 em cada olhar.<\/p>\n","protected":false},"featured_media":12314,"template":"","meta":{"_acf_changed":false},"product_brand":[],"product_cat":[685],"product_tag":[],"class_list":{"0":"post-35863","1":"product","2":"type-product","3":"status-publish","4":"has-post-thumbnail","6":"product_cat-capas-para-telemoveis","7":"pa_ciudad-barcelona","8":"pa_motivo-panoramas","9":"pa_pais-espana","11":"first","12":"instock","13":"shipping-taxable","14":"product-type-simple"},"acf":[],"_links":{"self":[{"href":"https:\/\/olemosaic.com\/pt-pt\/wp-json\/wp\/v2\/product\/35863","targetHints":{"allow":["GET"]}}],"collection":[{"href":"https:\/\/olemosaic.com\/pt-pt\/wp-json\/wp\/v2\/product"}],"about":[{"href":"https:\/\/olemosaic.com\/pt-pt\/wp-json\/wp\/v2\/types\/product"}],"wp:featuredmedia":[{"embeddable":true,"href":"https:\/\/olemosaic.com\/pt-pt\/wp-json\/wp\/v2\/media\/12314"}],"wp:attachment":[{"href":"https:\/\/olemosaic.com\/pt-pt\/wp-json\/wp\/v2\/media?parent=35863"}],"wp:term":[{"taxonomy":"product_brand","embeddable":true,"href":"https:\/\/olemosaic.com\/pt-pt\/wp-json\/wp\/v2\/product_brand?post=35863"},{"taxonomy":"product_cat","embeddable":true,"href":"https:\/\/olemosaic.com\/pt-pt\/wp-json\/wp\/v2\/product_cat?post=35863"},{"taxonomy":"product_tag","embeddable":true,"href":"https:\/\/olemosaic.com\/pt-pt\/wp-json\/wp\/v2\/product_tag?post=35863"}],"curies":[{"name":"wp","href":"https:\/\/api.w.org\/{rel}","templated":true}]}}