{"id":35862,"date":"2025-02-20T23:35:15","date_gmt":"2025-02-20T22:35:15","guid":{"rendered":"http:\/\/olemosaic.com\/producto\/funda-de-telefono-para-iphone-13-pro-tpu-panoramica-barcelona-azul-2\/"},"modified":"2025-07-25T19:07:28","modified_gmt":"2025-07-25T17:07:28","slug":"capa-de-telemovel-para-iphone-13-pro-tpu-panoramica-mosaico-barcelona-azul","status":"publish","type":"product","link":"https:\/\/olemosaic.com\/pt-pt\/produto\/capa-de-telemovel-para-iphone-13-pro-tpu-panoramica-mosaico-barcelona-azul\/","title":{"rendered":"Capa para telem\u00f3vel para iPhone 13 Pro (TPU). Panor\u00e2mica. Mosaico. Barcelona. Azul"},"content":{"rendered":"<p>Capa para iPhone 13 Pro com design panor\u00e2mico de Barcelona. Esta requintada capa, elaborada em TPU, apresenta uma vibrante e colorida ilustra\u00e7\u00e3o que capta a ess\u00eancia da cidade condal. A parte superior destaca-se pela sua impressionante representa\u00e7\u00e3o da Sagrada Fam\u00edlia, uma das obras-primas mais emblem\u00e1ticas do arquiteto Antoni Gaud\u00ed, rodeada de outros edif\u00edcios ic\u00f3nicos que desenham o horizonte barcelon\u00eas. O fundo azul, decorado com um design de mosaicos estilizados, evoca o famoso trencad\u00eds, uma t\u00e9cnica que Gaud\u00ed popularizou na sua arquitetura, real\u00e7ando o car\u00e1ter \u00fanico desta pe\u00e7a.<\/p>\n<p>Cada elemento gr\u00e1fico da capa est\u00e1 meticulosamente desenhado, incluindo o texto &#8220;Barcelona&#8221; num estilo art\u00edstico que reflete o esp\u00edrito vibrante e moderno da cidade. N\u00e3o s\u00f3 oferece prote\u00e7\u00e3o para o seu dispositivo, como tamb\u00e9m atua como uma elegante recorda\u00e7\u00e3o cultural, permitindo aos turistas levar consigo um peda\u00e7o da hist\u00f3ria e da arte de Barcelona. Esta capa \u00e9 uma excelente op\u00e7\u00e3o para quem procura souvenirs aut\u00eanticos que representem a movimentada vida urbana e a rica heran\u00e7a arquitet\u00f3nica da cidade. Na Ol\u00e9 Mosaic, dedicamo-nos \u00e0 distribui\u00e7\u00e3o de acess\u00f3rios por grosso que real\u00e7am a diversidade cultural, e esta capa \u00e9 uma magn\u00edfica adi\u00e7\u00e3o para lojas de presentes tur\u00edsticos que desejem oferecer produtos chamativos e de qualidade.<\/p>\n","protected":false},"excerpt":{"rendered":"<p>Capa para iPhone 13 Pro fabricada em TPU, com uma colorida panor\u00e2mica de Barcelona. Decorada com um design vibrante que inclui elementos ic\u00f3nicos como a Sagrada Fam\u00edlia e outros edif\u00edcios emblem\u00e1ticos, esta capa destaca-se pelo seu fundo azul e mosaicos estilizados, evocando o famoso trencad\u00eds de Gaud\u00ed. Ideal para quem deseja levar um peda\u00e7o de Barcelona consigo, esta capa combina prote\u00e7\u00e3o e estilo urbano.<\/p>\n","protected":false},"featured_media":12319,"template":"","meta":{"_acf_changed":false},"product_brand":[],"product_cat":[685],"product_tag":[],"class_list":{"0":"post-35862","1":"product","2":"type-product","3":"status-publish","4":"has-post-thumbnail","6":"product_cat-capas-para-telemoveis","7":"pa_ciudad-barcelona","8":"pa_motivo-panoramas","9":"pa_pais-espana","11":"first","12":"instock","13":"shipping-taxable","14":"product-type-simple"},"acf":[],"_links":{"self":[{"href":"https:\/\/olemosaic.com\/pt-pt\/wp-json\/wp\/v2\/product\/35862","targetHints":{"allow":["GET"]}}],"collection":[{"href":"https:\/\/olemosaic.com\/pt-pt\/wp-json\/wp\/v2\/product"}],"about":[{"href":"https:\/\/olemosaic.com\/pt-pt\/wp-json\/wp\/v2\/types\/product"}],"wp:featuredmedia":[{"embeddable":true,"href":"https:\/\/olemosaic.com\/pt-pt\/wp-json\/wp\/v2\/media\/12319"}],"wp:attachment":[{"href":"https:\/\/olemosaic.com\/pt-pt\/wp-json\/wp\/v2\/media?parent=35862"}],"wp:term":[{"taxonomy":"product_brand","embeddable":true,"href":"https:\/\/olemosaic.com\/pt-pt\/wp-json\/wp\/v2\/product_brand?post=35862"},{"taxonomy":"product_cat","embeddable":true,"href":"https:\/\/olemosaic.com\/pt-pt\/wp-json\/wp\/v2\/product_cat?post=35862"},{"taxonomy":"product_tag","embeddable":true,"href":"https:\/\/olemosaic.com\/pt-pt\/wp-json\/wp\/v2\/product_tag?post=35862"}],"curies":[{"name":"wp","href":"https:\/\/api.w.org\/{rel}","templated":true}]}}