{"id":35859,"date":"2025-02-20T22:35:14","date_gmt":"2025-02-20T22:35:14","guid":{"rendered":"http:\/\/olemosaic.com\/producto\/funda-de-telefono-para-iphone-13-pro-tpu-mosaico-barcelona-blanco\/"},"modified":"2025-07-25T19:52:34","modified_gmt":"2025-07-25T17:52:34","slug":"capa-de-telemovel-para-iphone-13-pro-tpu-mosaico-barcelona-branco","status":"publish","type":"product","link":"https:\/\/olemosaic.com\/pt-pt\/produto\/capa-de-telemovel-para-iphone-13-pro-tpu-mosaico-barcelona-branco\/","title":{"rendered":"Capa para telem\u00f3vel para iPhone 13 Pro (TPU). Mosaico. Barcelona. Branco"},"content":{"rendered":"<p>Capa para iPhone 13 Pro com design de mosaico barcelon\u00eas. Esta elegante capa, fabricada em TPU, destaca-se pelo seu impressionante design que presta homenagem \u00e0 rica tradi\u00e7\u00e3o art\u00edstica da cidade. Apresenta uma variedade de padr\u00f5es geom\u00e9tricos e florais em tons vivos de azul, vermelho e laranja sobre um fundo branco, capturando a ess\u00eancia da arte modernista catal\u00e3, conhecida mundialmente. A palavra &#8220;Barcelona&#8221; est\u00e1 estilizada na parte inferior, adicionando um toque personalizado que liga emocionalmente o utilizador \u00e0 cidade.<\/p>\n<p>Visualmente, a capa \u00e9 um aut\u00eantico banquete para os olhos, cheia de detalhes que evocam os ic\u00f3nicos mosaicos de artistas como Gaud\u00ed, que adornam locais emblem\u00e1ticos como o Parque G\u00fcell. Este acess\u00f3rio n\u00e3o s\u00f3 protege o seu iPhone 13 Pro, como tamb\u00e9m se torna um s\u00edmbolo do amor pela cultura catal\u00e3, ideal para quem deseja levar um pedacinho de Barcelona no seu dia a dia.<\/p>\n<p>Na Ol\u00e9 Mosaic, especializamo-nos na distribui\u00e7\u00e3o de souvenirs aut\u00eanticos por grosso, oferecendo produtos que refletem o melhor da cultura espanhola. Esta capa \u00e9 uma op\u00e7\u00e3o perfeita para lojas de presentes tur\u00edsticos que procuram artigos \u00fanicos e representativos de Barcelona, proporcionando aos turistas a oportunidade de levar uma recorda\u00e7\u00e3o especial da sua visita.<\/p>\n","protected":false},"excerpt":{"rendered":"<p>Capa para iPhone 13 Pro de TPU, decorada com um vibrante design de mosaico t\u00edpico de Barcelona. Apresenta uma variedade de motivos geom\u00e9tricos e florais em tons azuis, vermelhos e laranjas sobre um fundo branco, refletindo a riqueza da arte modernista da cidade. Inclui a palavra &#8220;Barcelona&#8221; estilizada na parte inferior, o que adiciona um toque personalizado e atraente. Ideal para quem procura proteger o seu dispositivo enquanto mostra o seu amor pela cultura catal\u00e3.<\/p>\n","protected":false},"featured_media":12315,"template":"","meta":{"_acf_changed":false},"product_brand":[],"product_cat":[685],"product_tag":[],"class_list":{"0":"post-35859","1":"product","2":"type-product","3":"status-publish","4":"has-post-thumbnail","6":"product_cat-capas-para-telemoveis","7":"pa_ciudad-barcelona","8":"pa_motivo-mosaico","9":"pa_pais-espana","11":"first","12":"instock","13":"shipping-taxable","14":"product-type-simple"},"acf":[],"_links":{"self":[{"href":"https:\/\/olemosaic.com\/pt-pt\/wp-json\/wp\/v2\/product\/35859","targetHints":{"allow":["GET"]}}],"collection":[{"href":"https:\/\/olemosaic.com\/pt-pt\/wp-json\/wp\/v2\/product"}],"about":[{"href":"https:\/\/olemosaic.com\/pt-pt\/wp-json\/wp\/v2\/types\/product"}],"wp:featuredmedia":[{"embeddable":true,"href":"https:\/\/olemosaic.com\/pt-pt\/wp-json\/wp\/v2\/media\/12315"}],"wp:attachment":[{"href":"https:\/\/olemosaic.com\/pt-pt\/wp-json\/wp\/v2\/media?parent=35859"}],"wp:term":[{"taxonomy":"product_brand","embeddable":true,"href":"https:\/\/olemosaic.com\/pt-pt\/wp-json\/wp\/v2\/product_brand?post=35859"},{"taxonomy":"product_cat","embeddable":true,"href":"https:\/\/olemosaic.com\/pt-pt\/wp-json\/wp\/v2\/product_cat?post=35859"},{"taxonomy":"product_tag","embeddable":true,"href":"https:\/\/olemosaic.com\/pt-pt\/wp-json\/wp\/v2\/product_tag?post=35859"}],"curies":[{"name":"wp","href":"https:\/\/api.w.org\/{rel}","templated":true}]}}