{"id":35828,"date":"2025-02-20T22:35:14","date_gmt":"2025-02-20T22:35:14","guid":{"rendered":"http:\/\/olemosaic.com\/producto\/funda-de-telefono-para-iphone-13-pro-tpu-mosaico-azul\/"},"modified":"2025-07-25T20:18:48","modified_gmt":"2025-07-25T18:18:48","slug":"capa-para-telemovel-para-iphone-13-pro-tpu-mosaico-azul","status":"publish","type":"product","link":"https:\/\/olemosaic.com\/pt-pt\/produto\/capa-para-telemovel-para-iphone-13-pro-tpu-mosaico-azul\/","title":{"rendered":"Capa para telem\u00f3vel para iPhone 13 Pro (TPU). Mosaico. Azul"},"content":{"rendered":"<p>Capa para iPhone 13 Pro com design de mosaico em tons azuis, uma escolha perfeita para quem procura combinar prote\u00e7\u00e3o e estilo. Fabricada em TPU, um material conhecido pela sua alta resist\u00eancia e ajuste perfeito, esta capa garante a seguran\u00e7a do seu dispositivo contra choques e quedas. O apelo visual desta capa destaca-se pelo seu design de mosaico, inspirado na famosa cer\u00e2mica andaluza, s\u00edmbolo da rica heran\u00e7a cultural de Espanha.<\/p>\n<p>O padr\u00e3o intrincado e din\u00e2mico que adorna a capa recorda a arquitetura emblem\u00e1tica da regi\u00e3o, evocando imagens dos belos azulejos que adornam pal\u00e1cios e p\u00e1tios em cidades como Sevilha e Granada. O contraste entre o azul profundo e os subtis matizes brancos confere um ar elegante e distintivo, transformando o seu telem\u00f3vel numa aut\u00eantica obra de arte.<\/p>\n<p>Esta capa n\u00e3o s\u00f3 oferece funcionalidade, como tamb\u00e9m \u00e9 uma homenagem \u00e0 tradi\u00e7\u00e3o artesanal espanhola, tornando-se uma excelente recorda\u00e7\u00e3o para turistas que desejem levar consigo um peda\u00e7o da cultura andaluza. Na Ol\u00e9 Mosaic, distribu\u00edmos por grosso esta capa de mosaico e outros produtos aut\u00eanticos, ideais para lojas de presentes tur\u00edsticos que procuram oferecer artigos \u00fanicos e representativos da tradi\u00e7\u00e3o espanhola. Com esta capa, os seus clientes escolher\u00e3o um acess\u00f3rio que celebra a beleza do folclore espanhol enquanto protegem o seu dispositivo com estilo.<\/p>\n","protected":false},"excerpt":{"rendered":"<p>Capa para iPhone 13 Pro fabricada em TPU, com um elegante design de mosaico em tons azuis. Este acess\u00f3rio destaca-se pela sua resist\u00eancia e ajuste perfeito, al\u00e9m do seu apelo visual, que evoca a famosa cer\u00e2mica andaluza. O padr\u00e3o de mosaico, que simula os intrincados desenhos t\u00edpicos da arquitetura espanhola, acrescenta um toque art\u00edstico e distintivo, ideal para quem procura proteger o seu dispositivo com estilo.<\/p>\n","protected":false},"featured_media":12324,"template":"","meta":{"_acf_changed":false},"product_brand":[],"product_cat":[685],"product_tag":[],"class_list":{"0":"post-35828","1":"product","2":"type-product","3":"status-publish","4":"has-post-thumbnail","6":"product_cat-capas-para-telemoveis","7":"pa_motivo-mosaico","9":"first","10":"instock","11":"shipping-taxable","12":"product-type-simple"},"acf":[],"_links":{"self":[{"href":"https:\/\/olemosaic.com\/pt-pt\/wp-json\/wp\/v2\/product\/35828","targetHints":{"allow":["GET"]}}],"collection":[{"href":"https:\/\/olemosaic.com\/pt-pt\/wp-json\/wp\/v2\/product"}],"about":[{"href":"https:\/\/olemosaic.com\/pt-pt\/wp-json\/wp\/v2\/types\/product"}],"wp:featuredmedia":[{"embeddable":true,"href":"https:\/\/olemosaic.com\/pt-pt\/wp-json\/wp\/v2\/media\/12324"}],"wp:attachment":[{"href":"https:\/\/olemosaic.com\/pt-pt\/wp-json\/wp\/v2\/media?parent=35828"}],"wp:term":[{"taxonomy":"product_brand","embeddable":true,"href":"https:\/\/olemosaic.com\/pt-pt\/wp-json\/wp\/v2\/product_brand?post=35828"},{"taxonomy":"product_cat","embeddable":true,"href":"https:\/\/olemosaic.com\/pt-pt\/wp-json\/wp\/v2\/product_cat?post=35828"},{"taxonomy":"product_tag","embeddable":true,"href":"https:\/\/olemosaic.com\/pt-pt\/wp-json\/wp\/v2\/product_tag?post=35828"}],"curies":[{"name":"wp","href":"https:\/\/api.w.org\/{rel}","templated":true}]}}