{"id":35827,"date":"2025-02-20T22:35:14","date_gmt":"2025-02-20T22:35:14","guid":{"rendered":"http:\/\/olemosaic.com\/producto\/funda-de-telefono-para-iphone-13-pro-tpu-gato-barcelona-blanco\/"},"modified":"2025-07-25T20:17:06","modified_gmt":"2025-07-25T18:17:06","slug":"capa-para-telemovel-para-iphone-13-pro-tpu-gato-barcelona-branco","status":"publish","type":"product","link":"https:\/\/olemosaic.com\/pt-pt\/produto\/capa-para-telemovel-para-iphone-13-pro-tpu-gato-barcelona-branco\/","title":{"rendered":"Capa para telem\u00f3vel para iPhone 13 Pro (TPU). Gato. Barcelona. Branco"},"content":{"rendered":"<p>Capa para iPhone 13 Pro com design de gato mosaico de Barcelona. Esta atraente capa, fabricada em TPU, garante uma prote\u00e7\u00e3o duradoura e de alta qualidade para o seu dispositivo. O design vibrante apresenta um gato que recorda as coloridas obras do famoso arquiteto Antoni Gaud\u00ed, emulando o caracter\u00edstico estilo de mosaico que adorna muitas das fachadas e espa\u00e7os p\u00fablicos da cidade. Sobre o fundo branco, um padr\u00e3o que evoca os tradicionais azulejos de Barcelona mistura-se com borboletas de cores alegres, criando uma composi\u00e7\u00e3o que exala alegria e arte.<\/p>\n<p>Este acess\u00f3rio n\u00e3o s\u00f3 protege o seu telem\u00f3vel, como tamb\u00e9m \u00e9 uma homenagem \u00e0 rica cultura de Barcelona, tornando-se um souvenir ideal para turistas e amantes da cidade. A inclus\u00e3o da palavra &#8220;Barcelona&#8221;, numa elegante tipografia, acrescenta um toque distintivo e uma recorda\u00e7\u00e3o constante desta vibrante metr\u00f3pole. Na Ol\u00e9 Mosaic, distribu\u00edmos produtos aut\u00eanticos que captam a ess\u00eancia cultural de cada regi\u00e3o. Esta capa \u00e9 uma excelente op\u00e7\u00e3o para lojas de presentes tur\u00edsticos que procuram oferecer souvenirs \u00fanicos e funcionais, destacando a liga\u00e7\u00e3o entre a arte e a vida quotidiana em Barcelona.<\/p>\n","protected":false},"excerpt":{"rendered":"<p>Capa para iPhone 13 Pro feita de TPU, com um design de um gato vibrante inspirado no famoso estilo mosaico de Barcelona. Este design colorido, que inclui borboletas em tons alegres, destaca-se sobre um fundo branco com um padr\u00e3o que evoca os azulejos da cidade. Ideal para quem procura um acess\u00f3rio que funde prote\u00e7\u00e3o e arte, captando a ess\u00eancia cultural de Barcelona.<\/p>\n","protected":false},"featured_media":12311,"template":"","meta":{"_acf_changed":false},"product_brand":[],"product_cat":[685],"product_tag":[516],"class_list":{"0":"post-35827","1":"product","2":"type-product","3":"status-publish","4":"has-post-thumbnail","6":"product_cat-capas-para-telemoveis","7":"product_tag-animais","8":"pa_ciudad-barcelona","9":"pa_motivo-gatos","10":"pa_pais-espana","12":"first","13":"instock","14":"shipping-taxable","15":"product-type-simple"},"acf":[],"_links":{"self":[{"href":"https:\/\/olemosaic.com\/pt-pt\/wp-json\/wp\/v2\/product\/35827","targetHints":{"allow":["GET"]}}],"collection":[{"href":"https:\/\/olemosaic.com\/pt-pt\/wp-json\/wp\/v2\/product"}],"about":[{"href":"https:\/\/olemosaic.com\/pt-pt\/wp-json\/wp\/v2\/types\/product"}],"wp:featuredmedia":[{"embeddable":true,"href":"https:\/\/olemosaic.com\/pt-pt\/wp-json\/wp\/v2\/media\/12311"}],"wp:attachment":[{"href":"https:\/\/olemosaic.com\/pt-pt\/wp-json\/wp\/v2\/media?parent=35827"}],"wp:term":[{"taxonomy":"product_brand","embeddable":true,"href":"https:\/\/olemosaic.com\/pt-pt\/wp-json\/wp\/v2\/product_brand?post=35827"},{"taxonomy":"product_cat","embeddable":true,"href":"https:\/\/olemosaic.com\/pt-pt\/wp-json\/wp\/v2\/product_cat?post=35827"},{"taxonomy":"product_tag","embeddable":true,"href":"https:\/\/olemosaic.com\/pt-pt\/wp-json\/wp\/v2\/product_tag?post=35827"}],"curies":[{"name":"wp","href":"https:\/\/api.w.org\/{rel}","templated":true}]}}