{"id":35825,"date":"2025-02-20T23:35:14","date_gmt":"2025-02-20T22:35:14","guid":{"rendered":"http:\/\/olemosaic.com\/producto\/funda-de-telefono-para-iphone-13-tpu-salamandra-barcelona-negro\/"},"modified":"2025-07-25T19:00:36","modified_gmt":"2025-07-25T17:00:36","slug":"capa-para-telemovel-para-iphone-13-tpu-salamandra-barcelona-preto","status":"publish","type":"product","link":"https:\/\/olemosaic.com\/pt-pt\/produto\/capa-para-telemovel-para-iphone-13-tpu-salamandra-barcelona-preto\/","title":{"rendered":"Capa para telem\u00f3vel para iPhone 13 (TPU). Salamandra. Barcelona. Preto"},"content":{"rendered":"<p>Capa para iPhone 13 decorada com salamandras vibrantes, inspirada no modernismo barcelon\u00eas. Esta capa de TPU preta destaca-se pelas suas ilustra\u00e7\u00f5es chamativas: salamandras em tons de azul, verde, vermelho e amarelo combinam-se com flores azuis e laranjas, captando a criatividade e a arte que caracterizam a cidade. A palavra &#8220;Barcelona&#8221; est\u00e1 elegantemente impressa, acrescentando um toque distintivo e tur\u00edstico, o que a torna um presente perfeito.<\/p>\n<p>O design, al\u00e9m de atrativo, reflete a rica hist\u00f3ria cultural da cidade, onde o uso de salamandras est\u00e1 ligado ao famoso mosaico de Antoni Gaud\u00ed, um \u00edcone indiscut\u00edvel do modernismo. Esta liga\u00e7\u00e3o ao patrim\u00f3nio arquitet\u00f3nico de Barcelona converte a capa numa recorda\u00e7\u00e3o aut\u00eantica, ideal para turistas que procuram levar um fragmento da cidade.<\/p>\n<p>Na Ol\u00e9 Mosaic, somos especialistas na distribui\u00e7\u00e3o de souvenirs por grosso, oferecendo artigos que combinam funcionalidade e est\u00e9tica. Esta capa para iPhone 13 n\u00e3o s\u00f3 protege o dispositivo, como tamb\u00e9m \u00e9 uma recorda\u00e7\u00e3o significativa que celebra a arte e a cultura barcelonesas. Os grossistas de souvenirs encontrar\u00e3o neste produto uma valiosa adi\u00e7\u00e3o \u00e0 sua oferta, atraindo clientes que apreciam a autenticidade e o design muito especial.<\/p>\n","protected":false},"excerpt":{"rendered":"<p>Capa de TPU preta para iPhone 13, decorada com ilustra\u00e7\u00f5es chamativas de salamandras inspiradas no estilo modernista de Barcelona. Este design vibrante apresenta salamandras coloridas em tons de azul, verde, vermelho e amarelo, rodeadas de flores azuis e laranjas, que evocam a criatividade e a arte da cidade. A impress\u00e3o inclui a palavra &#8220;Barcelona&#8221;, acrescentando um toque distintivo e tur\u00edstico a este acess\u00f3rio pr\u00e1tico.<\/p>\n","protected":false},"featured_media":12306,"template":"","meta":{"_acf_changed":false},"product_brand":[],"product_cat":[685],"product_tag":[516],"class_list":{"0":"post-35825","1":"product","2":"type-product","3":"status-publish","4":"has-post-thumbnail","6":"product_cat-capas-para-telemoveis","7":"product_tag-animais","8":"pa_ciudad-barcelona","9":"pa_motivo-salamandras","10":"pa_pais-espana","12":"first","13":"instock","14":"shipping-taxable","15":"product-type-simple"},"acf":[],"_links":{"self":[{"href":"https:\/\/olemosaic.com\/pt-pt\/wp-json\/wp\/v2\/product\/35825","targetHints":{"allow":["GET"]}}],"collection":[{"href":"https:\/\/olemosaic.com\/pt-pt\/wp-json\/wp\/v2\/product"}],"about":[{"href":"https:\/\/olemosaic.com\/pt-pt\/wp-json\/wp\/v2\/types\/product"}],"wp:featuredmedia":[{"embeddable":true,"href":"https:\/\/olemosaic.com\/pt-pt\/wp-json\/wp\/v2\/media\/12306"}],"wp:attachment":[{"href":"https:\/\/olemosaic.com\/pt-pt\/wp-json\/wp\/v2\/media?parent=35825"}],"wp:term":[{"taxonomy":"product_brand","embeddable":true,"href":"https:\/\/olemosaic.com\/pt-pt\/wp-json\/wp\/v2\/product_brand?post=35825"},{"taxonomy":"product_cat","embeddable":true,"href":"https:\/\/olemosaic.com\/pt-pt\/wp-json\/wp\/v2\/product_cat?post=35825"},{"taxonomy":"product_tag","embeddable":true,"href":"https:\/\/olemosaic.com\/pt-pt\/wp-json\/wp\/v2\/product_tag?post=35825"}],"curies":[{"name":"wp","href":"https:\/\/api.w.org\/{rel}","templated":true}]}}