{"id":35818,"date":"2025-02-20T22:35:14","date_gmt":"2025-02-20T22:35:14","guid":{"rendered":"http:\/\/olemosaic.com\/producto\/funda-de-telefono-para-iphone-13-tpu-mariposa-barcelona-blanco\/"},"modified":"2025-07-25T20:34:40","modified_gmt":"2025-07-25T18:34:40","slug":"capa-de-telemovel-para-iphone-13-tpu-borboleta-barcelona-branco","status":"publish","type":"product","link":"https:\/\/olemosaic.com\/pt-pt\/produto\/capa-de-telemovel-para-iphone-13-tpu-borboleta-barcelona-branco\/","title":{"rendered":"Capa de telem\u00f3vel para iPhone 13 (TPU). Borboleta. Barcelona. Branco"},"content":{"rendered":"<p>Capa para iPhone 13 decorada com um vibrante design de borboletas que evoca a ess\u00eancia de Barcelona. Fabricada em TPU, esta capa combina funcionalidade e estilo, oferecendo uma prote\u00e7\u00e3o duradoura para o seu dispositivo. Sobre um fundo branco luminoso, desdobram-se borboletas numa explos\u00e3o de cor, com tonalidades de laranja, azul e rosa, criando um efeito visual din\u00e2mico e atrativo. A parte inferior da capa apresenta um mosaico que honra a famosa heran\u00e7a art\u00edstica da cidade, uma alus\u00e3o \u00e0s obras de Gaud\u00ed que adornam as ruas de Barcelona. A palavra &#8220;Barcelona&#8221;, elegantemente escrita, acrescenta um toque distintivo que sublinha o car\u00e1ter local do produto.<\/p>\n<p>Este souvenir \u00e9 perfeito para quem procura n\u00e3o s\u00f3 proteger o seu telem\u00f3vel, mas tamb\u00e9m levar consigo um peda\u00e7o da vibrante vida barcelonesa. A fus\u00e3o de arte e natureza neste design capta a beleza do ambiente urbano da cidade, tornando-o uma recorda\u00e7\u00e3o significativa para os turistas. Na Ol\u00e9 Mosaic, a nossa especialidade \u00e9 oferecer souvenirs aut\u00eanticos e de qualidade. Esta capa de borboletas \u00e9 uma escolha excecional para lojas de presentes tur\u00edsticos, que procuram produtos que representem a rica cultura e est\u00e9tica de Barcelona. Com a nossa oferta de capas por grosso, garantimos variedade e autenticidade em cada produto.<\/p>\n","protected":false},"excerpt":{"rendered":"<p>Capa para iPhone 13 de TPU, decorada com um vibrante design de borboletas sobre um fundo branco que evoca a ess\u00eancia de Barcelona. Este produto destaca-se pelo seu colorido, com borboletas em tons de laranja, azul e rosa, complementadas com um mosaico na parte inferior que real\u00e7a a heran\u00e7a art\u00edstica da cidade. A palavra &#8220;Barcelona&#8221; aparece numa elegante tipografia, conferindo um toque distintivo e atrativo. Ideal para proteger o seu dispositivo enquanto o adorna com um s\u00edmbolo de beleza natural.<\/p>\n","protected":false},"featured_media":12279,"template":"","meta":{"_acf_changed":false},"product_brand":[],"product_cat":[685],"product_tag":[516],"class_list":{"0":"post-35818","1":"product","2":"type-product","3":"status-publish","4":"has-post-thumbnail","6":"product_cat-capas-para-telemoveis","7":"product_tag-animais","8":"pa_ciudad-barcelona","9":"pa_motivo-borboletas","10":"pa_pais-espana","12":"first","13":"instock","14":"shipping-taxable","15":"product-type-simple"},"acf":[],"_links":{"self":[{"href":"https:\/\/olemosaic.com\/pt-pt\/wp-json\/wp\/v2\/product\/35818","targetHints":{"allow":["GET"]}}],"collection":[{"href":"https:\/\/olemosaic.com\/pt-pt\/wp-json\/wp\/v2\/product"}],"about":[{"href":"https:\/\/olemosaic.com\/pt-pt\/wp-json\/wp\/v2\/types\/product"}],"wp:featuredmedia":[{"embeddable":true,"href":"https:\/\/olemosaic.com\/pt-pt\/wp-json\/wp\/v2\/media\/12279"}],"wp:attachment":[{"href":"https:\/\/olemosaic.com\/pt-pt\/wp-json\/wp\/v2\/media?parent=35818"}],"wp:term":[{"taxonomy":"product_brand","embeddable":true,"href":"https:\/\/olemosaic.com\/pt-pt\/wp-json\/wp\/v2\/product_brand?post=35818"},{"taxonomy":"product_cat","embeddable":true,"href":"https:\/\/olemosaic.com\/pt-pt\/wp-json\/wp\/v2\/product_cat?post=35818"},{"taxonomy":"product_tag","embeddable":true,"href":"https:\/\/olemosaic.com\/pt-pt\/wp-json\/wp\/v2\/product_tag?post=35818"}],"curies":[{"name":"wp","href":"https:\/\/api.w.org\/{rel}","templated":true}]}}