{"id":35817,"date":"2025-02-20T22:35:13","date_gmt":"2025-02-20T22:35:13","guid":{"rendered":"http:\/\/olemosaic.com\/producto\/funda-de-telefono-para-iphone-13-tpu-mariposa-mallorca-blanco\/"},"modified":"2025-07-25T18:56:18","modified_gmt":"2025-07-25T16:56:18","slug":"capa-de-telemovel-para-iphone-13-tpu-borboleta-maiorca-branco","status":"publish","type":"product","link":"https:\/\/olemosaic.com\/pt-pt\/produto\/capa-de-telemovel-para-iphone-13-tpu-borboleta-maiorca-branco\/","title":{"rendered":"Capa de telem\u00f3vel para iPhone 13 (TPU). Borboleta. Maiorca. Branco"},"content":{"rendered":"<p>Capa de telem\u00f3vel para iPhone 13 com borboletas vibrantes, inspirada na beleza natural de Maiorca. Esta capa \u00e9 elaborada em TPU, un material que oferece prote\u00e7\u00e3o leve e flex\u00edvel para o seu dispositivo. O design destaca-se por um fundo branco que emula um mosaico em alegres tons de amarelo, azul e vermelho, criando um contraste ideal com as borboletas que parecem ganhar vida em brilhantes tons de laranja, azul e rosa. Cada borboleta est\u00e1 meticulosamente ilustrada, acentuando a majestosidade e diversidade da fauna local.<\/p>\n<p>Na parte inferior, a palavra &#8220;Maiorca&#8221;, impressa num elegante estilo de letra, acrescenta um toque distintivo que real\u00e7a o encanto da ilha. Este souvenir de Maiorca n\u00e3o s\u00f3 se destaca pela sua funcionalidade como capa protetora, como tamb\u00e9m representa uma recorda\u00e7\u00e3o aut\u00eantica da ilha, perfeito para os turistas que procuram levar um pedacinho desta joia mediterr\u00e2nica.<\/p>\n<p>Na Ol\u00e9 Mosaic, orgulhamo-nos de oferecer souvenirs aut\u00eanticos que refletem a cultura e a ess\u00eancia de cada lugar. Esta capa \u00e9 uma excelente op\u00e7\u00e3o para lojas de presentes tur\u00edsticos, proporcionando uma op\u00e7\u00e3o acess\u00edvel e estilizada para os amantes de Maiorca. Como grossista de capas de telem\u00f3vel, garantimos qualidade e design atrativo em cada produto que distribu\u00edmos.<\/p>\n","protected":false},"excerpt":{"rendered":"<p>Capa para iPhone 13 de TPU, decorada com borboletas alegres que evocam a beleza natural de Maiorca. Apresenta um design atrativo com fundo branco que simula um mosaico em tons de amarelo, azul e vermelho, real\u00e7ando as borboletas em tons brilhantes de laranja, azul e rosa. A palavra &#8220;Maiorca&#8221; \u00e9 impressa numa elegante tipografia, acrescentando um toque adicional que reflete o encanto da ilha.<\/p>\n","protected":false},"featured_media":12928,"template":"","meta":{"_acf_changed":false},"product_brand":[],"product_cat":[685],"product_tag":[516],"class_list":{"0":"post-35817","1":"product","2":"type-product","3":"status-publish","4":"has-post-thumbnail","6":"product_cat-capas-para-telemoveis","7":"product_tag-animais","8":"pa_ciudad-mallorca","9":"pa_motivo-borboletas","10":"pa_pais-espana","12":"first","13":"instock","14":"shipping-taxable","15":"product-type-simple"},"acf":[],"_links":{"self":[{"href":"https:\/\/olemosaic.com\/pt-pt\/wp-json\/wp\/v2\/product\/35817","targetHints":{"allow":["GET"]}}],"collection":[{"href":"https:\/\/olemosaic.com\/pt-pt\/wp-json\/wp\/v2\/product"}],"about":[{"href":"https:\/\/olemosaic.com\/pt-pt\/wp-json\/wp\/v2\/types\/product"}],"wp:featuredmedia":[{"embeddable":true,"href":"https:\/\/olemosaic.com\/pt-pt\/wp-json\/wp\/v2\/media\/12928"}],"wp:attachment":[{"href":"https:\/\/olemosaic.com\/pt-pt\/wp-json\/wp\/v2\/media?parent=35817"}],"wp:term":[{"taxonomy":"product_brand","embeddable":true,"href":"https:\/\/olemosaic.com\/pt-pt\/wp-json\/wp\/v2\/product_brand?post=35817"},{"taxonomy":"product_cat","embeddable":true,"href":"https:\/\/olemosaic.com\/pt-pt\/wp-json\/wp\/v2\/product_cat?post=35817"},{"taxonomy":"product_tag","embeddable":true,"href":"https:\/\/olemosaic.com\/pt-pt\/wp-json\/wp\/v2\/product_tag?post=35817"}],"curies":[{"name":"wp","href":"https:\/\/api.w.org\/{rel}","templated":true}]}}