{"id":35816,"date":"2025-02-20T23:35:13","date_gmt":"2025-02-20T22:35:13","guid":{"rendered":"http:\/\/olemosaic.com\/producto\/funda-de-telefono-para-iphone-13-tpu-panoramica-barcelona-azul-2\/"},"modified":"2025-07-25T19:00:58","modified_gmt":"2025-07-25T17:00:58","slug":"capa-de-telemovel-para-iphone-13-tpu-panoramica-gaudi-barcelona-azul","status":"publish","type":"product","link":"https:\/\/olemosaic.com\/pt-pt\/produto\/capa-de-telemovel-para-iphone-13-tpu-panoramica-gaudi-barcelona-azul\/","title":{"rendered":"Capa de telem\u00f3vel para iPhone 13 (TPU). Panor\u00e2mica. Gaud\u00ed. Barcelona. Azul"},"content":{"rendered":"<p>Capa para iPhone 13 com uma vibrante panor\u00e2mica de Barcelona, pensada para quem quer levar um peda\u00e7o desta ic\u00f3nica cidade no seu dia a dia. Fabricada em TPU, este acess\u00f3rio n\u00e3o s\u00f3 protege o dispositivo, como tamb\u00e9m mostra um design cativante que destaca a riqueza cultural de Barcelona. A capa apresenta uma explos\u00e3o de cores, com elementos representativos como a Sagrada Fam\u00edlia e as belas praias da cidade, tudo sobre um fundo azul que recorda os mosaicos do c\u00e9lebre arquiteto Antoni Gaud\u00ed. As letras chamativas de &#8220;Barcelona&#8221; acrescentam um toque vibrante e atrativo, capturando a ess\u00eancia da capital catal\u00e3.<\/p>\n<p>Este souvenir n\u00e3o \u00e9 apenas um produto funcional, mas tamb\u00e9m uma recorda\u00e7\u00e3o visual da arquitetura e do ambiente festivo de Barcelona, perfeito para turistas que procuram um acess\u00f3rio que celebre a sua experi\u00eancia na cidade. Na Ol\u00e9 Mosaic, especializamo-nos na distribui\u00e7\u00e3o de souvenirs por grosso, e esta capa \u00e9 uma op\u00e7\u00e3o ideal para lojas de presentes tur\u00edsticos que procuram oferecer produtos aut\u00eanticos e relacionados com Barcelona. Como grossistas de acess\u00f3rios, garantimos qualidade e design em cada artigo, assegurando que cada compra seja uma recorda\u00e7\u00e3o significativa desta extraordin\u00e1ria metr\u00f3pole.<\/p>\n","protected":false},"excerpt":{"rendered":"<p>Capa para iPhone 13 fabricada em TPU, decorada com uma vibrante panor\u00e2mica de Barcelona. O design apresenta uma explos\u00e3o de cor com elementos ic\u00f3nicos da cidade, como a Sagrada Fam\u00edlia e a praia, sobre um fundo azul que evoca os mosaicos de Gaud\u00ed. O texto &#8220;Barcelona&#8221; destaca-se com letras chamativas, ideal para quem procura um acess\u00f3rio funcional e com estilo.<\/p>\n","protected":false},"featured_media":12286,"template":"","meta":{"_acf_changed":false},"product_brand":[],"product_cat":[685],"product_tag":[],"class_list":{"0":"post-35816","1":"product","2":"type-product","3":"status-publish","4":"has-post-thumbnail","6":"product_cat-capas-para-telemoveis","7":"pa_ciudad-barcelona","8":"pa_motivo-panoramas","9":"pa_pais-espana","11":"first","12":"instock","13":"shipping-taxable","14":"product-type-simple"},"acf":[],"_links":{"self":[{"href":"https:\/\/olemosaic.com\/pt-pt\/wp-json\/wp\/v2\/product\/35816","targetHints":{"allow":["GET"]}}],"collection":[{"href":"https:\/\/olemosaic.com\/pt-pt\/wp-json\/wp\/v2\/product"}],"about":[{"href":"https:\/\/olemosaic.com\/pt-pt\/wp-json\/wp\/v2\/types\/product"}],"wp:featuredmedia":[{"embeddable":true,"href":"https:\/\/olemosaic.com\/pt-pt\/wp-json\/wp\/v2\/media\/12286"}],"wp:attachment":[{"href":"https:\/\/olemosaic.com\/pt-pt\/wp-json\/wp\/v2\/media?parent=35816"}],"wp:term":[{"taxonomy":"product_brand","embeddable":true,"href":"https:\/\/olemosaic.com\/pt-pt\/wp-json\/wp\/v2\/product_brand?post=35816"},{"taxonomy":"product_cat","embeddable":true,"href":"https:\/\/olemosaic.com\/pt-pt\/wp-json\/wp\/v2\/product_cat?post=35816"},{"taxonomy":"product_tag","embeddable":true,"href":"https:\/\/olemosaic.com\/pt-pt\/wp-json\/wp\/v2\/product_tag?post=35816"}],"curies":[{"name":"wp","href":"https:\/\/api.w.org\/{rel}","templated":true}]}}