{"id":35815,"date":"2025-02-20T22:35:13","date_gmt":"2025-02-20T22:35:13","guid":{"rendered":"http:\/\/olemosaic.com\/producto\/funda-de-telefono-para-iphone-13-tpu-panoramica-barcelona-azul\/"},"modified":"2025-07-25T22:41:00","modified_gmt":"2025-07-25T20:41:00","slug":"capa-de-telemovel-para-iphone-13-tpu-panoramica-barcelona-azul","status":"publish","type":"product","link":"https:\/\/olemosaic.com\/pt-pt\/produto\/capa-de-telemovel-para-iphone-13-tpu-panoramica-barcelona-azul\/","title":{"rendered":"Capa de telem\u00f3vel para iPhone 13 (TPU). Panor\u00e2mica. Barcelona. Azul"},"content":{"rendered":"<p>Capa de telem\u00f3vel para iPhone 13 com uma vibrante panor\u00e2mica de Barcelona. Esta capa, confecionada em TPU, combina na perfei\u00e7\u00e3o estilo e funcionalidade, capturando a ess\u00eancia da majestosa Sagrada Fam\u00edlia numa colorida ilustra\u00e7\u00e3o que o transporta ao cora\u00e7\u00e3o da Cidade Condal. A imagem apresenta vibrantes tons de laranja e amarelo que real\u00e7am a impressionante arquitetura de Gaud\u00ed, rodeada de palmeiras que evocam o clima mediterr\u00e2nico. Sob um fundo azul brilhante, o sol dourado e as aves a voar acrescentam um toque de alegria e dinamismo, tornando-a uma pe\u00e7a \u00fanica para quem deseja levar um peda\u00e7o de Barcelona consigo. Este souvenir n\u00e3o s\u00f3 oferece uma excelente prote\u00e7\u00e3o para o seu dispositivo, como tamb\u00e9m representa a rica heran\u00e7a cultural da regi\u00e3o, destacando a Sagrada Fam\u00edlia como um dos \u00edcones mais reconhec\u00edveis de Espanha. Na Ol\u00e9 Mosaic, especializamo-nos na distribui\u00e7\u00e3o de souvenirs por grosso, e esta capa \u00e9 uma op\u00e7\u00e3o ideal para lojas de presentes tur\u00edsticos que procuram produtos aut\u00eanticos e representativos de Barcelona. Este acess\u00f3rio \u00e9 uma recorda\u00e7\u00e3o perfeita, funcional e cheia de car\u00e1ter, que far\u00e1 com que cada utiliza\u00e7\u00e3o seja uma celebra\u00e7\u00e3o da arte e da cultura catal\u00e3.<\/p>\n","protected":false},"excerpt":{"rendered":"<p>Capa de telem\u00f3vel para iPhone 13 de TPU com uma vibrante panor\u00e2mica de Barcelona. Esta capa apresenta uma colorida ilustra\u00e7\u00e3o da majestosa Sagrada Fam\u00edlia rodeada de palmeiras e elementos ic\u00f3nicos da cidade, tudo sobre um fundo azul brilhante. Acentuada pelo sol dourado e aves em voo, a capa n\u00e3o s\u00f3 protege o seu dispositivo, como tamb\u00e9m celebra a ess\u00eancia de Barcelona com estilo e um toque art\u00edstico. Ideal para quem deseja levar um peda\u00e7o desta emblem\u00e1tica cidade consigo.<\/p>\n","protected":false},"featured_media":12288,"template":"","meta":{"_acf_changed":false},"product_brand":[],"product_cat":[685],"product_tag":[],"class_list":{"0":"post-35815","1":"product","2":"type-product","3":"status-publish","4":"has-post-thumbnail","6":"product_cat-capas-para-telemoveis","7":"pa_ciudad-barcelona","8":"pa_motivo-panoramas","9":"pa_pais-espana","11":"first","12":"instock","13":"shipping-taxable","14":"product-type-simple"},"acf":[],"_links":{"self":[{"href":"https:\/\/olemosaic.com\/pt-pt\/wp-json\/wp\/v2\/product\/35815","targetHints":{"allow":["GET"]}}],"collection":[{"href":"https:\/\/olemosaic.com\/pt-pt\/wp-json\/wp\/v2\/product"}],"about":[{"href":"https:\/\/olemosaic.com\/pt-pt\/wp-json\/wp\/v2\/types\/product"}],"wp:featuredmedia":[{"embeddable":true,"href":"https:\/\/olemosaic.com\/pt-pt\/wp-json\/wp\/v2\/media\/12288"}],"wp:attachment":[{"href":"https:\/\/olemosaic.com\/pt-pt\/wp-json\/wp\/v2\/media?parent=35815"}],"wp:term":[{"taxonomy":"product_brand","embeddable":true,"href":"https:\/\/olemosaic.com\/pt-pt\/wp-json\/wp\/v2\/product_brand?post=35815"},{"taxonomy":"product_cat","embeddable":true,"href":"https:\/\/olemosaic.com\/pt-pt\/wp-json\/wp\/v2\/product_cat?post=35815"},{"taxonomy":"product_tag","embeddable":true,"href":"https:\/\/olemosaic.com\/pt-pt\/wp-json\/wp\/v2\/product_tag?post=35815"}],"curies":[{"name":"wp","href":"https:\/\/api.w.org\/{rel}","templated":true}]}}