{"id":35813,"date":"2025-02-20T22:35:13","date_gmt":"2025-02-20T22:35:13","guid":{"rendered":"http:\/\/olemosaic.com\/producto\/funda-de-telefono-para-iphone-13-tpu-salamandra-barcelona-blanco\/"},"modified":"2025-07-25T19:58:42","modified_gmt":"2025-07-25T17:58:42","slug":"capa-de-telemovel-para-iphone-13-tpu-salamandra-barcelona-branco","status":"publish","type":"product","link":"https:\/\/olemosaic.com\/pt-pt\/produto\/capa-de-telemovel-para-iphone-13-tpu-salamandra-barcelona-branco\/","title":{"rendered":"Capa de telem\u00f3vel para iPhone 13 (TPU). Salamandra. Barcelona. Branco"},"content":{"rendered":"<p>Capa para iPhone 13 com design de salamandras e flores, inspirada na cer\u00e2mica de Barcelona. Esta capa, fabricada em TPU de alta qualidade, apresenta um design colorido e vibrante que presta homenagem \u00e0 rica tradi\u00e7\u00e3o art\u00edstica da cidade. Sobre um elegante fundo branco, as cores vivas das salamandras \u2014 em tons azuis, verdes e vermelhos \u2014 entrela\u00e7am-se com delicadas flores multicoloridas, criando um contraste chamativo que n\u00e3o passa despercebido. O design complementa-se com um fundo que simula o famoso mosaico de Barcelona, evocando a obra de artistas como Antoni Gaud\u00ed, famoso pelo seu uso da cor e da forma nas suas cria\u00e7\u00f5es.<\/p>\n<p>O texto &#8220;Barcelona&#8221; est\u00e1 impresso num atraente degrad\u00ea vibrante, adicionando um toque moderno e \u00fanico ao acess\u00f3rio. Esta capa n\u00e3o s\u00f3 protege o dispositivo, como tamb\u00e9m atua como uma aut\u00eantica recorda\u00e7\u00e3o de Barcelona, ideal para aqueles turistas que desejam levar um peda\u00e7o da cidade consigo. Como distribuidores de recorda\u00e7\u00f5es por grosso, na Ol\u00e9 Mosaic oferecemos esta capa de forma exclusiva, sendo uma excelente op\u00e7\u00e3o para lojas de presentes tur\u00edsticos que procuram produtos aut\u00eanticos e representativos. Ofere\u00e7a aos seus clientes a oportunidade de recordar a sua visita a Barcelona cada vez que usarem o seu telem\u00f3vel com esta bonita capa decorativa, uma recorda\u00e7\u00e3o que combina design, tradi\u00e7\u00e3o cultural e funcionalidade.<\/p>\n","protected":false},"excerpt":{"rendered":"<p>Capa para iPhone 13 fabricada em TPU, decorada com um design colorido de salamandras e flores, inspirado na cer\u00e2mica barcelonesa. A base branca real\u00e7a as cores vivas dos motivos, que incluem salamandras em tons azuis, verdes e vermelhos, juntamente com flores multicoloridas, tudo sobre um fundo que simula o mosaico caracter\u00edstico da cidade. A palavra \u201cBarcelona\u201d est\u00e1 impressa num degrad\u00ea vibrante, conferindo um toque \u00fanico e atraente ao acess\u00f3rio.<\/p>\n","protected":false},"featured_media":12277,"template":"","meta":{"_acf_changed":false},"product_brand":[],"product_cat":[685],"product_tag":[516],"class_list":{"0":"post-35813","1":"product","2":"type-product","3":"status-publish","4":"has-post-thumbnail","6":"product_cat-capas-para-telemoveis","7":"product_tag-animais","8":"pa_ciudad-barcelona","9":"pa_motivo-salamandras","10":"pa_pais-espana","12":"first","13":"instock","14":"shipping-taxable","15":"product-type-simple"},"acf":[],"_links":{"self":[{"href":"https:\/\/olemosaic.com\/pt-pt\/wp-json\/wp\/v2\/product\/35813","targetHints":{"allow":["GET"]}}],"collection":[{"href":"https:\/\/olemosaic.com\/pt-pt\/wp-json\/wp\/v2\/product"}],"about":[{"href":"https:\/\/olemosaic.com\/pt-pt\/wp-json\/wp\/v2\/types\/product"}],"wp:featuredmedia":[{"embeddable":true,"href":"https:\/\/olemosaic.com\/pt-pt\/wp-json\/wp\/v2\/media\/12277"}],"wp:attachment":[{"href":"https:\/\/olemosaic.com\/pt-pt\/wp-json\/wp\/v2\/media?parent=35813"}],"wp:term":[{"taxonomy":"product_brand","embeddable":true,"href":"https:\/\/olemosaic.com\/pt-pt\/wp-json\/wp\/v2\/product_brand?post=35813"},{"taxonomy":"product_cat","embeddable":true,"href":"https:\/\/olemosaic.com\/pt-pt\/wp-json\/wp\/v2\/product_cat?post=35813"},{"taxonomy":"product_tag","embeddable":true,"href":"https:\/\/olemosaic.com\/pt-pt\/wp-json\/wp\/v2\/product_tag?post=35813"}],"curies":[{"name":"wp","href":"https:\/\/api.w.org\/{rel}","templated":true}]}}