{"id":35810,"date":"2025-02-20T23:35:12","date_gmt":"2025-02-20T22:35:12","guid":{"rendered":"http:\/\/olemosaic.com\/producto\/funda-de-telefono-para-iphone-13-tpu-abstracto-negro-2\/"},"modified":"2025-07-25T20:37:05","modified_gmt":"2025-07-25T18:37:05","slug":"capa-de-telemovel-para-iphone-13-tpu-abstrato-preto-pt-pt","status":"publish","type":"product","link":"https:\/\/olemosaic.com\/pt-pt\/produto\/capa-de-telemovel-para-iphone-13-tpu-abstrato-preto-pt-pt\/","title":{"rendered":"Capa de telem\u00f3vel para iPhone 13 (TPU). Abstrato. Estilo moderno. Preto"},"content":{"rendered":"<p>Capa para iPhone 13 com um vibrante design abstrato. Fabricada em TPU de alta qualidade, esta capa destaca-se pelo seu impressionante padr\u00e3o de linhas de cores intensas que serpenteiam sobre um elegante fundo preto. As tonalidades brilhantes, que evocam movimento e energia, tornam-na uma escolha perfeita para quem deseja expressar a sua personalidade atrav\u00e9s da tecnologia. O seu acabamento suave e flex\u00edvel n\u00e3o s\u00f3 proporciona uma prote\u00e7\u00e3o excecional contra choques e riscos, como tamb\u00e9m assegura um ajuste preciso e confort\u00e1vel.<\/p>\n<p>Cada linha de cor reflete uma sensa\u00e7\u00e3o din\u00e2mica, transformando um objeto quotidiano numa declara\u00e7\u00e3o de estilo contempor\u00e2neo. A combina\u00e7\u00e3o de design moderno e funcionalidade robusta converte esta capa num acess\u00f3rio que simboliza o estilo de vida urbano e cheio de vida, ideal para quem procura recorda\u00e7\u00f5es aut\u00eanticas que realcem a sua experi\u00eancia di\u00e1ria.<\/p>\n<p>Na Ol\u00e9 Mosaic, dedicamo-nos \u00e0 distribui\u00e7\u00e3o grossista de recorda\u00e7\u00f5es, oferecendo produtos que combinam arte e praticidade, como esta capa \u00fanica. \u00c9 uma excelente op\u00e7\u00e3o para lojas de presentes tur\u00edsticos, conferindo autenticidade e modernidade a cada pe\u00e7a. Perfeita para quem procura recordar a sua visita a Espanha com um toque contempor\u00e2neo.<\/p>\n","protected":false},"excerpt":{"rendered":"<p>Capa para iPhone 13 fabricada em TPU, com um design abstrato que apresenta vibrantes linhas de cores sobre um fundo preto. Este acess\u00f3rio destaca-se pelo seu acabamento suave e flex\u00edvel, que n\u00e3o s\u00f3 protege o dispositivo de choques e riscos, como tamb\u00e9m lhe confere um toque din\u00e2mico e moderno. As intensas tonalidades e o padr\u00e3o fluido evocam uma sensa\u00e7\u00e3o de movimento e energia, ideal para quem procura um toque contempor\u00e2neo na sua tecnologia di\u00e1ria.<\/p>\n","protected":false},"featured_media":12309,"template":"","meta":{"_acf_changed":false},"product_brand":[],"product_cat":[685],"product_tag":[],"class_list":{"0":"post-35810","1":"product","2":"type-product","3":"status-publish","4":"has-post-thumbnail","6":"product_cat-capas-para-telemoveis","7":"pa_motivo-resumo","9":"first","10":"instock","11":"shipping-taxable","12":"product-type-simple"},"acf":[],"_links":{"self":[{"href":"https:\/\/olemosaic.com\/pt-pt\/wp-json\/wp\/v2\/product\/35810","targetHints":{"allow":["GET"]}}],"collection":[{"href":"https:\/\/olemosaic.com\/pt-pt\/wp-json\/wp\/v2\/product"}],"about":[{"href":"https:\/\/olemosaic.com\/pt-pt\/wp-json\/wp\/v2\/types\/product"}],"wp:featuredmedia":[{"embeddable":true,"href":"https:\/\/olemosaic.com\/pt-pt\/wp-json\/wp\/v2\/media\/12309"}],"wp:attachment":[{"href":"https:\/\/olemosaic.com\/pt-pt\/wp-json\/wp\/v2\/media?parent=35810"}],"wp:term":[{"taxonomy":"product_brand","embeddable":true,"href":"https:\/\/olemosaic.com\/pt-pt\/wp-json\/wp\/v2\/product_brand?post=35810"},{"taxonomy":"product_cat","embeddable":true,"href":"https:\/\/olemosaic.com\/pt-pt\/wp-json\/wp\/v2\/product_cat?post=35810"},{"taxonomy":"product_tag","embeddable":true,"href":"https:\/\/olemosaic.com\/pt-pt\/wp-json\/wp\/v2\/product_tag?post=35810"}],"curies":[{"name":"wp","href":"https:\/\/api.w.org\/{rel}","templated":true}]}}