{"id":35809,"date":"2025-02-20T22:35:12","date_gmt":"2025-02-20T22:35:12","guid":{"rendered":"http:\/\/olemosaic.com\/producto\/funda-de-telefono-para-iphone-12-promax-tpu-panoramica-barcelona-azul\/"},"modified":"2025-07-25T19:19:22","modified_gmt":"2025-07-25T17:19:22","slug":"capa-de-telemovel-para-iphone-12-pro-max-tpu-panoramica-barcelona-azul","status":"publish","type":"product","link":"https:\/\/olemosaic.com\/pt-pt\/produto\/capa-de-telemovel-para-iphone-12-pro-max-tpu-panoramica-barcelona-azul\/","title":{"rendered":"Capa de telem\u00f3vel para iPhone 12 Pro Max (TPU). Panor\u00e2mica. Barcelona. Azul"},"content":{"rendered":"<p>Capa para iPhone 12 Pro Max com uma vibrante panor\u00e2mica de Barcelona, perfeita para quem deseja levar um pedacinho da cidade condal para todo o lado. Esta capa, elaborada em TPU de alta qualidade, garante a prote\u00e7\u00e3o do dispositivo enquanto o seu design atraente e colorido destaca a ic\u00f3nica Sagrada Fam\u00edlia em todo o seu esplendor, rodeada de elementos mediterr\u00e2nicos que evocam a ess\u00eancia de Barcelona. Os tons alaranjados quentes da famosa bas\u00edlica contrastam com um c\u00e9u azul radiante, real\u00e7ando a vitalidade e o esp\u00edrito festivo da cidade.<\/p>\n<p>O sol brilhante e as gaivotas em voo conferem um toque l\u00fadico, transformando este acess\u00f3rio n\u00e3o apenas numa capa, mas numa aut\u00eantica recorda\u00e7\u00e3o de Barcelona que captura a beleza e a cultura da regi\u00e3o. O texto &#8220;Barcelona&#8221;, apresentado de forma chamativa, destaca-se e proporciona car\u00e1cter \u00e0 pe\u00e7a, tornando-a um presente perfeito para turistas e amantes desta cidade fascinante. Na Ol\u00e9 Mosaic, somos especialistas na distribui\u00e7\u00e3o de recorda\u00e7\u00f5es de alta qualidade, e esta capa de telem\u00f3vel representa uma excelente op\u00e7\u00e3o para lojas de presentes tur\u00edsticos que procuram oferecer produtos aut\u00eanticos e carregados de significado cultural. Com a nossa oferta de capas de telem\u00f3vel por grosso, garantimos autenticidade, design atraente e relev\u00e2ncia cultural em cada produto.<\/p>\n","protected":false},"excerpt":{"rendered":"<p>Capa para iPhone 12 Pro Max fabricada em TPU, que apresenta uma colorida panor\u00e2mica de Barcelona. O design inclui a emblem\u00e1tica Sagrada Fam\u00edlia, acompanhada de elementos mediterr\u00e2nicos e um atraente c\u00e9u azul. Esta capa destaca-se pelo seu estilo vibrante e descontra\u00eddo, com um sol brilhante e gaivotas em voo, ideal para os amantes da cidade. O texto &#8220;Barcelona&#8221; \u00e9 exibido de forma chamativa, conferindo um toque distintivo e alegre.<\/p>\n","protected":false},"featured_media":12268,"template":"","meta":{"_acf_changed":false},"product_brand":[],"product_cat":[685],"product_tag":[],"class_list":{"0":"post-35809","1":"product","2":"type-product","3":"status-publish","4":"has-post-thumbnail","6":"product_cat-capas-para-telemoveis","7":"pa_ciudad-barcelona","8":"pa_motivo-panoramas","9":"pa_pais-espana","11":"first","12":"instock","13":"shipping-taxable","14":"product-type-simple"},"acf":[],"_links":{"self":[{"href":"https:\/\/olemosaic.com\/pt-pt\/wp-json\/wp\/v2\/product\/35809","targetHints":{"allow":["GET"]}}],"collection":[{"href":"https:\/\/olemosaic.com\/pt-pt\/wp-json\/wp\/v2\/product"}],"about":[{"href":"https:\/\/olemosaic.com\/pt-pt\/wp-json\/wp\/v2\/types\/product"}],"wp:featuredmedia":[{"embeddable":true,"href":"https:\/\/olemosaic.com\/pt-pt\/wp-json\/wp\/v2\/media\/12268"}],"wp:attachment":[{"href":"https:\/\/olemosaic.com\/pt-pt\/wp-json\/wp\/v2\/media?parent=35809"}],"wp:term":[{"taxonomy":"product_brand","embeddable":true,"href":"https:\/\/olemosaic.com\/pt-pt\/wp-json\/wp\/v2\/product_brand?post=35809"},{"taxonomy":"product_cat","embeddable":true,"href":"https:\/\/olemosaic.com\/pt-pt\/wp-json\/wp\/v2\/product_cat?post=35809"},{"taxonomy":"product_tag","embeddable":true,"href":"https:\/\/olemosaic.com\/pt-pt\/wp-json\/wp\/v2\/product_tag?post=35809"}],"curies":[{"name":"wp","href":"https:\/\/api.w.org\/{rel}","templated":true}]}}