{"id":35786,"date":"2025-02-20T22:35:12","date_gmt":"2025-02-20T22:35:12","guid":{"rendered":"http:\/\/olemosaic.com\/producto\/funda-de-telefono-para-iphone-12-promax-tpu-punt-de-trobada-barcelona-blanco\/"},"modified":"2025-07-25T19:04:43","modified_gmt":"2025-07-25T17:04:43","slug":"capa-de-telemovel-para-iphone-12-promax-tpu-punt-de-trobada-barcelona-branco","status":"publish","type":"product","link":"https:\/\/olemosaic.com\/pt-pt\/produto\/capa-de-telemovel-para-iphone-12-promax-tpu-punt-de-trobada-barcelona-branco\/","title":{"rendered":"Capa de telem\u00f3vel para iPhone 12 Pro Max (TPU). Punt de trobada. Barcelona. Branco"},"content":{"rendered":"<p>Capa para iPhone 12 Pro Max com o vibrante design &#8220;Punt de trobada&#8221;, inspirado na obra do genial arquiteto Antoni Gaud\u00ed em Barcelona. Este acess\u00f3rio de TPU, acess\u00edvel e elegante, n\u00e3o s\u00f3 protege o seu dispositivo, como tamb\u00e9m se destaca pelo seu design colorido e art\u00edstico. O fundo branco real\u00e7a os mosaicos em tons de vermelho, amarelo, verde e azul, criando uma composi\u00e7\u00e3o visual cativante que combina linhas abstratas e formas org\u00e2nicas, caracter\u00edsticas do modernismo catal\u00e3o.<\/p>\n<p>A parte inferior da capa tem impressa a palavra &#8220;Barcelona&#8221;, sublinhando a sua liga\u00e7\u00e3o com a rica heran\u00e7a cultural da cidade. Este souvenir n\u00e3o \u00e9 apenas uma pe\u00e7a funcional; \u00e9 uma celebra\u00e7\u00e3o da arte e da hist\u00f3ria de Barcelona, que capta a ess\u00eancia do seu vibrante ambiente e da sua ic\u00f3nica arquitetura. Perfeita para quem procura um toque de criatividade e cultura no seu dia a dia, esta capa \u00e9 ideal tanto para turistas como para locais, tornando-se um presente significativo e aut\u00eantico.<\/p>\n<p>Na Ol\u00e9 Mosaic especializamo-nos na distribui\u00e7\u00e3o de souvenirs por grosso, e esta capa para iPhone \u00e9 uma excelente op\u00e7\u00e3o para lojas de recorda\u00e7\u00f5es que desejem oferecer produtos representativos e de qualidade. Leve um fragmento de Barcelona para a vida quotidiana, fazendo desta capa um companheiro ideal para quem aprecia o design e o artesanato aut\u00eantico.<\/p>\n","protected":false},"excerpt":{"rendered":"<p>Capa de telem\u00f3vel para iPhone 12 Pro Max de TPU, decorada com o colorido design &#8220;Punt de trobada&#8221;, inspirado na obra de Gaud\u00ed em Barcelona. Este acess\u00f3rio, com fundo branco, real\u00e7a os vibrantes mosaicos em tons de vermelho, amarelo, verde e azul, combinados com linhas e formas abstratas. A palavra &#8220;Barcelona&#8221; est\u00e1 impressa na base, destacando a liga\u00e7\u00e3o com a cidade e o seu patrim\u00f3nio art\u00edstico. Ideal para quem deseja proteger o seu dispositivo com um toque de criatividade e cultura.<\/p>\n","protected":false},"featured_media":12260,"template":"","meta":{"_acf_changed":false},"product_brand":[],"product_cat":[685],"product_tag":[],"class_list":{"0":"post-35786","1":"product","2":"type-product","3":"status-publish","4":"has-post-thumbnail","6":"product_cat-capas-para-telemoveis","7":"pa_ciudad-barcelona","8":"pa_motivo-punt-de-trobada","9":"pa_pais-espana","11":"first","12":"instock","13":"shipping-taxable","14":"product-type-simple"},"acf":[],"_links":{"self":[{"href":"https:\/\/olemosaic.com\/pt-pt\/wp-json\/wp\/v2\/product\/35786","targetHints":{"allow":["GET"]}}],"collection":[{"href":"https:\/\/olemosaic.com\/pt-pt\/wp-json\/wp\/v2\/product"}],"about":[{"href":"https:\/\/olemosaic.com\/pt-pt\/wp-json\/wp\/v2\/types\/product"}],"wp:featuredmedia":[{"embeddable":true,"href":"https:\/\/olemosaic.com\/pt-pt\/wp-json\/wp\/v2\/media\/12260"}],"wp:attachment":[{"href":"https:\/\/olemosaic.com\/pt-pt\/wp-json\/wp\/v2\/media?parent=35786"}],"wp:term":[{"taxonomy":"product_brand","embeddable":true,"href":"https:\/\/olemosaic.com\/pt-pt\/wp-json\/wp\/v2\/product_brand?post=35786"},{"taxonomy":"product_cat","embeddable":true,"href":"https:\/\/olemosaic.com\/pt-pt\/wp-json\/wp\/v2\/product_cat?post=35786"},{"taxonomy":"product_tag","embeddable":true,"href":"https:\/\/olemosaic.com\/pt-pt\/wp-json\/wp\/v2\/product_tag?post=35786"}],"curies":[{"name":"wp","href":"https:\/\/api.w.org\/{rel}","templated":true}]}}