{"id":35785,"date":"2025-02-20T22:35:12","date_gmt":"2025-02-20T22:35:12","guid":{"rendered":"http:\/\/olemosaic.com\/producto\/funda-de-telefono-para-iphone-12-promax-tpu-panoramica-barcelona-blanco\/"},"modified":"2025-07-25T21:05:07","modified_gmt":"2025-07-25T19:05:07","slug":"capa-de-telemovel-para-iphone-12-promax-tpu-panoramica-barcelona-branco","status":"publish","type":"product","link":"https:\/\/olemosaic.com\/pt-pt\/produto\/capa-de-telemovel-para-iphone-12-promax-tpu-panoramica-barcelona-branco\/","title":{"rendered":"Capa de telem\u00f3vel para iPhone 12 Pro Max (TPU). Panor\u00e2mica. Barcelona. Branco"},"content":{"rendered":"<p>Capa para iPhone 12 Pro Max com uma vibrante panor\u00e2mica de Barcelona, fabricada em TPU e concebida para unir estilo e prote\u00e7\u00e3o. Este atraente acess\u00f3rio apresenta um colorido mosaico que capta a ess\u00eancia art\u00edstica da cidade, destacando a emblem\u00e1tica Sagrada Fam\u00edlia juntamente com outros monumentos ic\u00f3nicos de Barcelona. A ilustra\u00e7\u00e3o destaca-se sobre um fundo branco, real\u00e7ando os intensos tons de vermelho, verde, amarelo e azul, o que cria um efeito visual impactante e alegre.<\/p>\n<p>A Sagrada Fam\u00edlia, com as suas majestosas torres e fachadas detalhadas, torna-se o foco de aten\u00e7\u00e3o, simbolizando a rica heran\u00e7a cultural e arquitet\u00f3nica de Barcelona. Juntamente com ela, outros elementos representativos combinam-se na perfei\u00e7\u00e3o para oferecer uma representa\u00e7\u00e3o completa da cidade. Este design n\u00e3o s\u00f3 embeleza o telem\u00f3vel, como tamb\u00e9m o transforma numa aut\u00eantica obra de arte m\u00f3vel, ideal para os amantes da cultura catal\u00e3.<\/p>\n<p>A Ol\u00e9 Mosaic orgulha-se de oferecer souvenirs aut\u00eanticos que encapsulam a magia e o car\u00e1cter de cada regi\u00e3o. Esta capa de telem\u00f3vel \u00e9 uma excelente op\u00e7\u00e3o para quem procura souvenirs de Barcelona e tamb\u00e9m um presente \u00fanico e significativo. Sabemos que os turistas valorizam produtos que reflitam a identidade cultural do seu destino, e esta capa \u00e9 a escolha ideal para lojas de presentes tur\u00edsticos que procuram oferecer artigos de qualidade e relev\u00e2ncia cultural. Como grossistas de produtos aut\u00eanticos, garantimos que cada pe\u00e7a cumpre os padr\u00f5es mais elevados de design e artesanato.<\/p>\n","protected":false},"excerpt":{"rendered":"<p>Capa para iPhone 12 Pro Max, fabricada em TPU, com uma vibrante panor\u00e2mica de Barcelona. O design destaca a emblem\u00e1tica Sagrada Fam\u00edlia e outros monumentos, representados num mosaico colorido que capta a ess\u00eancia art\u00edstica da cidade. Sobre um fundo branco, ressaltam os brilhantes tons de vermelho, verde, amarelo e azul. Esta capa n\u00e3o s\u00f3 protege o seu dispositivo, como tamb\u00e9m o transforma numa obra de arte m\u00f3vel, ideal para os amantes da cultura catal\u00e3.<\/p>\n","protected":false},"featured_media":12261,"template":"","meta":{"_acf_changed":false},"product_brand":[],"product_cat":[685],"product_tag":[],"class_list":{"0":"post-35785","1":"product","2":"type-product","3":"status-publish","4":"has-post-thumbnail","6":"product_cat-capas-para-telemoveis","7":"pa_ciudad-barcelona","8":"pa_motivo-panoramas","9":"pa_pais-espana","11":"first","12":"instock","13":"shipping-taxable","14":"product-type-simple"},"acf":[],"_links":{"self":[{"href":"https:\/\/olemosaic.com\/pt-pt\/wp-json\/wp\/v2\/product\/35785","targetHints":{"allow":["GET"]}}],"collection":[{"href":"https:\/\/olemosaic.com\/pt-pt\/wp-json\/wp\/v2\/product"}],"about":[{"href":"https:\/\/olemosaic.com\/pt-pt\/wp-json\/wp\/v2\/types\/product"}],"wp:featuredmedia":[{"embeddable":true,"href":"https:\/\/olemosaic.com\/pt-pt\/wp-json\/wp\/v2\/media\/12261"}],"wp:attachment":[{"href":"https:\/\/olemosaic.com\/pt-pt\/wp-json\/wp\/v2\/media?parent=35785"}],"wp:term":[{"taxonomy":"product_brand","embeddable":true,"href":"https:\/\/olemosaic.com\/pt-pt\/wp-json\/wp\/v2\/product_brand?post=35785"},{"taxonomy":"product_cat","embeddable":true,"href":"https:\/\/olemosaic.com\/pt-pt\/wp-json\/wp\/v2\/product_cat?post=35785"},{"taxonomy":"product_tag","embeddable":true,"href":"https:\/\/olemosaic.com\/pt-pt\/wp-json\/wp\/v2\/product_tag?post=35785"}],"curies":[{"name":"wp","href":"https:\/\/api.w.org\/{rel}","templated":true}]}}