{"id":35784,"date":"2025-02-20T22:35:11","date_gmt":"2025-02-20T22:35:11","guid":{"rendered":"http:\/\/olemosaic.com\/producto\/funda-de-telefono-para-iphone-12-promax-tpu-mosaico-blanco\/"},"modified":"2025-07-25T18:57:39","modified_gmt":"2025-07-25T16:57:39","slug":"capa-de-telemovel-para-iphone-12-promax-tpu-mosaico-branco","status":"publish","type":"product","link":"https:\/\/olemosaic.com\/pt-pt\/produto\/capa-de-telemovel-para-iphone-12-promax-tpu-mosaico-branco\/","title":{"rendered":"Capa de telem\u00f3vel para iPhone 12 Pro Max (TPU). Mosaico. Branco"},"content":{"rendered":"<p>Capa para iPhone 12 Pro Max com um design vibrante de mosaico, elaborada em TPU de alta qualidade. Esta capa \u00e9 uma aut\u00eantica homenagem \u00e0 rica tradi\u00e7\u00e3o decorativa da cer\u00e2mica espanhola, caracterizada pelos seus intrincados motivos geom\u00e9tricos e florais, que apresentam uma paleta de cores vivas em tons de azul, vermelho, laranja e branco. A superf\u00edcie da capa est\u00e1 meticulosamente adornada com uma rede de padr\u00f5es que evocam a arte dos mosaicos hist\u00f3ricos que podem ser encontrados em diversos cantos de Espanha, refletindo tanto o engenho art\u00edstico como a heran\u00e7a cultural da regi\u00e3o.<\/p>\n<p>Concebida para oferecer uma prote\u00e7\u00e3o eficaz contra choques e riscos, esta capa n\u00e3o s\u00f3 protege o seu dispositivo, como tamb\u00e9m lhe confere um estilo \u00fanico e colorido, ideal para quem deseja destacar o seu telem\u00f3vel com um toque de cultura. O seu design ergon\u00f3mico garante um ajuste perfeito, permitindo um acesso f\u00e1cil a todos os bot\u00f5es e portas. Na Ol\u00e9 Mosaic, compreendemos a import\u00e2ncia dos souvenirs que representam autenticamente a identidade cultural, e esta capa de telem\u00f3vel afirma-se como uma excelente op\u00e7\u00e3o para turistas e amantes da est\u00e9tica espanhola. \u00c9 um souvenir ideal para quem procura uma recorda\u00e7\u00e3o pr\u00e1tica e cheia de significado, fazendo de cada chamada ou mensagem uma lembran\u00e7a do vibrante patrim\u00f3nio de Espanha. Como grossista de artigos de presente, este produto \u00e9 perfeito para lojas que desejam oferecer aos seus clientes recorda\u00e7\u00f5es aut\u00eanticas e representativas da cultura local.<\/p>\n","protected":false},"excerpt":{"rendered":"<p>Capa para iPhone 12 Pro Max de TPU, adornada com um vibrante design de mosaico. A superf\u00edcie apresenta uma variedade de motivos geom\u00e9tricos e florais em tons de azul, vermelho, laranja e branco, evocando a tradi\u00e7\u00e3o decorativa da cer\u00e2mica espanhola. Este modelo combina estilo e prote\u00e7\u00e3o, ideal para quem procura destacar o seu dispositivo com um toque de cor e cultura, ao mesmo tempo que protege o telem\u00f3vel de choques e riscos.<\/p>\n","protected":false},"featured_media":13001,"template":"","meta":{"_acf_changed":false},"product_brand":[],"product_cat":[685],"product_tag":[],"class_list":{"0":"post-35784","1":"product","2":"type-product","3":"status-publish","4":"has-post-thumbnail","6":"product_cat-capas-para-telemoveis","7":"pa_motivo-mosaico","9":"first","10":"instock","11":"shipping-taxable","12":"product-type-simple"},"acf":[],"_links":{"self":[{"href":"https:\/\/olemosaic.com\/pt-pt\/wp-json\/wp\/v2\/product\/35784","targetHints":{"allow":["GET"]}}],"collection":[{"href":"https:\/\/olemosaic.com\/pt-pt\/wp-json\/wp\/v2\/product"}],"about":[{"href":"https:\/\/olemosaic.com\/pt-pt\/wp-json\/wp\/v2\/types\/product"}],"wp:featuredmedia":[{"embeddable":true,"href":"https:\/\/olemosaic.com\/pt-pt\/wp-json\/wp\/v2\/media\/13001"}],"wp:attachment":[{"href":"https:\/\/olemosaic.com\/pt-pt\/wp-json\/wp\/v2\/media?parent=35784"}],"wp:term":[{"taxonomy":"product_brand","embeddable":true,"href":"https:\/\/olemosaic.com\/pt-pt\/wp-json\/wp\/v2\/product_brand?post=35784"},{"taxonomy":"product_cat","embeddable":true,"href":"https:\/\/olemosaic.com\/pt-pt\/wp-json\/wp\/v2\/product_cat?post=35784"},{"taxonomy":"product_tag","embeddable":true,"href":"https:\/\/olemosaic.com\/pt-pt\/wp-json\/wp\/v2\/product_tag?post=35784"}],"curies":[{"name":"wp","href":"https:\/\/api.w.org\/{rel}","templated":true}]}}