{"id":35751,"date":"2025-02-20T22:35:10","date_gmt":"2025-02-20T22:35:10","guid":{"rendered":"http:\/\/olemosaic.com\/producto\/funda-de-telefono-para-iphone-12-pro-tpu-salamandra-mallorca-blanco\/"},"modified":"2025-07-25T18:59:16","modified_gmt":"2025-07-25T16:59:16","slug":"capa-de-telemovel-para-iphone-12-pro-tpu-salamandra-maiorca-branco","status":"publish","type":"product","link":"https:\/\/olemosaic.com\/pt-pt\/produto\/capa-de-telemovel-para-iphone-12-pro-tpu-salamandra-maiorca-branco\/","title":{"rendered":"Capa de telem\u00f3vel para iPhone 12 Pro (TPU). Salamandra. Maiorca. Branco"},"content":{"rendered":"<p>Capa para iPhone 12 Pro inspirada na vibrante cultura de Maiorca, fabricada em TPU de alta qualidade. Este design exclusivo apresenta uma ilustra\u00e7\u00e3o colorida de salamandras rodeadas de flores numa paleta de vermelhos, verdes e azuis que evocam a rica flora da ilha. O fundo, com um mosaico branco que recorda os tradicionais azulejos maiorquinos, real\u00e7a a beleza das salamandras, oferecendo um contraste visual atraente e moderno. A palavra &#8220;Mallorca&#8221; est\u00e1 elegantemente impressa num estilo din\u00e2mico, adicionando um toque contempor\u00e2neo que far\u00e1 com que o seu dispositivo se destaque.<\/p>\n<p>Este produto n\u00e3o s\u00f3 oferece uma prote\u00e7\u00e3o s\u00f3lida para o seu iPhone 12 Pro, como tamb\u00e9m \u00e9 uma recorda\u00e7\u00e3o tang\u00edvel da beleza e do esp\u00edrito de Maiorca, tornando-se uma recorda\u00e7\u00e3o perfeita para quem visitou ou sonha com a ilha. A salamandra, s\u00edmbolo de transforma\u00e7\u00e3o e adaptabilidade, real\u00e7a a liga\u00e7\u00e3o cultural e natural que este design celebra. Na Ol\u00e9 Mosaic, como l\u00edderes na distribui\u00e7\u00e3o de recorda\u00e7\u00f5es aut\u00eanticas e reconhecidas, garantimos que esta capa \u00e9 uma excelente op\u00e7\u00e3o para lojas de presentes tur\u00edsticos que procuram produtos \u00fanicos e cheios de significado. Com esta capa, os turistas levar\u00e3o consigo um peda\u00e7o de Maiorca, tornando-a a escolha ideal para quem deseje recordar a sua visita a esta famosa ilha mediterr\u00e2nica.<\/p>\n","protected":false},"excerpt":{"rendered":"<p>Capa para iPhone 12 Pro fabricada em TPU, decorada com uma vibrante ilustra\u00e7\u00e3o de salamandras num design inspirado em Maiorca. A est\u00e9tica completa-se com um fundo de mosaico branco que real\u00e7a as coloridas salamandras e as flores em tons de vermelho, verde e azul. A palavra &#8220;Mallorca&#8221; est\u00e1 impressa com um estilo din\u00e2mico que adiciona um toque moderno, ideal para quem quer levar um peda\u00e7o desta bela ilha no seu telem\u00f3vel.<\/p>\n","protected":false},"featured_media":12914,"template":"","meta":{"_acf_changed":false},"product_brand":[],"product_cat":[685],"product_tag":[516],"class_list":{"0":"post-35751","1":"product","2":"type-product","3":"status-publish","4":"has-post-thumbnail","6":"product_cat-capas-para-telemoveis","7":"product_tag-animais","8":"pa_ciudad-mallorca","9":"pa_motivo-salamandras","10":"pa_pais-espana","12":"first","13":"instock","14":"shipping-taxable","15":"product-type-simple"},"acf":[],"_links":{"self":[{"href":"https:\/\/olemosaic.com\/pt-pt\/wp-json\/wp\/v2\/product\/35751","targetHints":{"allow":["GET"]}}],"collection":[{"href":"https:\/\/olemosaic.com\/pt-pt\/wp-json\/wp\/v2\/product"}],"about":[{"href":"https:\/\/olemosaic.com\/pt-pt\/wp-json\/wp\/v2\/types\/product"}],"wp:featuredmedia":[{"embeddable":true,"href":"https:\/\/olemosaic.com\/pt-pt\/wp-json\/wp\/v2\/media\/12914"}],"wp:attachment":[{"href":"https:\/\/olemosaic.com\/pt-pt\/wp-json\/wp\/v2\/media?parent=35751"}],"wp:term":[{"taxonomy":"product_brand","embeddable":true,"href":"https:\/\/olemosaic.com\/pt-pt\/wp-json\/wp\/v2\/product_brand?post=35751"},{"taxonomy":"product_cat","embeddable":true,"href":"https:\/\/olemosaic.com\/pt-pt\/wp-json\/wp\/v2\/product_cat?post=35751"},{"taxonomy":"product_tag","embeddable":true,"href":"https:\/\/olemosaic.com\/pt-pt\/wp-json\/wp\/v2\/product_tag?post=35751"}],"curies":[{"name":"wp","href":"https:\/\/api.w.org\/{rel}","templated":true}]}}