{"id":35749,"date":"2025-02-20T23:35:10","date_gmt":"2025-02-20T22:35:10","guid":{"rendered":"http:\/\/olemosaic.com\/producto\/funda-de-telefono-para-iphone-12-pro-tpu-abstracto-negro-2\/"},"modified":"2025-07-25T20:19:21","modified_gmt":"2025-07-25T18:19:21","slug":"capa-de-telemovel-para-iphone-12-pro-tpu-abstrato-preto-2","status":"publish","type":"product","link":"https:\/\/olemosaic.com\/pt-pt\/produto\/capa-de-telemovel-para-iphone-12-pro-tpu-abstrato-preto-2\/","title":{"rendered":"Capa de telem\u00f3vel para iPhone 12 Pro (TPU). Abstrato. Estilo moderno. Preto"},"content":{"rendered":"<p>Capa para iPhone 12 Pro com um design abstrato de linhas luminosas sobre fundo preto, numa vibrante paleta de cores. Esta capa de TPU de alta qualidade \u00e9 o complemento ideal para proteger o seu dispositivo e dar-lhe um toque moderno e distintivo. O design apresenta linhas fluidas e brilhantes que se entrela\u00e7am num jogo de cores en\u00e9rgicas, desde vermelhos intensos at\u00e9 verdes vibrantes, criando uma atmosfera din\u00e2mica e contempor\u00e2nea.<\/p>\n<p>Al\u00e9m do seu aspeto chamativo, esta capa oferece uma prote\u00e7\u00e3o robusta contra impactos e quedas, assegurando a integridade do seu iPhone 12 Pro. O seu material TPU \u00e9 flex\u00edvel e leve, permitindo um f\u00e1cil acesso a todos os bot\u00f5es e portas, o que torna a experi\u00eancia de utiliza\u00e7\u00e3o confort\u00e1vel e funcional. Este produto \u00e9 uma recorda\u00e7\u00e3o perfeita para quem procura um acess\u00f3rio tecnol\u00f3gico que seja pr\u00e1tico e uma afirma\u00e7\u00e3o de estilo pessoal.<\/p>\n<p>Na Ol\u00e9 Mosaic, especializamo-nos na distribui\u00e7\u00e3o de artigos de alta qualidade para o mercado tur\u00edstico, e esta capa \u00e9 uma excelente op\u00e7\u00e3o para lojas de presentes que desejem oferecer produtos aut\u00eanticos e contempor\u00e2neos. Com esta recorda\u00e7\u00e3o, os turistas poder\u00e3o levar um peda\u00e7o de arte moderna que celebra a inova\u00e7\u00e3o e a criatividade no design, tornando-o um presente perfeito que destaca a ess\u00eancia da sua viagem.<\/p>\n","protected":false},"excerpt":{"rendered":"<p>Capa para iPhone 12 Pro fabricada em TPU de alta qualidade. Apresenta um design abstrato com linhas luminosas e uma vibrante paleta de cores sobre um fundo preto. Este acess\u00f3rio combina est\u00e9tica moderna e funcionalidade, protegendo o seu dispositivo e adicionando um toque de estilo \u00fanico. Perfeita para quem procura um acess\u00f3rio que reflita a sua personalidade din\u00e2mica e contempor\u00e2nea.<\/p>\n","protected":false},"featured_media":12255,"template":"","meta":{"_acf_changed":false},"product_brand":[],"product_cat":[685],"product_tag":[],"class_list":{"0":"post-35749","1":"product","2":"type-product","3":"status-publish","4":"has-post-thumbnail","6":"product_cat-capas-para-telemoveis","7":"pa_motivo-resumo","9":"first","10":"instock","11":"shipping-taxable","12":"product-type-simple"},"acf":[],"_links":{"self":[{"href":"https:\/\/olemosaic.com\/pt-pt\/wp-json\/wp\/v2\/product\/35749","targetHints":{"allow":["GET"]}}],"collection":[{"href":"https:\/\/olemosaic.com\/pt-pt\/wp-json\/wp\/v2\/product"}],"about":[{"href":"https:\/\/olemosaic.com\/pt-pt\/wp-json\/wp\/v2\/types\/product"}],"wp:featuredmedia":[{"embeddable":true,"href":"https:\/\/olemosaic.com\/pt-pt\/wp-json\/wp\/v2\/media\/12255"}],"wp:attachment":[{"href":"https:\/\/olemosaic.com\/pt-pt\/wp-json\/wp\/v2\/media?parent=35749"}],"wp:term":[{"taxonomy":"product_brand","embeddable":true,"href":"https:\/\/olemosaic.com\/pt-pt\/wp-json\/wp\/v2\/product_brand?post=35749"},{"taxonomy":"product_cat","embeddable":true,"href":"https:\/\/olemosaic.com\/pt-pt\/wp-json\/wp\/v2\/product_cat?post=35749"},{"taxonomy":"product_tag","embeddable":true,"href":"https:\/\/olemosaic.com\/pt-pt\/wp-json\/wp\/v2\/product_tag?post=35749"}],"curies":[{"name":"wp","href":"https:\/\/api.w.org\/{rel}","templated":true}]}}