{"id":35745,"date":"2025-02-20T22:35:09","date_gmt":"2025-02-20T22:35:09","guid":{"rendered":"http:\/\/olemosaic.com\/producto\/funda-de-telefono-para-iphone-12-pro-tpu-punt-de-trobada-barcelona-blanco\/"},"modified":"2025-07-25T18:47:34","modified_gmt":"2025-07-25T16:47:34","slug":"capa-para-telemovel-para-iphone-12-pro-tpu-punt-de-trobada-barcelona-branco","status":"publish","type":"product","link":"https:\/\/olemosaic.com\/pt-pt\/produto\/capa-para-telemovel-para-iphone-12-pro-tpu-punt-de-trobada-barcelona-branco\/","title":{"rendered":"Capa para telem\u00f3vel para iPhone 12 Pro (TPU). Punt de trobada. Barcelona. Branco"},"content":{"rendered":"<p>Capa para iPhone 12 Pro com o ic\u00f3nico design &#8220;Punt de trobada&#8221; de Barcelona. Esta pe\u00e7a \u00fanica \u00e9 fabricada em TPU, um material leve e resistente que oferece uma excelente prote\u00e7\u00e3o para o seu dispositivo. O colorido design de mosaico apresenta uma vibrante composi\u00e7\u00e3o de formas redondas e geom\u00e9tricas em vermelho, verde, amarelo e azul, sobre um fundo branco, real\u00e7ando a criatividade e o estilo inovador caracter\u00edstico da arquitetura modernista da cidade.<\/p>\n<p>Inspirada na ess\u00eancia de Barcelona, esta capa n\u00e3o \u00e9 apenas um acess\u00f3rio protetor, mas tamb\u00e9m uma declara\u00e7\u00e3o art\u00edstica. Os motivos geom\u00e9tricos e as cores vivas evocam a obra de arquitetos como Antoni Gaud\u00ed, cuja influ\u00eancia na cidade \u00e9 inconfund\u00edvel. A palavra &#8220;Barcelona&#8221; est\u00e1 elegantemente situada na parte inferior, sublinhando a sua liga\u00e7\u00e3o com a cidade. Al\u00e9m de ser funcional, este souvenir \u00e9 uma representa\u00e7\u00e3o aut\u00eantica da cultura e da arte da regi\u00e3o, tornando-se uma excelente op\u00e7\u00e3o para turistas que desejam levar um peda\u00e7o da rica heran\u00e7a catal\u00e3.<\/p>\n<p>Na Ol\u00e9 Mosaic, somos distribuidores de capas de telem\u00f3vel por grosso, oferecendo produtos que combinam estilo e funcionalidade. Esta capa \u00e9 o complemento perfeito para aquelas lojas que procuram souvenirs de Barcelona aut\u00eanticos e contempor\u00e2neos. Leve consigo uma recorda\u00e7\u00e3o representativa e art\u00edstica desta maravilhosa cidade com cada capa &#8220;Punt de trobada&#8221;.<\/p>\n","protected":false},"excerpt":{"rendered":"<p>Capa para iPhone 12 Pro fabricada em TPU, adornada com o emblem\u00e1tico design &#8220;Punt de trobada&#8221; de Barcelona. Apresenta uma colorida composi\u00e7\u00e3o de mosaico com formas redondas e geom\u00e9tricas em vermelho, verde, amarelo e azul sobre um fundo branco. Esta capa leve e resistente n\u00e3o s\u00f3 protege o seu dispositivo, como tamb\u00e9m presta homenagem \u00e0 criatividade da arquitetura modernista da cidade, com um toque art\u00edstico e contempor\u00e2neo que a faz destacar.<\/p>\n","protected":false},"featured_media":12239,"template":"","meta":{"_acf_changed":false},"product_brand":[],"product_cat":[685],"product_tag":[],"class_list":{"0":"post-35745","1":"product","2":"type-product","3":"status-publish","4":"has-post-thumbnail","6":"product_cat-capas-para-telemoveis","7":"pa_ciudad-barcelona","8":"pa_motivo-punt-de-trobada","9":"pa_pais-espana","11":"first","12":"instock","13":"shipping-taxable","14":"product-type-simple"},"acf":[],"_links":{"self":[{"href":"https:\/\/olemosaic.com\/pt-pt\/wp-json\/wp\/v2\/product\/35745","targetHints":{"allow":["GET"]}}],"collection":[{"href":"https:\/\/olemosaic.com\/pt-pt\/wp-json\/wp\/v2\/product"}],"about":[{"href":"https:\/\/olemosaic.com\/pt-pt\/wp-json\/wp\/v2\/types\/product"}],"wp:featuredmedia":[{"embeddable":true,"href":"https:\/\/olemosaic.com\/pt-pt\/wp-json\/wp\/v2\/media\/12239"}],"wp:attachment":[{"href":"https:\/\/olemosaic.com\/pt-pt\/wp-json\/wp\/v2\/media?parent=35745"}],"wp:term":[{"taxonomy":"product_brand","embeddable":true,"href":"https:\/\/olemosaic.com\/pt-pt\/wp-json\/wp\/v2\/product_brand?post=35745"},{"taxonomy":"product_cat","embeddable":true,"href":"https:\/\/olemosaic.com\/pt-pt\/wp-json\/wp\/v2\/product_cat?post=35745"},{"taxonomy":"product_tag","embeddable":true,"href":"https:\/\/olemosaic.com\/pt-pt\/wp-json\/wp\/v2\/product_tag?post=35745"}],"curies":[{"name":"wp","href":"https:\/\/api.w.org\/{rel}","templated":true}]}}