{"id":35744,"date":"2025-02-20T23:35:09","date_gmt":"2025-02-20T22:35:09","guid":{"rendered":"http:\/\/olemosaic.com\/producto\/funda-de-telefono-para-iphone-12-pro-tpu-abstracto-verde-2\/"},"modified":"2025-07-25T20:30:13","modified_gmt":"2025-07-25T18:30:13","slug":"capa-para-telemovel-para-iphone-12-pro-tpu-abstrato-verde-2","status":"publish","type":"product","link":"https:\/\/olemosaic.com\/pt-pt\/produto\/capa-para-telemovel-para-iphone-12-pro-tpu-abstrato-verde-2\/","title":{"rendered":"Capa para telem\u00f3vel para iPhone 12 Pro (TPU). Abstrato. Mosaico. Verde"},"content":{"rendered":"<p>Capa para iPhone 12 Pro com um vibrante design de mosaico. Esta atraente capa, fabricada em TPU, apresenta um padr\u00e3o abstrato que evoca a riqueza da arte musiva mediterr\u00e2nica. As suas cores predominantes, que incluem verdes, azuis, laranjas e creme, combinam-se harmoniosamente, criando um efeito visual impactante que n\u00e3o passa despercebido. Cada pe\u00e7a do design recorda a intrincada t\u00e9cnica do mosaico, um legado art\u00edstico presente na cultura mediterr\u00e2nica h\u00e1 s\u00e9culos, refletindo a habilidade e criatividade dos artes\u00e3os locais.<\/p>\n<p>A capa n\u00e3o s\u00f3 protege o seu dispositivo de pancadas e riscos, como tamb\u00e9m adiciona um toque distintivo e art\u00edstico ao seu estilo di\u00e1rio. A sua fabrica\u00e7\u00e3o em TPU proporciona flexibilidade e durabilidade, assegurando uma longa vida \u00fatil. \u00c9 ideal para turistas que procuram uma recorda\u00e7\u00e3o \u00fanica que combine funcionalidade e est\u00e9tica, tornando-se um souvenir representativo da sua experi\u00eancia mediterr\u00e2nica.<\/p>\n<p>Na Ol\u00e9 Mosaic, somos especialistas na distribui\u00e7\u00e3o de souvenirs por grosso, e esta capa de telem\u00f3vel posiciona-se como uma excelente op\u00e7\u00e3o para lojas de presentes tur\u00edsticos que desejam oferecer produtos aut\u00eanticos e de qualidade. Com esta capa de mosaico vibrante, os seus clientes poder\u00e3o levar consigo uma pe\u00e7a do patrim\u00f3nio cultural mediterr\u00e2nico de forma pr\u00e1tica e elegante, real\u00e7ando a sua originalidade como um souvenir distintivo.<\/p>\n","protected":false},"excerpt":{"rendered":"<p>Capa para iPhone 12 Pro de TPU com um design abstrato que evoca um mosaico vibrante. Combina tons verdes, azuis, laranjas e creme, criando um atraente padr\u00e3o geom\u00e9trico que chama a aten\u00e7\u00e3o. Esta capa n\u00e3o s\u00f3 protege o seu dispositivo, como tamb\u00e9m adiciona um toque art\u00edstico, tornando-o numa pe\u00e7a \u00fanica que reflete a rica heran\u00e7a cultural mediterr\u00e2nica. Ideal para quem procura estilo e funcionalidade.<\/p>\n","protected":false},"featured_media":12243,"template":"","meta":{"_acf_changed":false},"product_brand":[],"product_cat":[685],"product_tag":[],"class_list":{"0":"post-35744","1":"product","2":"type-product","3":"status-publish","4":"has-post-thumbnail","6":"product_cat-capas-para-telemoveis","7":"pa_motivo-resumo","9":"first","10":"instock","11":"shipping-taxable","12":"product-type-simple"},"acf":[],"_links":{"self":[{"href":"https:\/\/olemosaic.com\/pt-pt\/wp-json\/wp\/v2\/product\/35744","targetHints":{"allow":["GET"]}}],"collection":[{"href":"https:\/\/olemosaic.com\/pt-pt\/wp-json\/wp\/v2\/product"}],"about":[{"href":"https:\/\/olemosaic.com\/pt-pt\/wp-json\/wp\/v2\/types\/product"}],"wp:featuredmedia":[{"embeddable":true,"href":"https:\/\/olemosaic.com\/pt-pt\/wp-json\/wp\/v2\/media\/12243"}],"wp:attachment":[{"href":"https:\/\/olemosaic.com\/pt-pt\/wp-json\/wp\/v2\/media?parent=35744"}],"wp:term":[{"taxonomy":"product_brand","embeddable":true,"href":"https:\/\/olemosaic.com\/pt-pt\/wp-json\/wp\/v2\/product_brand?post=35744"},{"taxonomy":"product_cat","embeddable":true,"href":"https:\/\/olemosaic.com\/pt-pt\/wp-json\/wp\/v2\/product_cat?post=35744"},{"taxonomy":"product_tag","embeddable":true,"href":"https:\/\/olemosaic.com\/pt-pt\/wp-json\/wp\/v2\/product_tag?post=35744"}],"curies":[{"name":"wp","href":"https:\/\/api.w.org\/{rel}","templated":true}]}}