{"id":35733,"date":"2025-02-20T22:35:09","date_gmt":"2025-02-20T22:35:09","guid":{"rendered":"http:\/\/olemosaic.com\/producto\/funda-de-telefono-para-iphone-12-pro-tpu-mosaico-barcelona-blanco\/"},"modified":"2025-07-25T19:13:49","modified_gmt":"2025-07-25T17:13:49","slug":"capa-de-telemovel-para-iphone-12-pro-tpu-mosaico-barcelona-branco","status":"publish","type":"product","link":"https:\/\/olemosaic.com\/pt-pt\/produto\/capa-de-telemovel-para-iphone-12-pro-tpu-mosaico-barcelona-branco\/","title":{"rendered":"Capa de telem\u00f3vel para iPhone 12 Pro (TPU). Mosaico. Barcelona. Branco"},"content":{"rendered":"<p>Capa para iPhone 12 Pro com design de mosaico de Barcelona<\/p>\n<p>Descubra esta capa para iPhone 12 Pro, uma pe\u00e7a que funde funcionalidade e arte, com um design vibrante de mosaico inspirado na arquitetura barcelonesa. Fabricada em TPU de alta qualidade, esta capa n\u00e3o s\u00f3 protege o seu dispositivo de golpes e quedas, como o transforma numa aut\u00eantica obra de arte. O design apresenta uma rica am\u00e1lgama de cores, predominantemente azul, vermelho e laranja, evocando os emblem\u00e1ticos trencad\u00eds de Gaud\u00ed, uma t\u00e9cnica que se tornou s\u00edmbolo da cidade. Com um acabamento brilhante, a palavra \u201cBarcelona\u201d destaca-se elegantemente, tornando esta capa o souvenir perfeito para quem procura levar um peda\u00e7o da cultura catal\u00e3 para todo o lado.<\/p>\n<p>Este acess\u00f3rio n\u00e3o s\u00f3 reflete a exuberante est\u00e9tica de Barcelona, como tamb\u00e9m a sua rica hist\u00f3ria e patrim\u00f3nio art\u00edstico. Ideal para os turistas que desejam recordar a sua visita a esta maravilhosa cidade, esta capa \u00e9 um presente ideal que funde utilidade e estilo. Na Ol\u00e9 Mosaic, como distribuidores de produtos culturais por grosso, oferecemos uma sele\u00e7\u00e3o de souvenirs aut\u00eanticos que capturam a ess\u00eancia de cada regi\u00e3o. Esta capa de mosaico \u00e9, sem d\u00favida, uma excelente op\u00e7\u00e3o para qualquer loja que procure oferecer produtos de qualidade e relevantes para os seus clientes interessados em recorda\u00e7\u00f5es representativas de Barcelona.<\/p>\n","protected":false},"excerpt":{"rendered":"<p>Capa para iPhone 12 Pro fabricada em TPU, adornada com um design vibrante de mosaico inspirado na arquitetura barcelonesa. A capa apresenta uma am\u00e1lgama de cores azul, vermelho e laranja, evocando os famosos trencad\u00eds de Gaud\u00ed. Com um acabamento brilhante, a palavra &#8220;Barcelona&#8221; destaca-se elegantemente, tornando este acess\u00f3rio n\u00e3o apenas uma prote\u00e7\u00e3o para o seu dispositivo, mas tamb\u00e9m uma express\u00e3o art\u00edstica da cultura catal\u00e3.<\/p>\n","protected":false},"featured_media":12241,"template":"","meta":{"_acf_changed":false},"product_brand":[],"product_cat":[685],"product_tag":[],"class_list":{"0":"post-35733","1":"product","2":"type-product","3":"status-publish","4":"has-post-thumbnail","6":"product_cat-capas-para-telemoveis","7":"pa_ciudad-barcelona","8":"pa_motivo-mosaico","9":"pa_pais-espana","11":"first","12":"instock","13":"shipping-taxable","14":"product-type-simple"},"acf":[],"_links":{"self":[{"href":"https:\/\/olemosaic.com\/pt-pt\/wp-json\/wp\/v2\/product\/35733","targetHints":{"allow":["GET"]}}],"collection":[{"href":"https:\/\/olemosaic.com\/pt-pt\/wp-json\/wp\/v2\/product"}],"about":[{"href":"https:\/\/olemosaic.com\/pt-pt\/wp-json\/wp\/v2\/types\/product"}],"wp:featuredmedia":[{"embeddable":true,"href":"https:\/\/olemosaic.com\/pt-pt\/wp-json\/wp\/v2\/media\/12241"}],"wp:attachment":[{"href":"https:\/\/olemosaic.com\/pt-pt\/wp-json\/wp\/v2\/media?parent=35733"}],"wp:term":[{"taxonomy":"product_brand","embeddable":true,"href":"https:\/\/olemosaic.com\/pt-pt\/wp-json\/wp\/v2\/product_brand?post=35733"},{"taxonomy":"product_cat","embeddable":true,"href":"https:\/\/olemosaic.com\/pt-pt\/wp-json\/wp\/v2\/product_cat?post=35733"},{"taxonomy":"product_tag","embeddable":true,"href":"https:\/\/olemosaic.com\/pt-pt\/wp-json\/wp\/v2\/product_tag?post=35733"}],"curies":[{"name":"wp","href":"https:\/\/api.w.org\/{rel}","templated":true}]}}