{"id":35732,"date":"2025-02-20T22:35:09","date_gmt":"2025-02-20T22:35:09","guid":{"rendered":"http:\/\/olemosaic.com\/producto\/funda-de-telefono-para-iphone-12-pro-tpu-mosaico-azul\/"},"modified":"2025-07-25T19:06:11","modified_gmt":"2025-07-25T17:06:11","slug":"capa-de-telemovel-para-iphone-12-pro-tpu-mosaico-azul","status":"publish","type":"product","link":"https:\/\/olemosaic.com\/pt-pt\/produto\/capa-de-telemovel-para-iphone-12-pro-tpu-mosaico-azul\/","title":{"rendered":"Capa de telem\u00f3vel para iPhone 12 Pro (TPU). Mosaico. Azul"},"content":{"rendered":"<p>Capa para iPhone 12 Pro com design de mosaico azul.<\/p>\n<p>Esta capa, uma homenagem \u00e0 rica tradi\u00e7\u00e3o da arte do mosaico espanhol, \u00e9 a escolha perfeita para quem deseja proteger o seu iPhone 12 Pro sem renunciar ao estilo. Fabricada em TPU de alta qualidade, destaca-se pelo seu design elegante em tons azuis e brancos que evoca os impressionantes trabalhos do famoso arquiteto Antoni Gaud\u00ed, reconhecido por incorporar mosaicos nas suas obras-primas. A superf\u00edcie lisa da capa proporciona uma excelente prote\u00e7\u00e3o contra golpes e quedas, assegurando que o seu dispositivo mantenha a sua est\u00e9tica e funcionalidade em todos os momentos.<\/p>\n<p>O padr\u00e3o de mosaico, com a sua intrincada disposi\u00e7\u00e3o geom\u00e9trica, n\u00e3o s\u00f3 atrai o olhar, como tamb\u00e9m real\u00e7a a autenticidade cultural da regi\u00e3o, representando a ess\u00eancia do patrim\u00f3nio art\u00edstico espanhol. Este souvenir moderno \u00e9 ideal para turistas que procuram uma forma \u00fanica de recordar a sua viagem, e uma excelente op\u00e7\u00e3o para lojas de presentes tur\u00edsticos que desejem oferecer produtos aut\u00eanticos e contempor\u00e2neos.<\/p>\n<p>Na Ol\u00e9 Mosaic, como grossista especializado em souvenirs de qualidade, garantimos que esta capa n\u00e3o ser\u00e1 apenas um excelente acess\u00f3rio, mas tamb\u00e9m um s\u00edmbolo da riqueza cultural de Espanha. Conquiste os seus clientes com esta impressionante capa que combina arte e prote\u00e7\u00e3o.<\/p>\n","protected":false},"excerpt":{"rendered":"<p>Capa para iPhone 12 Pro fabricada em TPU, decorada com um elegante design de mosaico em tons azuis e brancos. Esta capa destaca-se pelo seu acabamento contempor\u00e2neo que reflete a beleza da arte do mosaico espanhol, evocando os famosos trabalhos de Gaud\u00ed. A sua superf\u00edcie lisa e duradoura proporciona uma excelente prote\u00e7\u00e3o e um acabamento est\u00e9tico, ideal para quem procura combinar estilo e funcionalidade num \u00fanico produto.<\/p>\n","protected":false},"featured_media":12250,"template":"","meta":{"_acf_changed":false},"product_brand":[],"product_cat":[685],"product_tag":[],"class_list":{"0":"post-35732","1":"product","2":"type-product","3":"status-publish","4":"has-post-thumbnail","6":"product_cat-capas-para-telemoveis","7":"pa_motivo-mosaico","9":"first","10":"instock","11":"shipping-taxable","12":"product-type-simple"},"acf":[],"_links":{"self":[{"href":"https:\/\/olemosaic.com\/pt-pt\/wp-json\/wp\/v2\/product\/35732","targetHints":{"allow":["GET"]}}],"collection":[{"href":"https:\/\/olemosaic.com\/pt-pt\/wp-json\/wp\/v2\/product"}],"about":[{"href":"https:\/\/olemosaic.com\/pt-pt\/wp-json\/wp\/v2\/types\/product"}],"wp:featuredmedia":[{"embeddable":true,"href":"https:\/\/olemosaic.com\/pt-pt\/wp-json\/wp\/v2\/media\/12250"}],"wp:attachment":[{"href":"https:\/\/olemosaic.com\/pt-pt\/wp-json\/wp\/v2\/media?parent=35732"}],"wp:term":[{"taxonomy":"product_brand","embeddable":true,"href":"https:\/\/olemosaic.com\/pt-pt\/wp-json\/wp\/v2\/product_brand?post=35732"},{"taxonomy":"product_cat","embeddable":true,"href":"https:\/\/olemosaic.com\/pt-pt\/wp-json\/wp\/v2\/product_cat?post=35732"},{"taxonomy":"product_tag","embeddable":true,"href":"https:\/\/olemosaic.com\/pt-pt\/wp-json\/wp\/v2\/product_tag?post=35732"}],"curies":[{"name":"wp","href":"https:\/\/api.w.org\/{rel}","templated":true}]}}