{"id":35731,"date":"2025-02-20T22:35:08","date_gmt":"2025-02-20T22:35:08","guid":{"rendered":"http:\/\/olemosaic.com\/producto\/funda-de-telefono-para-iphone-12-pro-tpu-gato-mallorca-negro\/"},"modified":"2025-07-25T20:22:00","modified_gmt":"2025-07-25T18:22:00","slug":"capa-de-telemovel-para-iphone-12-pro-tpu-gato-maiorca-preto","status":"publish","type":"product","link":"https:\/\/olemosaic.com\/pt-pt\/produto\/capa-de-telemovel-para-iphone-12-pro-tpu-gato-maiorca-preto\/","title":{"rendered":"Capa de telem\u00f3vel para iPhone 12 Pro (TPU). Gato. Maiorca. Preto"},"content":{"rendered":"<p>Capa para iPhone 12 Pro com design de gato inspirado na m\u00e1gica ilha de Maiorca. Esta capa de TPU, leve e resistente, n\u00e3o s\u00f3 protege eficazmente contra quedas e riscos, como tamb\u00e9m adiciona um toque de cor e personalidade ao seu dispositivo. A ilustra\u00e7\u00e3o apresenta um vibrante mosaico de um gato, que resplandece em tons brilhantes de azul, verde e amarelo, destacando a sua liga\u00e7\u00e3o com o belo ambiente de Maiorca. \u00c0 sua volta, borboletas em tonalidades amarelas e vermelhas voam com gra\u00e7a, criando um efeito visual din\u00e2mico que captura a ess\u00eancia da natureza da ilha. O nome \u00abMallorca\u00bb \u00e9 apresentado numa tipografia branca elegante, real\u00e7ando-se sobre o cativante fundo preto que magnifica o design. Este artigo \u00e9 um presente funcional e, ao mesmo tempo, uma recorda\u00e7\u00e3o aut\u00eantica que encapsula a identidade cultural de Maiorca, ideal para turistas que procuram souvenirs representativos da ilha. Na Ol\u00e9 Mosaic, oferecemos esta capa como parte da nossa sele\u00e7\u00e3o de souvenirs de Maiorca, perfeitos para lojas de presentes tur\u00edsticos que desejem oferecer produtos \u00fanicos e de qualidade. Como grossistas de capas por grosso, garantimos autenticidade e atratividade em cada pe\u00e7a.<\/p>\n","protected":false},"excerpt":{"rendered":"<p>Capa de telem\u00f3vel para iPhone 12 Pro fabricada em TPU, decorada com um design vibrante de um gato. Esta capa, inspirada na ilha de Maiorca, apresenta um estilo mosaico em cores brilhantes, com borboletas amarelas e vermelhas a dan\u00e7ar \u00e0 volta do felino. Destaca-se a palavra \u00abMallorca\u00bb numa tipografia elegante, tudo sobre um fundo preto que real\u00e7a as cores do design, oferecendo uma prote\u00e7\u00e3o estilizada para o seu telem\u00f3vel.<\/p>\n","protected":false},"featured_media":12919,"template":"","meta":{"_acf_changed":false},"product_brand":[],"product_cat":[685],"product_tag":[516],"class_list":{"0":"post-35731","1":"product","2":"type-product","3":"status-publish","4":"has-post-thumbnail","6":"product_cat-capas-para-telemoveis","7":"product_tag-animais","8":"pa_ciudad-mallorca","9":"pa_motivo-gatos","10":"pa_pais-espana","12":"first","13":"instock","14":"shipping-taxable","15":"product-type-simple"},"acf":[],"_links":{"self":[{"href":"https:\/\/olemosaic.com\/pt-pt\/wp-json\/wp\/v2\/product\/35731","targetHints":{"allow":["GET"]}}],"collection":[{"href":"https:\/\/olemosaic.com\/pt-pt\/wp-json\/wp\/v2\/product"}],"about":[{"href":"https:\/\/olemosaic.com\/pt-pt\/wp-json\/wp\/v2\/types\/product"}],"wp:featuredmedia":[{"embeddable":true,"href":"https:\/\/olemosaic.com\/pt-pt\/wp-json\/wp\/v2\/media\/12919"}],"wp:attachment":[{"href":"https:\/\/olemosaic.com\/pt-pt\/wp-json\/wp\/v2\/media?parent=35731"}],"wp:term":[{"taxonomy":"product_brand","embeddable":true,"href":"https:\/\/olemosaic.com\/pt-pt\/wp-json\/wp\/v2\/product_brand?post=35731"},{"taxonomy":"product_cat","embeddable":true,"href":"https:\/\/olemosaic.com\/pt-pt\/wp-json\/wp\/v2\/product_cat?post=35731"},{"taxonomy":"product_tag","embeddable":true,"href":"https:\/\/olemosaic.com\/pt-pt\/wp-json\/wp\/v2\/product_tag?post=35731"}],"curies":[{"name":"wp","href":"https:\/\/api.w.org\/{rel}","templated":true}]}}