{"id":35730,"date":"2025-02-20T22:35:08","date_gmt":"2025-02-20T22:35:08","guid":{"rendered":"http:\/\/olemosaic.com\/producto\/funda-de-telefono-para-iphone-12-pro-tpu-gato-barcelona-blanco\/"},"modified":"2025-07-25T19:51:49","modified_gmt":"2025-07-25T17:51:49","slug":"capa-de-telemovel-para-iphone-12-pro-tpu-gato-barcelona-branco","status":"publish","type":"product","link":"https:\/\/olemosaic.com\/pt-pt\/produto\/capa-de-telemovel-para-iphone-12-pro-tpu-gato-barcelona-branco\/","title":{"rendered":"Capa de telem\u00f3vel para iPhone 12 Pro (TPU). Gato. Barcelona. Branco"},"content":{"rendered":"<p>Capa para iPhone 12 Pro com design de gato em mosaico barcelon\u00eas. Esta capa original, elaborada em TPU de alta qualidade, garante uma excelente prote\u00e7\u00e3o para o seu dispositivo, ao mesmo tempo que lhe confere um toque art\u00edstico e vibrante. O gato colorido, adornado com um mosaico brilhante e rodeado de borboletas, destaca-se sobre um fundo branco que recorda os ic\u00f3nicos azulejos do estilo arquitet\u00f3nico de Antoni Gaud\u00ed. A paleta de cores, com tons intensos de vermelho, azul, amarelo e verde, evoca a diversidade e a criatividade da arte catal\u00e3. Este design n\u00e3o \u00e9 apenas uma homenagem \u00e0 rica heran\u00e7a cultural de Barcelona, mas tamb\u00e9m transforma cada telem\u00f3vel numa obra de arte port\u00e1til. A mistura de formas geom\u00e9tricas e curvas suaves do gato, juntamente com as borboletas dan\u00e7antes, cria uma composi\u00e7\u00e3o que captura a ess\u00eancia l\u00fadica da cidade mais cosmopolita de Espanha. Sem d\u00favida, esta capa \u00e9 um souvenir ideal para turistas que procuram recordar a sua passagem por Barcelona de uma forma funcional e elegante. Na Ol\u00e9 Mosaic, orgulhamo-nos de oferecer produtos aut\u00eanticos que refletem a cultura local, e esta capa \u00e9 uma pe\u00e7a perfeita para lojas de presentes tur\u00edsticos que procuram artigos \u00fanicos e atrativos.<\/p>\n","protected":false},"excerpt":{"rendered":"<p>Capa para iPhone 12 Pro fabricada em TPU, adornada com um design vibrante de um gato em mosaico, inspirado em Barcelona. Este gato colorido, rodeado de borboletas, destaca-se sobre um fundo branco com um padr\u00e3o de azulejos, evocando o estilo arquitet\u00f3nico de Gaud\u00ed. A ilustra\u00e7\u00e3o apresenta uma paleta de cores brilhantes, ideal para adicionar um toque art\u00edstico e exclusivo ao seu dispositivo, ao mesmo tempo que oferece prote\u00e7\u00e3o e funcionalidade.<\/p>\n","protected":false},"featured_media":12237,"template":"","meta":{"_acf_changed":false},"product_brand":[],"product_cat":[685],"product_tag":[516],"class_list":{"0":"post-35730","1":"product","2":"type-product","3":"status-publish","4":"has-post-thumbnail","6":"product_cat-capas-para-telemoveis","7":"product_tag-animais","8":"pa_ciudad-barcelona","9":"pa_motivo-gatos","10":"pa_pais-espana","12":"first","13":"instock","14":"shipping-taxable","15":"product-type-simple"},"acf":[],"_links":{"self":[{"href":"https:\/\/olemosaic.com\/pt-pt\/wp-json\/wp\/v2\/product\/35730","targetHints":{"allow":["GET"]}}],"collection":[{"href":"https:\/\/olemosaic.com\/pt-pt\/wp-json\/wp\/v2\/product"}],"about":[{"href":"https:\/\/olemosaic.com\/pt-pt\/wp-json\/wp\/v2\/types\/product"}],"wp:featuredmedia":[{"embeddable":true,"href":"https:\/\/olemosaic.com\/pt-pt\/wp-json\/wp\/v2\/media\/12237"}],"wp:attachment":[{"href":"https:\/\/olemosaic.com\/pt-pt\/wp-json\/wp\/v2\/media?parent=35730"}],"wp:term":[{"taxonomy":"product_brand","embeddable":true,"href":"https:\/\/olemosaic.com\/pt-pt\/wp-json\/wp\/v2\/product_brand?post=35730"},{"taxonomy":"product_cat","embeddable":true,"href":"https:\/\/olemosaic.com\/pt-pt\/wp-json\/wp\/v2\/product_cat?post=35730"},{"taxonomy":"product_tag","embeddable":true,"href":"https:\/\/olemosaic.com\/pt-pt\/wp-json\/wp\/v2\/product_tag?post=35730"}],"curies":[{"name":"wp","href":"https:\/\/api.w.org\/{rel}","templated":true}]}}