{"id":35717,"date":"2025-02-20T23:35:08","date_gmt":"2025-02-20T22:35:08","guid":{"rendered":"http:\/\/olemosaic.com\/producto\/funda-de-telefono-para-iphone-12-pro-tpu-abstracto-azul-3\/"},"modified":"2025-07-25T20:18:35","modified_gmt":"2025-07-25T18:18:35","slug":"capa-de-telemovel-para-iphone-12-pro-tpu-abstrato-azul-3","status":"publish","type":"product","link":"https:\/\/olemosaic.com\/pt-pt\/produto\/capa-de-telemovel-para-iphone-12-pro-tpu-abstrato-azul-3\/","title":{"rendered":"Capa de telem\u00f3vel para iPhone 12 Pro (TPU). Abstrato. Estilo moderno. Azul"},"content":{"rendered":"<p>Capa de telem\u00f3vel para iPhone 12 Pro<\/p>\n<p>Descubra a nossa exclusiva capa para iPhone 12 Pro, fabricada em TPU, que combina um design abstrato vibrante com uma rica paleta de cores, desde azuis profundos a verdes intensos, com toques de amarelo e vermelho. Este modelo destaca-se pelo seu atraente padr\u00e3o diagonal, que oferece um efeito visual moderno e din\u00e2mico, ideal para quem procura prote\u00e7\u00e3o sem abdicar do estilo. A textura suave e leve do TPU n\u00e3o s\u00f3 protege o seu dispositivo contra choques e riscos, como tamb\u00e9m confere um toque de originalidade e cor ao seu dia a dia. Concebida especificamente para o iPhone 12 Pro, esta capa garante um ajuste perfeito, permitindo um acesso f\u00e1cil a todos os bot\u00f5es e portas.<\/p>\n<p>Com uma liga\u00e7\u00e3o cultural que evoca as festividades coloridas e a vivacidade das cidades espanholas, esta capa \u00e9 um excelente souvenir para turistas que desejam levar um pedacinho da ess\u00eancia de Espanha. Na Ol\u00e9 Mosaic, compreendemos a import\u00e2ncia de oferecer produtos aut\u00eanticos e de qualidade. Esta capa n\u00e3o \u00e9 apenas funcional, mas tamb\u00e9m representa uma fus\u00e3o de arte moderna e tradi\u00e7\u00e3o, o que a torna uma op\u00e7\u00e3o ideal para lojas de recorda\u00e7\u00f5es tur\u00edsticas que procuram acrescentar valor \u00e0 sua oferta. Como grossistas de capas por grosso, garantimos que cada pe\u00e7a reflete um compromisso com o design e o artesanato.<\/p>\n","protected":false},"excerpt":{"rendered":"<p>Capa de telem\u00f3vel para iPhone 12 Pro fabricada em TPU, com um design abstrato que combina uma rica gama de cores, do azul ao verde, culminando em tons de amarelo e vermelho. Este modelo destaca-se pelo seu atraente padr\u00e3o diagonal que oferece um efeito visual vibrante e moderno, ideal para quem procura prote\u00e7\u00e3o sem abdicar do estilo. Confere um toque de cor e originalidade ao seu dispositivo, garantindo que este esteja bem protegido.<\/p>\n","protected":false},"featured_media":12251,"template":"","meta":{"_acf_changed":false},"product_brand":[],"product_cat":[685],"product_tag":[],"class_list":{"0":"post-35717","1":"product","2":"type-product","3":"status-publish","4":"has-post-thumbnail","6":"product_cat-capas-para-telemoveis","7":"pa_motivo-resumo","9":"first","10":"instock","11":"shipping-taxable","12":"product-type-simple"},"acf":[],"_links":{"self":[{"href":"https:\/\/olemosaic.com\/pt-pt\/wp-json\/wp\/v2\/product\/35717","targetHints":{"allow":["GET"]}}],"collection":[{"href":"https:\/\/olemosaic.com\/pt-pt\/wp-json\/wp\/v2\/product"}],"about":[{"href":"https:\/\/olemosaic.com\/pt-pt\/wp-json\/wp\/v2\/types\/product"}],"wp:featuredmedia":[{"embeddable":true,"href":"https:\/\/olemosaic.com\/pt-pt\/wp-json\/wp\/v2\/media\/12251"}],"wp:attachment":[{"href":"https:\/\/olemosaic.com\/pt-pt\/wp-json\/wp\/v2\/media?parent=35717"}],"wp:term":[{"taxonomy":"product_brand","embeddable":true,"href":"https:\/\/olemosaic.com\/pt-pt\/wp-json\/wp\/v2\/product_brand?post=35717"},{"taxonomy":"product_cat","embeddable":true,"href":"https:\/\/olemosaic.com\/pt-pt\/wp-json\/wp\/v2\/product_cat?post=35717"},{"taxonomy":"product_tag","embeddable":true,"href":"https:\/\/olemosaic.com\/pt-pt\/wp-json\/wp\/v2\/product_tag?post=35717"}],"curies":[{"name":"wp","href":"https:\/\/api.w.org\/{rel}","templated":true}]}}