{"id":35716,"date":"2025-02-20T22:35:08","date_gmt":"2025-02-20T22:35:08","guid":{"rendered":"http:\/\/olemosaic.com\/producto\/funda-de-telefono-para-iphone-12-tpu-punt-de-trobada-barcelona-blanco\/"},"modified":"2025-07-25T19:43:54","modified_gmt":"2025-07-25T17:43:54","slug":"capa-de-telemovel-para-iphone-12-tpu-punt-de-trobada-barcelona-branco","status":"publish","type":"product","link":"https:\/\/olemosaic.com\/pt-pt\/produto\/capa-de-telemovel-para-iphone-12-tpu-punt-de-trobada-barcelona-branco\/","title":{"rendered":"Capa de telem\u00f3vel para iPhone 12 (TPU). Punt de trobada. Barcelona. Branco"},"content":{"rendered":"<p>Capa para iPhone 12 inspirada no emblem\u00e1tico &#8220;Punt de trobada&#8221; de Barcelona, com um design vibrante que reflete a ess\u00eancia art\u00edstica da cidade. Fabricada em TPU de alta qualidade, esta capa combina durabilidade e estilo, protegendo o seu dispositivo e conferindo um toque de criatividade ao dia a dia. O seu fundo branco, salpicado de mosaicos coloridos em vermelho, amarelo, verde e azul, enfatiza a alegria e a diversidade cultural que caracterizam Barcelona, gerando uma liga\u00e7\u00e3o imediata com a arte e a arquitetura da cidade.<\/p>\n<p>O design inclui linhas pretas finas que conferem um car\u00e1ter distintivo, destacando a simplicidade e a eleg\u00e2ncia de cada forma e cor. Na parte inferior da capa, o nome &#8220;Barcelona&#8221; aparece impresso num estilo moderno, o que a torna n\u00e3o apenas um acess\u00f3rio pr\u00e1tico, mas tamb\u00e9m uma recorda\u00e7\u00e3o perfeita da rica heran\u00e7a cultural catal\u00e3.<\/p>\n<p>Esta capa \u00e9 um excelente souvenir para quem procura captar a ess\u00eancia de Barcelona num objeto funcional. Na Ol\u00e9 Mosaic, especializados na distribui\u00e7\u00e3o de souvenirs por grosso, oferecemos esta capa de telem\u00f3vel como uma op\u00e7\u00e3o \u00fanica para lojas de recorda\u00e7\u00f5es tur\u00edsticas que desejam oferecer produtos aut\u00eanticos e representativos da cultura espanhola. \u00c9 um presente ideal que combina moda, arte e prote\u00e7\u00e3o para o iPhone 12, tornando-se um item indispens\u00e1vel para turistas e locais que apreciam a est\u00e9tica vibrante da capital catal\u00e3.<\/p>\n","protected":false},"excerpt":{"rendered":"<p>Capa para iPhone 12 fabricada em TPU, com um design vibrante que representa o famoso &#8220;Punt de trobada&#8221; de Barcelona. Este artigo apresenta um fundo branco salpicado de mosaicos coloridos em vermelho, amarelo, verde e azul, com linhas pretas que lhe d\u00e3o um toque distintivo. Na parte inferior, o nome &#8220;Barcelona&#8221; est\u00e1 impresso num estilo moderno, o que torna esta capa uma recorda\u00e7\u00e3o perfeita da criatividade e da arte catal\u00e3.<\/p>\n","protected":false},"featured_media":12219,"template":"","meta":{"_acf_changed":false},"product_brand":[],"product_cat":[685],"product_tag":[],"class_list":{"0":"post-35716","1":"product","2":"type-product","3":"status-publish","4":"has-post-thumbnail","6":"product_cat-capas-para-telemoveis","7":"pa_ciudad-barcelona","8":"pa_motivo-punt-de-trobada","9":"pa_pais-espana","11":"first","12":"instock","13":"shipping-taxable","14":"product-type-simple"},"acf":[],"_links":{"self":[{"href":"https:\/\/olemosaic.com\/pt-pt\/wp-json\/wp\/v2\/product\/35716","targetHints":{"allow":["GET"]}}],"collection":[{"href":"https:\/\/olemosaic.com\/pt-pt\/wp-json\/wp\/v2\/product"}],"about":[{"href":"https:\/\/olemosaic.com\/pt-pt\/wp-json\/wp\/v2\/types\/product"}],"wp:featuredmedia":[{"embeddable":true,"href":"https:\/\/olemosaic.com\/pt-pt\/wp-json\/wp\/v2\/media\/12219"}],"wp:attachment":[{"href":"https:\/\/olemosaic.com\/pt-pt\/wp-json\/wp\/v2\/media?parent=35716"}],"wp:term":[{"taxonomy":"product_brand","embeddable":true,"href":"https:\/\/olemosaic.com\/pt-pt\/wp-json\/wp\/v2\/product_brand?post=35716"},{"taxonomy":"product_cat","embeddable":true,"href":"https:\/\/olemosaic.com\/pt-pt\/wp-json\/wp\/v2\/product_cat?post=35716"},{"taxonomy":"product_tag","embeddable":true,"href":"https:\/\/olemosaic.com\/pt-pt\/wp-json\/wp\/v2\/product_tag?post=35716"}],"curies":[{"name":"wp","href":"https:\/\/api.w.org\/{rel}","templated":true}]}}