{"id":35715,"date":"2025-02-20T22:35:08","date_gmt":"2025-02-20T22:35:08","guid":{"rendered":"http:\/\/olemosaic.com\/producto\/funda-de-telefono-para-iphone-12-tpu-mosaico-barcelona-blanco\/"},"modified":"2025-07-25T19:08:25","modified_gmt":"2025-07-25T17:08:25","slug":"capa-de-telemovel-para-iphone-12-tpu-mosaico-barcelona-branco","status":"publish","type":"product","link":"https:\/\/olemosaic.com\/pt-pt\/produto\/capa-de-telemovel-para-iphone-12-tpu-mosaico-barcelona-branco\/","title":{"rendered":"Capa de telem\u00f3vel para iPhone 12 (TPU). Mosaico. Barcelona. Branco"},"content":{"rendered":"<p>Capa para iPhone 12 com um design vibrante de mosaico barcelon\u00eas. Esta capa, fabricada em TPU, combina perfeitamente estilo e funcionalidade, protegendo o seu dispositivo enquanto o veste com arte catal\u00e3. O seu design atraente apresenta uma sequ\u00eancia colorida de padr\u00f5es em tons de vermelho, azul e laranja, que evocam a rica heran\u00e7a da arte cer\u00e2mica da regi\u00e3o, celebrando a ess\u00eancia da arquitetura modernista que caracteriza esta cidade emblem\u00e1tica. O fundo branco real\u00e7a intensamente as cores do mosaico, transformando o seu telem\u00f3vel numa aut\u00eantica pe\u00e7a de arte.<\/p>\n<p>A inclus\u00e3o do nome &#8220;Barcelona&#8221; na parte inferior refor\u00e7a a sua autenticidade como recorda\u00e7\u00e3o, permitindo-lhe levar um peda\u00e7o desta cidade vibrante. Este produto n\u00e3o \u00e9 apenas uma capa de telem\u00f3vel, mas uma recorda\u00e7\u00e3o representativa de qualquer viagem a Barcelona, ideal para os turistas que procuram um artigo funcional e com um profundo significado cultural. Na Ol\u00e9 Mosaic, somos distribuidores de recorda\u00e7\u00f5es de alta qualidade, e esta capa de mosaico \u00e9 uma excelente escolha para lojas de presentes tur\u00edsticos que desejem oferecer um olhar aut\u00eantico sobre a cultura catal\u00e3. Com esta capa, cada utilizador pode desfrutar da beleza da arte espanhola no seu dia a dia, tornando-a um presente perfeito.<\/p>\n","protected":false},"excerpt":{"rendered":"<p>Capa de telem\u00f3vel para iPhone 12 fabricada em TPU, decorada com um design vibrante de mosaico t\u00edpico de Barcelona. Este modelo apresenta uma variedade de padr\u00f5es coloridos em tons de vermelho, azul e laranja, que representam a riqueza da arte cer\u00e2mica catal\u00e3. Com um acabamento branco que real\u00e7a as cores, a capa n\u00e3o s\u00f3 protege o seu dispositivo, como tamb\u00e9m acrescenta um toque cultural e art\u00edstico. Inclui o nome &#8220;Barcelona&#8221;, o que torna este produto uma recorda\u00e7\u00e3o perfeita para levar um peda\u00e7o da cidade consigo.<\/p>\n","protected":false},"featured_media":12221,"template":"","meta":{"_acf_changed":false},"product_brand":[],"product_cat":[685],"product_tag":[],"class_list":{"0":"post-35715","1":"product","2":"type-product","3":"status-publish","4":"has-post-thumbnail","6":"product_cat-capas-para-telemoveis","7":"pa_ciudad-barcelona","8":"pa_motivo-mosaico","9":"pa_pais-espana","11":"first","12":"instock","13":"shipping-taxable","14":"product-type-simple"},"acf":[],"_links":{"self":[{"href":"https:\/\/olemosaic.com\/pt-pt\/wp-json\/wp\/v2\/product\/35715","targetHints":{"allow":["GET"]}}],"collection":[{"href":"https:\/\/olemosaic.com\/pt-pt\/wp-json\/wp\/v2\/product"}],"about":[{"href":"https:\/\/olemosaic.com\/pt-pt\/wp-json\/wp\/v2\/types\/product"}],"wp:featuredmedia":[{"embeddable":true,"href":"https:\/\/olemosaic.com\/pt-pt\/wp-json\/wp\/v2\/media\/12221"}],"wp:attachment":[{"href":"https:\/\/olemosaic.com\/pt-pt\/wp-json\/wp\/v2\/media?parent=35715"}],"wp:term":[{"taxonomy":"product_brand","embeddable":true,"href":"https:\/\/olemosaic.com\/pt-pt\/wp-json\/wp\/v2\/product_brand?post=35715"},{"taxonomy":"product_cat","embeddable":true,"href":"https:\/\/olemosaic.com\/pt-pt\/wp-json\/wp\/v2\/product_cat?post=35715"},{"taxonomy":"product_tag","embeddable":true,"href":"https:\/\/olemosaic.com\/pt-pt\/wp-json\/wp\/v2\/product_tag?post=35715"}],"curies":[{"name":"wp","href":"https:\/\/api.w.org\/{rel}","templated":true}]}}