{"id":35685,"date":"2025-02-20T22:35:06","date_gmt":"2025-02-20T22:35:06","guid":{"rendered":"http:\/\/olemosaic.com\/producto\/funda-de-telefono-para-iphone-12-tpu-gato-mallorca-blanco\/"},"modified":"2025-07-25T20:28:20","modified_gmt":"2025-07-25T18:28:20","slug":"capa-de-telemovel-para-iphone-12-tpu-gato-maiorca-branco","status":"publish","type":"product","link":"https:\/\/olemosaic.com\/pt-pt\/produto\/capa-de-telemovel-para-iphone-12-tpu-gato-maiorca-branco\/","title":{"rendered":"Capa de telem\u00f3vel para iPhone 12 (TPU). Gato. Maiorca. Branco"},"content":{"rendered":"<p>Capa para iPhone 12 com design de gato estilizado, inspirada na vibrante ilha de Maiorca. Esta capa \u00e9 fabricada em TPU de alta qualidade, o que garante n\u00e3o s\u00f3 uma prote\u00e7\u00e3o ideal para o seu dispositivo, mas tamb\u00e9m um ajuste perfeito e uma sensa\u00e7\u00e3o agrad\u00e1vel ao toque. O design apresenta um mosaico colorido que representa um gato ador\u00e1vel, adornado com uma variedade de borboletas em tons de vermelho, azul e verde. Esta arte evoca a rica tradi\u00e7\u00e3o art\u00edstica de Maiorca, onde a cor e a criatividade se entrela\u00e7am em cada canto. O fundo branco real\u00e7a a vivacidade do motivo, conferindo um toque de frescura e modernidade. Na parte inferior, a palavra &#8220;Maiorca&#8221; est\u00e1 elegantemente impressa, adicionando um toque identificativo que celebra a cultura local.<\/p>\n<p>Este acess\u00f3rio n\u00e3o \u00e9 apenas funcional, mas tamb\u00e9m serve como uma bela recorda\u00e7\u00e3o de Maiorca, ideal para turistas que desejem levar um pedacinho da ilha no seu dia a dia. Na Ol\u00e9 Mosaic, especializamo-nos na distribui\u00e7\u00e3o de recorda\u00e7\u00f5es por grosso, e esta capa \u00e9 uma excelente op\u00e7\u00e3o para lojas de presentes tur\u00edsticos que procuram oferecer produtos aut\u00eanticos e representativos da regi\u00e3o. Com esta capa de gato estilizado, os turistas poder\u00e3o recordar o encanto de Maiorca enquanto cuidam do seu telem\u00f3vel.<\/p>\n","protected":false},"excerpt":{"rendered":"<p>Capa para iPhone 12 fabricada em TPU, decorada com um design colorido de um gato estilizado. Inspirada na bela Maiorca, esta capa combina tons vibrantes como o vermelho, o azul e o verde, num estilo de mosaico que evoca a arte local. O design tamb\u00e9m inclui borboletas de diversas cores, tudo sobre um fundo branco que real\u00e7a a beleza do motivo. Com a palavra &#8220;Maiorca&#8221; impressa, \u00e9 um acess\u00f3rio funcional e elegante.<\/p>\n","protected":false},"featured_media":12909,"template":"","meta":{"_acf_changed":false},"product_brand":[],"product_cat":[685],"product_tag":[516],"class_list":{"0":"post-35685","1":"product","2":"type-product","3":"status-publish","4":"has-post-thumbnail","6":"product_cat-capas-para-telemoveis","7":"product_tag-animais","8":"pa_ciudad-mallorca","9":"pa_motivo-gatos","10":"pa_pais-espana","12":"first","13":"instock","14":"shipping-taxable","15":"product-type-simple"},"acf":[],"_links":{"self":[{"href":"https:\/\/olemosaic.com\/pt-pt\/wp-json\/wp\/v2\/product\/35685","targetHints":{"allow":["GET"]}}],"collection":[{"href":"https:\/\/olemosaic.com\/pt-pt\/wp-json\/wp\/v2\/product"}],"about":[{"href":"https:\/\/olemosaic.com\/pt-pt\/wp-json\/wp\/v2\/types\/product"}],"wp:featuredmedia":[{"embeddable":true,"href":"https:\/\/olemosaic.com\/pt-pt\/wp-json\/wp\/v2\/media\/12909"}],"wp:attachment":[{"href":"https:\/\/olemosaic.com\/pt-pt\/wp-json\/wp\/v2\/media?parent=35685"}],"wp:term":[{"taxonomy":"product_brand","embeddable":true,"href":"https:\/\/olemosaic.com\/pt-pt\/wp-json\/wp\/v2\/product_brand?post=35685"},{"taxonomy":"product_cat","embeddable":true,"href":"https:\/\/olemosaic.com\/pt-pt\/wp-json\/wp\/v2\/product_cat?post=35685"},{"taxonomy":"product_tag","embeddable":true,"href":"https:\/\/olemosaic.com\/pt-pt\/wp-json\/wp\/v2\/product_tag?post=35685"}],"curies":[{"name":"wp","href":"https:\/\/api.w.org\/{rel}","templated":true}]}}