{"id":35677,"date":"2025-02-20T22:35:06","date_gmt":"2025-02-20T22:35:06","guid":{"rendered":"http:\/\/olemosaic.com\/producto\/funda-de-telefono-para-iphone-11-promax-tpu-abstracto-negro\/"},"modified":"2025-07-25T19:14:07","modified_gmt":"2025-07-25T17:14:07","slug":"capa-de-telemovel-para-iphone-11-pro-max-tpu-abstrato-preto","status":"publish","type":"product","link":"https:\/\/olemosaic.com\/pt-pt\/produto\/capa-de-telemovel-para-iphone-11-pro-max-tpu-abstrato-preto\/","title":{"rendered":"Capa de telem\u00f3vel para iPhone 11 Pro Max (TPU). Abstrato. Preto"},"content":{"rendered":"<p>Capa de telem\u00f3vel para iPhone 11 Pro Max com design abstrato e tons vibrantes.<\/p>\n<p>Esta capa para iPhone 11 Pro Max \u00e9 o complemento ideal para quem procura prote\u00e7\u00e3o e estilo. Fabricada em TPU de alta qualidade, oferece uma resist\u00eancia excecional contra golpes e quedas, assegurando a integridade do seu dispositivo. O seu atraente design abstrato apresenta um padr\u00e3o colorido de linhas ondulantes em n\u00e9on sobre um sofisticado fundo preto, criando um efeito visual din\u00e2mico e contempor\u00e2neo.<\/p>\n<p>Cada linha de n\u00e9on dan\u00e7a com intensidade vibrante, transformando o seu telem\u00f3vel numa obra de arte port\u00e1til. Este design n\u00e3o s\u00f3 \u00e9 apelativo, como tamb\u00e9m reflete as tend\u00eancias atuais, tornando a capa num acess\u00f3rio essencial para quem valoriza a fus\u00e3o entre tecnologia e est\u00e9tica.<\/p>\n<p>Ideal para turistas ou residentes que procuram uma recorda\u00e7\u00e3o que combine funcionalidade e criatividade, esta capa representa uma op\u00e7\u00e3o \u00fanica como recorda\u00e7\u00e3o da sua visita a locais com rica cultura art\u00edstica. Na Ol\u00e9 Mosaic, dedicamo-nos a oferecer produtos aut\u00eanticos e de qualidade. Esta capa de telem\u00f3vel \u00e9 uma excelente alternativa para lojas que desejem atrair consumidores em busca de recorda\u00e7\u00f5es inovadoras e representativas. Connosco, obter\u00e1 capas de qualidade por grosso, perfeitas para os seus clientes.<\/p>\n","protected":false},"excerpt":{"rendered":"<p>Capa para iPhone 11 Pro Max fabricada em TPU com um design abstrato em tons vibrantes. Este artigo destaca-se pelo seu colorido padr\u00e3o de linhas onduladas em n\u00e9on sobre um fundo preto, que confere um toque moderno e din\u00e2mico. O seu material TPU assegura uma prote\u00e7\u00e3o eficaz contra golpes e quedas, e o seu design exclusivo torna-a um acess\u00f3rio apelativo e contempor\u00e2neo para qualquer amante de tecnologia e arte.<\/p>\n","protected":false},"featured_media":12214,"template":"","meta":{"_acf_changed":false},"product_brand":[],"product_cat":[685],"product_tag":[],"class_list":{"0":"post-35677","1":"product","2":"type-product","3":"status-publish","4":"has-post-thumbnail","6":"product_cat-capas-para-telemoveis","7":"pa_motivo-resumo","9":"first","10":"instock","11":"shipping-taxable","12":"product-type-simple"},"acf":[],"_links":{"self":[{"href":"https:\/\/olemosaic.com\/pt-pt\/wp-json\/wp\/v2\/product\/35677","targetHints":{"allow":["GET"]}}],"collection":[{"href":"https:\/\/olemosaic.com\/pt-pt\/wp-json\/wp\/v2\/product"}],"about":[{"href":"https:\/\/olemosaic.com\/pt-pt\/wp-json\/wp\/v2\/types\/product"}],"wp:featuredmedia":[{"embeddable":true,"href":"https:\/\/olemosaic.com\/pt-pt\/wp-json\/wp\/v2\/media\/12214"}],"wp:attachment":[{"href":"https:\/\/olemosaic.com\/pt-pt\/wp-json\/wp\/v2\/media?parent=35677"}],"wp:term":[{"taxonomy":"product_brand","embeddable":true,"href":"https:\/\/olemosaic.com\/pt-pt\/wp-json\/wp\/v2\/product_brand?post=35677"},{"taxonomy":"product_cat","embeddable":true,"href":"https:\/\/olemosaic.com\/pt-pt\/wp-json\/wp\/v2\/product_cat?post=35677"},{"taxonomy":"product_tag","embeddable":true,"href":"https:\/\/olemosaic.com\/pt-pt\/wp-json\/wp\/v2\/product_tag?post=35677"}],"curies":[{"name":"wp","href":"https:\/\/api.w.org\/{rel}","templated":true}]}}