{"id":35674,"date":"2025-02-20T22:35:05","date_gmt":"2025-02-20T22:35:05","guid":{"rendered":"http:\/\/olemosaic.com\/producto\/funda-de-telefono-para-iphone-11-promax-tpu-mariposa-mallorca-blanco\/"},"modified":"2025-07-25T20:18:52","modified_gmt":"2025-07-25T18:18:52","slug":"capa-de-telemovel-para-iphone-11-pro-max-tpu-borboleta-maiorca-branco","status":"publish","type":"product","link":"https:\/\/olemosaic.com\/pt-pt\/produto\/capa-de-telemovel-para-iphone-11-pro-max-tpu-borboleta-maiorca-branco\/","title":{"rendered":"Capa de telem\u00f3vel para iPhone 11 Pro Max (TPU). Borboleta. Maiorca. Branco"},"content":{"rendered":"<p>Capa para iPhone 11 Pro Max decorada com borboletas vibrantes que evocam a ess\u00eancia de Maiorca. Este design \u00fanico apresenta borboletas em tons cer\u00faleos, laranjas e rosas que se destacam sobre um fundo branco com efeito mosaico, proporcionando um toque art\u00edstico e alegre, ideal para quem ama a beleza desta prestigiada ilha balear. A palavra &#8220;Mallorca&#8221;, elegantemente impressa na parte inferior, adiciona um detalhe de sofistica\u00e7\u00e3o e liga\u00e7\u00e3o cultural, ideal para quem deseja um acess\u00f3rio que n\u00e3o s\u00f3 proteja o seu dispositivo, mas que tamb\u00e9m preste homenagem \u00e0 rica heran\u00e7a da ilha.<\/p>\n<p>Fabricada em TPU, um material flex\u00edvel e dur\u00e1vel que garante uma excelente prote\u00e7\u00e3o contra golpes e quedas, mantendo o iPhone 11 Pro Max em seguran\u00e7a. O design alegre desta capa \u00e9 um reflexo da vibrante flora e fauna que caracteriza Maiorca, tornando-a uma recorda\u00e7\u00e3o perfeita para turistas ou locais que desejem levar um peda\u00e7o da sua cultura no seu dia a dia. Este acess\u00f3rio, al\u00e9m de ser funcional, estabelece-se como uma recorda\u00e7\u00e3o exclusiva da beleza maiorquina, o que a torna uma excelente op\u00e7\u00e3o para lojas de presentes tur\u00edsticos. Na Ol\u00e9 Mosaic, somos distribuidores de acess\u00f3rios aut\u00eanticos, e esta capa de borboletas real\u00e7a a autenticidade e o valor cultural das recorda\u00e7\u00f5es de Maiorca.<\/p>\n","protected":false},"excerpt":{"rendered":"<p>Capa de telem\u00f3vel para iPhone 11 Pro Max de TPU, adornada com borboletas coloridas que evocam a beleza de Maiorca. Este design apresenta borboletas de vibrantes tons cer\u00faleos, laranjas e rosas sobre um fundo branco com efeito de mosaico, o que lhe d\u00e1 um toque art\u00edstico e alegre. A palavra &#8220;Mallorca&#8221; est\u00e1 elegantemente impressa na parte inferior, fazendo refer\u00eancia \u00e0 ilha balear, ideal para quem quer proteger e dar estilo ao seu telem\u00f3vel com um toque regional.<\/p>\n","protected":false},"featured_media":13389,"template":"","meta":{"_acf_changed":false},"product_brand":[],"product_cat":[685],"product_tag":[516],"class_list":{"0":"post-35674","1":"product","2":"type-product","3":"status-publish","4":"has-post-thumbnail","6":"product_cat-capas-para-telemoveis","7":"product_tag-animais","8":"pa_ciudad-mallorca","9":"pa_motivo-borboletas","10":"pa_pais-espana","12":"first","13":"instock","14":"shipping-taxable","15":"product-type-simple"},"acf":[],"_links":{"self":[{"href":"https:\/\/olemosaic.com\/pt-pt\/wp-json\/wp\/v2\/product\/35674","targetHints":{"allow":["GET"]}}],"collection":[{"href":"https:\/\/olemosaic.com\/pt-pt\/wp-json\/wp\/v2\/product"}],"about":[{"href":"https:\/\/olemosaic.com\/pt-pt\/wp-json\/wp\/v2\/types\/product"}],"wp:featuredmedia":[{"embeddable":true,"href":"https:\/\/olemosaic.com\/pt-pt\/wp-json\/wp\/v2\/media\/13389"}],"wp:attachment":[{"href":"https:\/\/olemosaic.com\/pt-pt\/wp-json\/wp\/v2\/media?parent=35674"}],"wp:term":[{"taxonomy":"product_brand","embeddable":true,"href":"https:\/\/olemosaic.com\/pt-pt\/wp-json\/wp\/v2\/product_brand?post=35674"},{"taxonomy":"product_cat","embeddable":true,"href":"https:\/\/olemosaic.com\/pt-pt\/wp-json\/wp\/v2\/product_cat?post=35674"},{"taxonomy":"product_tag","embeddable":true,"href":"https:\/\/olemosaic.com\/pt-pt\/wp-json\/wp\/v2\/product_tag?post=35674"}],"curies":[{"name":"wp","href":"https:\/\/api.w.org\/{rel}","templated":true}]}}