{"id":35673,"date":"2025-02-20T22:35:05","date_gmt":"2025-02-20T22:35:05","guid":{"rendered":"http:\/\/olemosaic.com\/producto\/funda-de-telefono-para-iphone-11-promax-tpu-salamandra-negro\/"},"modified":"2025-07-25T19:21:55","modified_gmt":"2025-07-25T17:21:55","slug":"capa-de-telemovel-para-iphone-11-promax-tpu-salamandra-preto","status":"publish","type":"product","link":"https:\/\/olemosaic.com\/pt-pt\/produto\/capa-de-telemovel-para-iphone-11-promax-tpu-salamandra-preto\/","title":{"rendered":"Capa de telem\u00f3vel para iPhone 11 Pro Max (TPU). Salamandra. Preto"},"content":{"rendered":"<p>Capa para iPhone 11 Pro Max decorada com ilustra\u00e7\u00f5es vibrantes de salamandras. Esta capa, elaborada em TPU de alta qualidade, n\u00e3o s\u00f3 protege eficazmente o seu dispositivo, como tamb\u00e9m se destaca por um design art\u00edstico que reflete o folclore e a natureza mediterr\u00e2nica. As salamandras, representadas em tons de vermelho, verde e azul, entrela\u00e7am-se com flores de cores brilhantes, criando um contraste cativante sobre um elegante fundo preto. Este design n\u00e3o s\u00f3 confere um toque distintivo, como tamb\u00e9m simboliza a riqueza da biodiversidade do Mediterr\u00e2neo, onde as salamandras s\u00e3o animais emblem\u00e1ticos que evocam a liga\u00e7\u00e3o com a terra.<\/p>\n<p>A fus\u00e3o de arte e funcionalidade torna esta capa uma escolha perfeita para quem procura personalizar o seu telem\u00f3vel com um produto aut\u00eantico e culturalmente significativo. Na Ol\u00e9 Mosaic distribu\u00edmos recorda\u00e7\u00f5es representativas da cultura mediterr\u00e2nica, e esta capa \u00e9 uma excelente op\u00e7\u00e3o para lojas de presentes tur\u00edsticos que desejem oferecer produtos \u00fanicos. Al\u00e9m disso, o seu design colorido torna-a uma recorda\u00e7\u00e3o ideal, que capta a ess\u00eancia da regi\u00e3o e proporciona aos turistas uma lembran\u00e7a memor\u00e1vel da sua visita. Como grossistas de acess\u00f3rios, garantimos qualidade e autenticidade em cada pe\u00e7a, assegurando a satisfa\u00e7\u00e3o dos nossos clientes e dos seus compradores.<\/p>\n","protected":false},"excerpt":{"rendered":"<p>Capa de telem\u00f3vel para iPhone 11 Pro Max fabricada em TPU, decorada com ilustra\u00e7\u00f5es vibrantes de salamandras em vermelho, verde e azul. O design, inspirado no folclore e na natureza mediterr\u00e2nica, acrescenta um toque art\u00edstico \u00e0 prote\u00e7\u00e3o do seu dispositivo. As salamandras est\u00e3o rodeadas de flores em tons brilhantes, sobre um fundo preto que real\u00e7a as cores. Uma op\u00e7\u00e3o perfeita para quem procura personalizar o seu telem\u00f3vel com um elemento distintivo e cultural.<\/p>\n","protected":false},"featured_media":12996,"template":"","meta":{"_acf_changed":false},"product_brand":[],"product_cat":[685],"product_tag":[516],"class_list":{"0":"post-35673","1":"product","2":"type-product","3":"status-publish","4":"has-post-thumbnail","6":"product_cat-capas-para-telemoveis","7":"product_tag-animais","8":"pa_motivo-salamandras","10":"first","11":"instock","12":"shipping-taxable","13":"product-type-simple"},"acf":[],"_links":{"self":[{"href":"https:\/\/olemosaic.com\/pt-pt\/wp-json\/wp\/v2\/product\/35673","targetHints":{"allow":["GET"]}}],"collection":[{"href":"https:\/\/olemosaic.com\/pt-pt\/wp-json\/wp\/v2\/product"}],"about":[{"href":"https:\/\/olemosaic.com\/pt-pt\/wp-json\/wp\/v2\/types\/product"}],"wp:featuredmedia":[{"embeddable":true,"href":"https:\/\/olemosaic.com\/pt-pt\/wp-json\/wp\/v2\/media\/12996"}],"wp:attachment":[{"href":"https:\/\/olemosaic.com\/pt-pt\/wp-json\/wp\/v2\/media?parent=35673"}],"wp:term":[{"taxonomy":"product_brand","embeddable":true,"href":"https:\/\/olemosaic.com\/pt-pt\/wp-json\/wp\/v2\/product_brand?post=35673"},{"taxonomy":"product_cat","embeddable":true,"href":"https:\/\/olemosaic.com\/pt-pt\/wp-json\/wp\/v2\/product_cat?post=35673"},{"taxonomy":"product_tag","embeddable":true,"href":"https:\/\/olemosaic.com\/pt-pt\/wp-json\/wp\/v2\/product_tag?post=35673"}],"curies":[{"name":"wp","href":"https:\/\/api.w.org\/{rel}","templated":true}]}}