{"id":35672,"date":"2025-02-20T23:35:04","date_gmt":"2025-02-20T22:35:04","guid":{"rendered":"http:\/\/olemosaic.com\/producto\/funda-de-telefono-para-iphone-11-promax-tpu-motivos-marinos-azul-2\/"},"modified":"2025-07-25T20:18:08","modified_gmt":"2025-07-25T18:18:08","slug":"capa-de-telemovel-para-iphone-11-promax-tpu-motivos-marinhos-estilo-moderno-azul","status":"publish","type":"product","link":"https:\/\/olemosaic.com\/pt-pt\/produto\/capa-de-telemovel-para-iphone-11-promax-tpu-motivos-marinhos-estilo-moderno-azul\/","title":{"rendered":"Capa de telem\u00f3vel para iPhone 11 Pro Max (TPU). Motivos marinhos. Estilo moderno. Azul"},"content":{"rendered":"<p>Capa para iPhone 11 Pro Max com motivos marinhos vibrantes. Esta capa, fabricada em TPU de alta qualidade, oferece uma prote\u00e7\u00e3o elegante e duradoura para o seu dispositivo. O seu design apresenta um belo fundo azul profundo que evoca as majestosas profundidades do oceano, criando um efeito quase hipn\u00f3tico. Adornada com ilustra\u00e7\u00f5es coloridas de golfinhos brincalh\u00f5es, tartarugas marinhas e cavalos-marinhos, a capa transporta-o para um mundo submarino cheio de vida, rodeado de ex\u00f3ticas plantas marinhas.<\/p>\n<p>Os tons brilhantes e os intrincados detalhes em forma de mosaico, caracter\u00edsticos da arte tradicional de regi\u00f5es costeiras, conferem-lhe uma est\u00e9tica alegre e divertida, perfeita para aqueles que procuram destacar o seu dispositivo com um toque estival e fresco. Nesta pe\u00e7a, o uso de um azul vibrante combina-se com as cores vivas da fauna marinha, criando uma representa\u00e7\u00e3o visual que celebra a beleza do litoral.<\/p>\n<p>Este artigo n\u00e3o \u00e9 apenas uma prote\u00e7\u00e3o s\u00f3lida para o seu iPhone 11 Pro Max, mas tamb\u00e9m uma recorda\u00e7\u00e3o aut\u00eantica que liga \u00e0 cultura mar\u00edtima e ao encanto do ver\u00e3o. Ideal para turistas que procuram recorda\u00e7\u00f5es \u00fanicas, esta capa destaca-se como uma excelente op\u00e7\u00e3o dentro das recorda\u00e7\u00f5es tecnol\u00f3gicas da Ol\u00e9 Mosaic, servindo como distribuidor de acess\u00f3rios originais que captam a ess\u00eancia do mar. Perfeita para lojas de presentes tur\u00edsticos que desejem oferecer produtos de qualidade.<\/p>\n","protected":false},"excerpt":{"rendered":"<p>Capa de telem\u00f3vel para iPhone 11 Pro Max fabricada em TPU com motivos marinhos vibrantes. Este design apresenta um belo fundo azul que evoca as profundidades do oceano, adornado com ilustra\u00e7\u00f5es coloridas de golfinhos, tartarugas e cavalos-marinhos a nadar entre plantas marinhas. Os seus tons brilhantes e detalhes em forma de mosaico criam uma est\u00e9tica alegre e divertida, perfeita para quem procura destacar o seu dispositivo com um toque estival e fresco.<\/p>\n","protected":false},"featured_media":12203,"template":"","meta":{"_acf_changed":false},"product_brand":[],"product_cat":[685],"product_tag":[516],"class_list":{"0":"post-35672","1":"product","2":"type-product","3":"status-publish","4":"has-post-thumbnail","6":"product_cat-capas-para-telemoveis","7":"product_tag-animais","8":"pa_motivo-animais-marinhos","10":"first","11":"instock","12":"shipping-taxable","13":"product-type-simple"},"acf":[],"_links":{"self":[{"href":"https:\/\/olemosaic.com\/pt-pt\/wp-json\/wp\/v2\/product\/35672","targetHints":{"allow":["GET"]}}],"collection":[{"href":"https:\/\/olemosaic.com\/pt-pt\/wp-json\/wp\/v2\/product"}],"about":[{"href":"https:\/\/olemosaic.com\/pt-pt\/wp-json\/wp\/v2\/types\/product"}],"wp:featuredmedia":[{"embeddable":true,"href":"https:\/\/olemosaic.com\/pt-pt\/wp-json\/wp\/v2\/media\/12203"}],"wp:attachment":[{"href":"https:\/\/olemosaic.com\/pt-pt\/wp-json\/wp\/v2\/media?parent=35672"}],"wp:term":[{"taxonomy":"product_brand","embeddable":true,"href":"https:\/\/olemosaic.com\/pt-pt\/wp-json\/wp\/v2\/product_brand?post=35672"},{"taxonomy":"product_cat","embeddable":true,"href":"https:\/\/olemosaic.com\/pt-pt\/wp-json\/wp\/v2\/product_cat?post=35672"},{"taxonomy":"product_tag","embeddable":true,"href":"https:\/\/olemosaic.com\/pt-pt\/wp-json\/wp\/v2\/product_tag?post=35672"}],"curies":[{"name":"wp","href":"https:\/\/api.w.org\/{rel}","templated":true}]}}