{"id":35671,"date":"2025-02-20T22:35:04","date_gmt":"2025-02-20T22:35:04","guid":{"rendered":"http:\/\/olemosaic.com\/producto\/funda-de-telefono-para-iphone-11-promax-tpu-motivos-marinos-azul\/"},"modified":"2025-07-25T19:24:23","modified_gmt":"2025-07-25T17:24:23","slug":"capa-de-telemovel-para-iphone-11-promax-tpu-motivos-marinhos-azul","status":"publish","type":"product","link":"https:\/\/olemosaic.com\/pt-pt\/produto\/capa-de-telemovel-para-iphone-11-promax-tpu-motivos-marinhos-azul\/","title":{"rendered":"Capa de telem\u00f3vel para iPhone 11 Pro Max (TPU). Motivos marinhos. Azul"},"content":{"rendered":"<p>Capa para iPhone 11 Pro Max com vibrantes motivos marinhos de Maiorca. Esta capa, fabricada em TPU, capta a ess\u00eancia do Mediterr\u00e2neo com uma colorida cena submarina que inclui peixes, tartarugas e cavalos-marinhos, tudo sobre um cativante fundo azul profundo que real\u00e7a a riqueza e diversidade da vida marinha da ilha. O design apresenta um mosaico em tons quentes na parte inferior, complementado com a inscri\u00e7\u00e3o &#8220;Mallorca&#8221;, o que a torna uma escolha ideal para os amantes do oceano e da cultura mediterr\u00e2nica.<\/p>\n<p>A capa oferece uma combina\u00e7\u00e3o perfeita de prote\u00e7\u00e3o e estilo, gra\u00e7as ao seu material flex\u00edvel que absorve impactos, garantindo que o dispositivo esteja resguardado de quedas e riscos. Este objeto n\u00e3o \u00e9 apenas um acess\u00f3rio funcional, mas tamb\u00e9m uma requintada recorda\u00e7\u00e3o que rememora a beleza natural de Maiorca, um destino sonhado pelos turistas. Sendo um produto representativo da cultura local, posiciona-se como um presente ideal para quem deseja levar consigo um peda\u00e7o desta maravilhosa ilha no seu dia a dia.<\/p>\n<p>Na Ol\u00e9 Mosaic, distribu\u00edmos recorda\u00e7\u00f5es de Maiorca por todo o mundo, tornando produtos como esta capa de iPhone acess\u00edveis para todas as lojas de presentes tur\u00edsticos que procuram recorda\u00e7\u00f5es aut\u00eanticas da cultura espanhola. Al\u00e9m disso, como grossistas de acess\u00f3rios m\u00f3veis, garantimos a qualidade e a originalidade em cada uma das nossas pe\u00e7as, assegurando que cada cliente encontre o presente perfeito.<\/p>\n","protected":false},"excerpt":{"rendered":"<p>Capa para iPhone 11 Pro Max, fabricada em TPU, adornada com motivos marinhos que evocam a beleza das \u00e1guas de Maiorca. O design apresenta uma colorida cena submarina com peixes, tartarugas e cavalos-marinhos, tudo sobre um fundo azul profundo que ressalta a riqueza da vida marinha. A parte inferior inclui um mosaico em tons quentes com a inscri\u00e7\u00e3o &#8220;Mallorca&#8221;, tornando esta capa a escolha ideal para amantes do mar e da cultura mediterr\u00e2nica.<\/p>\n","protected":false},"featured_media":13390,"template":"","meta":{"_acf_changed":false},"product_brand":[],"product_cat":[685],"product_tag":[516],"class_list":{"0":"post-35671","1":"product","2":"type-product","3":"status-publish","4":"has-post-thumbnail","6":"product_cat-capas-para-telemoveis","7":"product_tag-animais","8":"pa_ciudad-mallorca","9":"pa_motivo-animais-marinhos","10":"pa_pais-espana","12":"first","13":"instock","14":"shipping-taxable","15":"product-type-simple"},"acf":[],"_links":{"self":[{"href":"https:\/\/olemosaic.com\/pt-pt\/wp-json\/wp\/v2\/product\/35671","targetHints":{"allow":["GET"]}}],"collection":[{"href":"https:\/\/olemosaic.com\/pt-pt\/wp-json\/wp\/v2\/product"}],"about":[{"href":"https:\/\/olemosaic.com\/pt-pt\/wp-json\/wp\/v2\/types\/product"}],"wp:featuredmedia":[{"embeddable":true,"href":"https:\/\/olemosaic.com\/pt-pt\/wp-json\/wp\/v2\/media\/13390"}],"wp:attachment":[{"href":"https:\/\/olemosaic.com\/pt-pt\/wp-json\/wp\/v2\/media?parent=35671"}],"wp:term":[{"taxonomy":"product_brand","embeddable":true,"href":"https:\/\/olemosaic.com\/pt-pt\/wp-json\/wp\/v2\/product_brand?post=35671"},{"taxonomy":"product_cat","embeddable":true,"href":"https:\/\/olemosaic.com\/pt-pt\/wp-json\/wp\/v2\/product_cat?post=35671"},{"taxonomy":"product_tag","embeddable":true,"href":"https:\/\/olemosaic.com\/pt-pt\/wp-json\/wp\/v2\/product_tag?post=35671"}],"curies":[{"name":"wp","href":"https:\/\/api.w.org\/{rel}","templated":true}]}}