{"id":35670,"date":"2025-02-20T22:35:04","date_gmt":"2025-02-20T22:35:04","guid":{"rendered":"http:\/\/olemosaic.com\/producto\/funda-de-telefono-para-iphone-11-promax-tpu-gato-barcelona-blanco\/"},"modified":"2025-07-25T19:19:06","modified_gmt":"2025-07-25T17:19:06","slug":"capa-de-telemovel-para-iphone-11-promax-tpu-gato-barcelona-branco","status":"publish","type":"product","link":"https:\/\/olemosaic.com\/pt-pt\/produto\/capa-de-telemovel-para-iphone-11-promax-tpu-gato-barcelona-branco\/","title":{"rendered":"Capa de telem\u00f3vel para iPhone 11 Pro Max (TPU). Gato. Barcelona. Branco"},"content":{"rendered":"<p>Capa para iPhone 11 Pro Max com um design vibrante de um gato em mosaico que capta a ess\u00eancia art\u00edstica de Barcelona. Esta impressionante capa, fabricada em TPU (um material resistente e flex\u00edvel), proporciona uma excelente prote\u00e7\u00e3o contra choques e quedas. O design destaca um gato elaborado com um mosaico vibrante de cores vermelho, amarelo, azul e verde, que real\u00e7a a criatividade caracter\u00edstica da cidade. Sobre um fundo branco, que simula uma textura de cer\u00e2mica partida, situam-se borboletas multicoloridas, conferindo um toque de vida e movimento que complementa a tem\u00e1tica do mosaico.<\/p>\n<p>O nome &#8220;Barcelona&#8221; est\u00e1 elegantemente impresso na parte inferior, acrescentando um toque pessoal que recorda aos utilizadores o seu v\u00ednculo com esta maravilhosa cidade. Esta capa n\u00e3o \u00e9 apenas um acess\u00f3rio funcional, mas tamb\u00e9m uma recorda\u00e7\u00e3o significativa que reflete a rica heran\u00e7a cultural de Barcelona, famosa pela sua arte e arquitetura modernista, representada aqui atrav\u00e9s de um design contempor\u00e2neo que atrai a aten\u00e7\u00e3o.<\/p>\n<p>Na Ol\u00e9 Mosaic, especializamo-nos na distribui\u00e7\u00e3o de recorda\u00e7\u00f5es por grosso que captam a ess\u00eancia de cada destino. Esta capa de telem\u00f3vel \u00e9 ideal para turistas que procuram uma recorda\u00e7\u00e3o distintiva de Barcelona e uma excelente op\u00e7\u00e3o para as lojas de presentes tur\u00edsticos que desejam oferecer produtos aut\u00eanticos e atrativos. Com a nossa variedade de chap\u00e9us e acess\u00f3rios por grosso, asseguramos qualidade e design em cada pe\u00e7a, perfeitos para quem procura recorda\u00e7\u00f5es memor\u00e1veis.<\/p>\n","protected":false},"excerpt":{"rendered":"<p>Capa para iPhone 11 Pro Max fabricada em TPU, decorada com um design vibrante de um gato em mosaico que evoca a arte de Barcelona. A capa apresenta cores chamativas como vermelho, amarelo, azul e verde, juntamente com borboletas multicoloridas sobre um fundo branco com textura de cer\u00e2mica partida. Com o nome &#8220;Barcelona&#8221; impresso, esta capa alia estilo e prote\u00e7\u00e3o, refletindo a ess\u00eancia art\u00edstica da cidade num acess\u00f3rio pr\u00e1tico e atrativo.<\/p>\n","protected":false},"featured_media":12196,"template":"","meta":{"_acf_changed":false},"product_brand":[],"product_cat":[685],"product_tag":[516],"class_list":{"0":"post-35670","1":"product","2":"type-product","3":"status-publish","4":"has-post-thumbnail","6":"product_cat-capas-para-telemoveis","7":"product_tag-animais","8":"pa_ciudad-barcelona","9":"pa_motivo-gatos","10":"pa_pais-espana","12":"first","13":"instock","14":"shipping-taxable","15":"product-type-simple"},"acf":[],"_links":{"self":[{"href":"https:\/\/olemosaic.com\/pt-pt\/wp-json\/wp\/v2\/product\/35670","targetHints":{"allow":["GET"]}}],"collection":[{"href":"https:\/\/olemosaic.com\/pt-pt\/wp-json\/wp\/v2\/product"}],"about":[{"href":"https:\/\/olemosaic.com\/pt-pt\/wp-json\/wp\/v2\/types\/product"}],"wp:featuredmedia":[{"embeddable":true,"href":"https:\/\/olemosaic.com\/pt-pt\/wp-json\/wp\/v2\/media\/12196"}],"wp:attachment":[{"href":"https:\/\/olemosaic.com\/pt-pt\/wp-json\/wp\/v2\/media?parent=35670"}],"wp:term":[{"taxonomy":"product_brand","embeddable":true,"href":"https:\/\/olemosaic.com\/pt-pt\/wp-json\/wp\/v2\/product_brand?post=35670"},{"taxonomy":"product_cat","embeddable":true,"href":"https:\/\/olemosaic.com\/pt-pt\/wp-json\/wp\/v2\/product_cat?post=35670"},{"taxonomy":"product_tag","embeddable":true,"href":"https:\/\/olemosaic.com\/pt-pt\/wp-json\/wp\/v2\/product_tag?post=35670"}],"curies":[{"name":"wp","href":"https:\/\/api.w.org\/{rel}","templated":true}]}}