{"id":35669,"date":"2025-02-20T22:35:04","date_gmt":"2025-02-20T22:35:04","guid":{"rendered":"http:\/\/olemosaic.com\/producto\/funda-de-telefono-para-iphone-11-promax-tpu-sagrada-familia-barcelona-azul\/"},"modified":"2025-07-25T20:01:11","modified_gmt":"2025-07-25T18:01:11","slug":"capa-de-telemovel-para-iphone-11-promax-tpu-sagrada-familia-barcelona-azul","status":"publish","type":"product","link":"https:\/\/olemosaic.com\/pt-pt\/produto\/capa-de-telemovel-para-iphone-11-promax-tpu-sagrada-familia-barcelona-azul\/","title":{"rendered":"Capa de telem\u00f3vel para iPhone 11 Pro Max (TPU). Sagrada Fam\u00edlia. Barcelona. Azul"},"content":{"rendered":"<p>Capa para iPhone 11 Pro Max com um design vibrante da Sagrada Fam\u00edlia de Barcelona. Esta requintada capa, fabricada em TPU, um material flex\u00edvel e resistente, n\u00e3o s\u00f3 protege o seu dispositivo como tamb\u00e9m lhe confere um toque distintivo. A ilustra\u00e7\u00e3o destaca as reconhec\u00edveis torres da bas\u00edlica, representadas com uma paleta de cores azuis e quentes que evocam o brilho da obra de Gaud\u00ed. Os detalhes art\u00edsticos que simulam o mosaico caracter\u00edstico do arquiteto catal\u00e3o conferem profundidade e uma est\u00e9tica \u00fanica a este acess\u00f3rio essencial.<\/p>\n<p>O texto &#8220;Barcelona&#8221; encontra-se elegantemente impresso na parte inferior, refor\u00e7ando a liga\u00e7\u00e3o com esta ic\u00f3nica cidade, conhecida mundialmente pela sua arquitetura modernista e pela sua rica cultura. Este design n\u00e3o \u00e9 apenas uma forma de proteger o seu iPhone, mas tamb\u00e9m um tributo a um dos monumentos mais emblem\u00e1ticos de Espanha, tornando-se uma recorda\u00e7\u00e3o aut\u00eantica e representativa de Barcelona.<\/p>\n<p>Na Ol\u00e9 Mosaic, especializamo-nos na distribui\u00e7\u00e3o de recorda\u00e7\u00f5es de qualidade por grosso, oferecendo produtos que captam a ess\u00eancia de cada regi\u00e3o. Esta capa \u00e9 uma excelente op\u00e7\u00e3o para turistas que procuram uma recorda\u00e7\u00e3o pr\u00e1tica e bonita, e para lojas de presentes tur\u00edsticos que desejam oferecer artigos exclusivos e culturalmente relevantes.<\/p>\n","protected":false},"excerpt":{"rendered":"<p>Capa de telem\u00f3vel para iPhone 11 Pro Max fabricada em TPU, com uma ilustra\u00e7\u00e3o vibrante da Sagrada Fam\u00edlia de Barcelona. O design, que se destaca pelas suas cores azuis e quentes, capta as ic\u00f3nicas torres da bas\u00edlica com detalhes art\u00edsticos que evocam os mosaicos caracter\u00edsticos de Gaud\u00ed. A palavra &#8220;Barcelona&#8221; est\u00e1 elegantemente impressa, conferindo um toque distintivo a este acess\u00f3rio essencial que combina estilo e prote\u00e7\u00e3o.<\/p>\n","protected":false},"featured_media":12205,"template":"","meta":{"_acf_changed":false},"product_brand":[],"product_cat":[685],"product_tag":[],"class_list":{"0":"post-35669","1":"product","2":"type-product","3":"status-publish","4":"has-post-thumbnail","6":"product_cat-capas-para-telemoveis","7":"pa_ciudad-barcelona","8":"pa_motivo-sagrada-familia","9":"pa_pais-espana","11":"first","12":"instock","13":"shipping-taxable","14":"product-type-simple"},"acf":[],"_links":{"self":[{"href":"https:\/\/olemosaic.com\/pt-pt\/wp-json\/wp\/v2\/product\/35669","targetHints":{"allow":["GET"]}}],"collection":[{"href":"https:\/\/olemosaic.com\/pt-pt\/wp-json\/wp\/v2\/product"}],"about":[{"href":"https:\/\/olemosaic.com\/pt-pt\/wp-json\/wp\/v2\/types\/product"}],"wp:featuredmedia":[{"embeddable":true,"href":"https:\/\/olemosaic.com\/pt-pt\/wp-json\/wp\/v2\/media\/12205"}],"wp:attachment":[{"href":"https:\/\/olemosaic.com\/pt-pt\/wp-json\/wp\/v2\/media?parent=35669"}],"wp:term":[{"taxonomy":"product_brand","embeddable":true,"href":"https:\/\/olemosaic.com\/pt-pt\/wp-json\/wp\/v2\/product_brand?post=35669"},{"taxonomy":"product_cat","embeddable":true,"href":"https:\/\/olemosaic.com\/pt-pt\/wp-json\/wp\/v2\/product_cat?post=35669"},{"taxonomy":"product_tag","embeddable":true,"href":"https:\/\/olemosaic.com\/pt-pt\/wp-json\/wp\/v2\/product_tag?post=35669"}],"curies":[{"name":"wp","href":"https:\/\/api.w.org\/{rel}","templated":true}]}}