{"id":35652,"date":"2025-02-20T22:35:04","date_gmt":"2025-02-20T22:35:04","guid":{"rendered":"http:\/\/olemosaic.com\/producto\/funda-de-telefono-para-iphone-11-promax-tpu-mosaico-azul\/"},"modified":"2025-07-25T19:24:15","modified_gmt":"2025-07-25T17:24:15","slug":"capa-para-telemovel-iphone-11-pro-max-tpu-mosaico-azul","status":"publish","type":"product","link":"https:\/\/olemosaic.com\/pt-pt\/produto\/capa-para-telemovel-iphone-11-pro-max-tpu-mosaico-azul\/","title":{"rendered":"Capa para telem\u00f3vel para iPhone 11 Pro Max (TPU). Mosaico. Azul"},"content":{"rendered":"<p>Capa para iPhone 11 Pro Max com design de mosaico azul<\/p>\n<p>Descubra a nossa capa para iPhone 11 Pro Max, fabricada em TPU resistente e leve, que funde modernidade e tradi\u00e7\u00e3o com um fascinante design de mosaico em tons de azul. Este acess\u00f3rio n\u00e3o s\u00f3 protege eficazmente o seu dispositivo, como tamb\u00e9m transforma o seu aspeto, convertendo o seu telem\u00f3vel num objeto est\u00e9tico que evoca a rica heran\u00e7a cultural de Espanha. O padr\u00e3o atraente de mosaico, com linhas brancas entrela\u00e7adas sobre um fundo azul profundo, recorda os caracter\u00edsticos mosaicos das cidades mediterr\u00e2nicas, famosas pela sua beleza arquitect\u00f3nica e pela sua vibrante hist\u00f3ria, como Barcelona ou Sevilha.<\/p>\n<p>Cada detalhe desta capa enaltece o artesanato espanhol, oferecendo uma combina\u00e7\u00e3o perfeita de estilo contempor\u00e2neo e a rica tradi\u00e7\u00e3o art\u00edstica que define a cultura do pa\u00eds. Ideal como souvenir, representa uma recorda\u00e7\u00e3o aut\u00eantica que os seus clientes ter\u00e3o orgulho em exibir. Al\u00e9m disso, o seu design fino permite um f\u00e1cil acesso a todas as portas e bot\u00f5es, garantindo que a funcionalidade n\u00e3o seja comprometida. Na Ol\u00e9 Mosaic, como grossista de souvenirs, fornecemos-lhe produtos que n\u00e3o s\u00f3 s\u00e3o de alta qualidade, mas que tamb\u00e9m evocam o esp\u00edrito de Espanha, tornando esta capa uma excelente escolha para lojas de presentes tur\u00edsticos que procuram o melhor em produtos aut\u00eanticos e representativos.<\/p>\n","protected":false},"excerpt":{"rendered":"<p>Capa para iPhone 11 Pro Max fabricada em TPU, decorada com um design atraente de mosaico em tons de azul. Este acess\u00f3rio combina modernidade e tradi\u00e7\u00e3o, inspirando-se na rica heran\u00e7a cultural espanhola. O seu padr\u00e3o apresenta linhas brancas que contrastam com o fundo azul, evocando os caracter\u00edsticos mosaicos das cidades mediterr\u00e2nicas. Al\u00e9m de proteger, esta capa adiciona um toque est\u00e9tico ao seu dispositivo.<\/p>\n","protected":false},"featured_media":12209,"template":"","meta":{"_acf_changed":false},"product_brand":[],"product_cat":[685],"product_tag":[],"class_list":{"0":"post-35652","1":"product","2":"type-product","3":"status-publish","4":"has-post-thumbnail","6":"product_cat-capas-para-telemoveis","7":"pa_motivo-mosaico","9":"first","10":"instock","11":"shipping-taxable","12":"product-type-simple"},"acf":[],"_links":{"self":[{"href":"https:\/\/olemosaic.com\/pt-pt\/wp-json\/wp\/v2\/product\/35652","targetHints":{"allow":["GET"]}}],"collection":[{"href":"https:\/\/olemosaic.com\/pt-pt\/wp-json\/wp\/v2\/product"}],"about":[{"href":"https:\/\/olemosaic.com\/pt-pt\/wp-json\/wp\/v2\/types\/product"}],"wp:featuredmedia":[{"embeddable":true,"href":"https:\/\/olemosaic.com\/pt-pt\/wp-json\/wp\/v2\/media\/12209"}],"wp:attachment":[{"href":"https:\/\/olemosaic.com\/pt-pt\/wp-json\/wp\/v2\/media?parent=35652"}],"wp:term":[{"taxonomy":"product_brand","embeddable":true,"href":"https:\/\/olemosaic.com\/pt-pt\/wp-json\/wp\/v2\/product_brand?post=35652"},{"taxonomy":"product_cat","embeddable":true,"href":"https:\/\/olemosaic.com\/pt-pt\/wp-json\/wp\/v2\/product_cat?post=35652"},{"taxonomy":"product_tag","embeddable":true,"href":"https:\/\/olemosaic.com\/pt-pt\/wp-json\/wp\/v2\/product_tag?post=35652"}],"curies":[{"name":"wp","href":"https:\/\/api.w.org\/{rel}","templated":true}]}}