{"id":35651,"date":"2025-02-20T22:35:04","date_gmt":"2025-02-20T22:35:04","guid":{"rendered":"http:\/\/olemosaic.com\/producto\/funda-de-telefono-para-iphone-11-promax-tpu-gato-barcelona-negro\/"},"modified":"2025-07-25T19:07:38","modified_gmt":"2025-07-25T17:07:38","slug":"capa-para-telemovel-iphone-11-pro-max-tpu-gato-barcelona-preto","status":"publish","type":"product","link":"https:\/\/olemosaic.com\/pt-pt\/produto\/capa-para-telemovel-iphone-11-pro-max-tpu-gato-barcelona-preto\/","title":{"rendered":"Capa para telem\u00f3vel para iPhone 11 Pro Max (TPU). Gato. Barcelona. Preto"},"content":{"rendered":"<p>Capa para iPhone 11 Pro Max com design de gato mosaico de Barcelona. Esta elegante capa \u00e9 elaborada em TPU, um material flex\u00edvel e resistente que proporciona uma excelente prote\u00e7\u00e3o ao seu dispositivo. A aten\u00e7\u00e3o ao detalhe \u00e9 evidente no seu design cativante, que apresenta um gato colorido inspirado no famoso estilo de mosaico de Gaud\u00ed, numa explos\u00e3o de vibrantes azuis, verdes, amarelos e vermelhos, que representam a rica cultura art\u00edstica de Barcelona. Sobre o fundo preto, o gato ergue-se como uma obra-prima, rodeado de borboletas brilhantes que adicionam um toque l\u00fadico e encantador. Logo abaixo do design, a palavra &#8220;Barcelona&#8221; destaca-se com uma tipografia elegante, proporcionando um toque de autenticidade e afinidade com a cidade condal. Este acess\u00f3rio \u00e9 ideal n\u00e3o s\u00f3 para os amantes de felinos, mas tamb\u00e9m para aqueles que desejam levar consigo um peda\u00e7o da vibrante ess\u00eancia de Barcelona. Na Ol\u00e9 Mosaic, oferecemos esta capa como uma maravilhosa op\u00e7\u00e3o de recorda\u00e7\u00e3o, perfeita para lojas de presentes tur\u00edsticos que procuram artigos que combinem funcionalidade e cultura. Transformar um acess\u00f3rio quotidiano num hino a Barcelona faz desta capa uma op\u00e7\u00e3o imperd\u00edvel e aut\u00eantica para os visitantes da cidade. Esta recorda\u00e7\u00e3o faz parte da nossa sele\u00e7\u00e3o de produtos por grosso, desenhada para aqueles que procuram qualidade e estilo nas suas ofertas.<\/p>\n","protected":false},"excerpt":{"rendered":"<p>Capa para telem\u00f3vel para iPhone 11 Pro Max fabricada em TPU, decorada com um design vibrante de um gato de estilo mosaico. Este motivo colorido, que combina azuis, verdes, amarelos e vermelhos, est\u00e1 rodeado de borboletas em tons brilhantes, evocando a ess\u00eancia art\u00edstica de Barcelona. Sobre um fundo preto, a palavra &#8220;Barcelona&#8221; destaca-se com um toque elegante, tornando esta capa um acess\u00f3rio funcional e visualmente atraente, ideal para os amantes da cidade e dos felinos.<\/p>\n","protected":false},"featured_media":12212,"template":"","meta":{"_acf_changed":false},"product_brand":[],"product_cat":[685],"product_tag":[516],"class_list":{"0":"post-35651","1":"product","2":"type-product","3":"status-publish","4":"has-post-thumbnail","6":"product_cat-capas-para-telemoveis","7":"product_tag-animais","8":"pa_ciudad-barcelona","9":"pa_motivo-gatos","10":"pa_pais-espana","12":"first","13":"instock","14":"shipping-taxable","15":"product-type-simple"},"acf":[],"_links":{"self":[{"href":"https:\/\/olemosaic.com\/pt-pt\/wp-json\/wp\/v2\/product\/35651","targetHints":{"allow":["GET"]}}],"collection":[{"href":"https:\/\/olemosaic.com\/pt-pt\/wp-json\/wp\/v2\/product"}],"about":[{"href":"https:\/\/olemosaic.com\/pt-pt\/wp-json\/wp\/v2\/types\/product"}],"wp:featuredmedia":[{"embeddable":true,"href":"https:\/\/olemosaic.com\/pt-pt\/wp-json\/wp\/v2\/media\/12212"}],"wp:attachment":[{"href":"https:\/\/olemosaic.com\/pt-pt\/wp-json\/wp\/v2\/media?parent=35651"}],"wp:term":[{"taxonomy":"product_brand","embeddable":true,"href":"https:\/\/olemosaic.com\/pt-pt\/wp-json\/wp\/v2\/product_brand?post=35651"},{"taxonomy":"product_cat","embeddable":true,"href":"https:\/\/olemosaic.com\/pt-pt\/wp-json\/wp\/v2\/product_cat?post=35651"},{"taxonomy":"product_tag","embeddable":true,"href":"https:\/\/olemosaic.com\/pt-pt\/wp-json\/wp\/v2\/product_tag?post=35651"}],"curies":[{"name":"wp","href":"https:\/\/api.w.org\/{rel}","templated":true}]}}