{"id":35649,"date":"2025-02-20T22:35:03","date_gmt":"2025-02-20T22:35:03","guid":{"rendered":"http:\/\/olemosaic.com\/producto\/funda-de-telefono-para-iphone-11-pro-tpu-punt-de-trobada-barcelona-blanco\/"},"modified":"2025-07-25T20:07:15","modified_gmt":"2025-07-25T18:07:15","slug":"capa-para-telemovel-iphone-11-pro-tpu-punt-de-trobada-barcelona-branco","status":"publish","type":"product","link":"https:\/\/olemosaic.com\/pt-pt\/produto\/capa-para-telemovel-iphone-11-pro-tpu-punt-de-trobada-barcelona-branco\/","title":{"rendered":"Capa para telem\u00f3vel para iPhone 11 Pro (TPU). Punt de trobada. Barcelona. Branco"},"content":{"rendered":"<p>Capa para iPhone 11 Pro inspirada no ic\u00f3nico &#8220;Punt de trobada&#8221; de Barcelona. Fabricada em TPU de alta qualidade, esta capa n\u00e3o s\u00f3 protege o seu dispositivo excecionalmente, mas tamb\u00e9m presta homenagem \u00e0 vibrante heran\u00e7a cultural da Cidade Condal. Com um design colorido que apresenta um mosaico de formas geom\u00e9tricas em tons de vermelho, amarelo, verde e azul sobre um fundo branco que imita a cer\u00e2mica, esta capa encapsula a ess\u00eancia da arte modernista catal\u00e3. As representa\u00e7\u00f5es simb\u00f3licas da cidade, entrela\u00e7adas artisticamente, evocam a magia de Barcelona e a sua rica hist\u00f3ria. Al\u00e9m do seu apelo visual, o material TPU proporciona uma estrutura flex\u00edvel e duradoura que se ajusta perfeitamente ao iPhone 11 Pro, garantindo seguran\u00e7a e estilo. Este souvenir \u00e9 ideal para os amantes da arte, da modernidade e da cultura, tornando-se uma excelente op\u00e7\u00e3o para turistas que procuram uma recorda\u00e7\u00e3o aut\u00eantica e representativa. Na Ol\u00e9 Mosaic, orgulhamo-nos de oferecer esta capa como parte da nossa gama de souvenirs de Barcelona, sendo uma op\u00e7\u00e3o excecional para lojas de presentes tur\u00edsticos que procuram produtos aut\u00eanticos e relevantes.<\/p>\n","protected":false},"excerpt":{"rendered":"<p>Capa para iPhone 11 Pro fabricada em TPU, inspirada no ic\u00f3nico &#8220;Punt de trobada&#8221; de Barcelona. Este design destaca-se pelo seu colorido mosaico que combina formas geom\u00e9tricas em tons de vermelho, amarelo, verde e azul sobre um fundo branco que imita a cer\u00e2mica. Com representa\u00e7\u00f5es simb\u00f3licas da cidade, a capa n\u00e3o s\u00f3 protege o seu dispositivo, mas tamb\u00e9m celebra a rica heran\u00e7a cultural barcelonesa. Ideal para amantes da arte e da modernidade.<\/p>\n","protected":false},"featured_media":12158,"template":"","meta":{"_acf_changed":false},"product_brand":[],"product_cat":[685],"product_tag":[],"class_list":{"0":"post-35649","1":"product","2":"type-product","3":"status-publish","4":"has-post-thumbnail","6":"product_cat-capas-para-telemoveis","7":"pa_ciudad-barcelona","8":"pa_motivo-punt-de-trobada","9":"pa_pais-espana","11":"first","12":"instock","13":"shipping-taxable","14":"product-type-simple"},"acf":[],"_links":{"self":[{"href":"https:\/\/olemosaic.com\/pt-pt\/wp-json\/wp\/v2\/product\/35649","targetHints":{"allow":["GET"]}}],"collection":[{"href":"https:\/\/olemosaic.com\/pt-pt\/wp-json\/wp\/v2\/product"}],"about":[{"href":"https:\/\/olemosaic.com\/pt-pt\/wp-json\/wp\/v2\/types\/product"}],"wp:featuredmedia":[{"embeddable":true,"href":"https:\/\/olemosaic.com\/pt-pt\/wp-json\/wp\/v2\/media\/12158"}],"wp:attachment":[{"href":"https:\/\/olemosaic.com\/pt-pt\/wp-json\/wp\/v2\/media?parent=35649"}],"wp:term":[{"taxonomy":"product_brand","embeddable":true,"href":"https:\/\/olemosaic.com\/pt-pt\/wp-json\/wp\/v2\/product_brand?post=35649"},{"taxonomy":"product_cat","embeddable":true,"href":"https:\/\/olemosaic.com\/pt-pt\/wp-json\/wp\/v2\/product_cat?post=35649"},{"taxonomy":"product_tag","embeddable":true,"href":"https:\/\/olemosaic.com\/pt-pt\/wp-json\/wp\/v2\/product_tag?post=35649"}],"curies":[{"name":"wp","href":"https:\/\/api.w.org\/{rel}","templated":true}]}}