{"id":35638,"date":"2025-02-20T22:35:03","date_gmt":"2025-02-20T22:35:03","guid":{"rendered":"http:\/\/olemosaic.com\/producto\/funda-de-telefono-para-iphone-11-pro-tpu-panoramica-barcelona-blanco\/"},"modified":"2025-07-25T19:09:34","modified_gmt":"2025-07-25T17:09:34","slug":"capa-de-telemovel-para-iphone-11-pro-tpu-panoramica-barcelona-branco","status":"publish","type":"product","link":"https:\/\/olemosaic.com\/pt-pt\/produto\/capa-de-telemovel-para-iphone-11-pro-tpu-panoramica-barcelona-branco\/","title":{"rendered":"Capa para telem\u00f3vel para iPhone 11 Pro (TPU). Panor\u00e2mica. Barcelona. Branco"},"content":{"rendered":"<p>Capa para iPhone 11 Pro decorada com uma vibrante panor\u00e2mica de Barcelona que captura a ess\u00eancia da cultura catal\u00e3. Este acess\u00f3rio, fabricado em TPU, proporciona uma excelente resist\u00eancia e prote\u00e7\u00e3o para o seu dispositivo. O design destaca-se pela sua ilustra\u00e7\u00e3o inspirada no famoso mosaico de Gaud\u00ed, onde a ic\u00f3nica Sagrada Fam\u00edlia se ergue majestosamente ao lado de outros elementos emblem\u00e1ticos da cidade, como os coloridos drag\u00f5es do Park G\u00fcell e as linhas ondulantes da Casa Batll\u00f3.<\/p>\n<p>As cores intensas vermelho, amarelo, verde e azul contrastam com um fundo branco, real\u00e7ando cada detalhe art\u00edstico desta obra que nos transporta ao cora\u00e7\u00e3o de Barcelona. A inscri\u00e7\u00e3o &#8220;Barcelona&#8221; apresenta-se de forma distintiva, oferecendo um toque pessoal e atraente a este souvenir que une funcionalidade e arte. Ideal para os viajantes que desejam levar consigo uma recorda\u00e7\u00e3o aut\u00eantica e representativa da cidade, esta capa n\u00e3o s\u00f3 protege o seu telem\u00f3vel, como tamb\u00e9m celebra a rica heran\u00e7a cultural catal\u00e3.<\/p>\n<p>Na Ol\u00e9 Mosaic, somos especialistas na distribui\u00e7\u00e3o de souvenirs por grosso e esta capa de telem\u00f3vel torna-se uma excelente op\u00e7\u00e3o para lojas de presentes tur\u00edsticos, proporcionando um produto que n\u00e3o \u00e9 apenas atraente, mas tamb\u00e9m culturalmente significativo. Um souvenir de Barcelona que se destaca pela sua originalidade e pela sua liga\u00e7\u00e3o \u00e0 obra de um dos arquitetos mais influentes da cidade.<\/p>\n","protected":false},"excerpt":{"rendered":"<p>Capa para iPhone 11 Pro de TPU, adornada com uma vibrante panor\u00e2mica de Barcelona. Apresenta uma ilustra\u00e7\u00e3o inspirada no famoso mosaico de Gaud\u00ed, destacando a Sagrada Fam\u00edlia e outros elementos ic\u00f3nicos da cidade, com cores intensas vermelho, amarelo, verde e azul. O design de fundo branco real\u00e7a os detalhes art\u00edsticos, enquanto a inscri\u00e7\u00e3o &#8220;Barcelona&#8221; acrescenta um toque distintivo, tornando-a um acess\u00f3rio ideal para os amantes da cultura catal\u00e3.<\/p>\n","protected":false},"featured_media":12159,"template":"","meta":{"_acf_changed":false},"product_brand":[],"product_cat":[685],"product_tag":[],"class_list":{"0":"post-35638","1":"product","2":"type-product","3":"status-publish","4":"has-post-thumbnail","6":"product_cat-capas-para-telemoveis","7":"pa_ciudad-barcelona","8":"pa_motivo-panoramas","9":"pa_pais-espana","11":"first","12":"instock","13":"shipping-taxable","14":"product-type-simple"},"acf":[],"_links":{"self":[{"href":"https:\/\/olemosaic.com\/pt-pt\/wp-json\/wp\/v2\/product\/35638","targetHints":{"allow":["GET"]}}],"collection":[{"href":"https:\/\/olemosaic.com\/pt-pt\/wp-json\/wp\/v2\/product"}],"about":[{"href":"https:\/\/olemosaic.com\/pt-pt\/wp-json\/wp\/v2\/types\/product"}],"wp:featuredmedia":[{"embeddable":true,"href":"https:\/\/olemosaic.com\/pt-pt\/wp-json\/wp\/v2\/media\/12159"}],"wp:attachment":[{"href":"https:\/\/olemosaic.com\/pt-pt\/wp-json\/wp\/v2\/media?parent=35638"}],"wp:term":[{"taxonomy":"product_brand","embeddable":true,"href":"https:\/\/olemosaic.com\/pt-pt\/wp-json\/wp\/v2\/product_brand?post=35638"},{"taxonomy":"product_cat","embeddable":true,"href":"https:\/\/olemosaic.com\/pt-pt\/wp-json\/wp\/v2\/product_cat?post=35638"},{"taxonomy":"product_tag","embeddable":true,"href":"https:\/\/olemosaic.com\/pt-pt\/wp-json\/wp\/v2\/product_tag?post=35638"}],"curies":[{"name":"wp","href":"https:\/\/api.w.org\/{rel}","templated":true}]}}