{"id":35637,"date":"2025-02-20T22:35:03","date_gmt":"2025-02-20T22:35:03","guid":{"rendered":"http:\/\/olemosaic.com\/producto\/funda-de-telefono-para-iphone-11-pro-tpu-salamandra-negro\/"},"modified":"2025-07-25T20:05:27","modified_gmt":"2025-07-25T18:05:27","slug":"capa-de-telemovel-para-iphone-11-pro-tpu-salamandra-preto","status":"publish","type":"product","link":"https:\/\/olemosaic.com\/pt-pt\/produto\/capa-de-telemovel-para-iphone-11-pro-tpu-salamandra-preto\/","title":{"rendered":"Capa para telem\u00f3vel para iPhone 11 Pro (TPU). Salamandra. Preto"},"content":{"rendered":"<p>Capa para iPhone 11 Pro decorada com salamandras<\/p>\n<p>Esta capa para iPhone 11 Pro \u00e9 uma combina\u00e7\u00e3o perfeita de funcionalidade e arte, desenhada para proteger e destacar. Fabricada em TPU preto, a sua superf\u00edcie suave e flex\u00edvel oferece uma prote\u00e7\u00e3o superior contra impactos e riscos, garantindo que o seu dispositivo se mantenha em \u00f3timas condi\u00e7\u00f5es. O seu design atraente apresenta salamandras coloridas em tons vibrantes de vermelho, azul e verde, rodeadas de delicadas flores azuis e vermelhas, que evocam a rica biodiversidade e o folclore caracter\u00edstico das regi\u00f5es mediterr\u00e2nicas.<\/p>\n<p>O design das salamandras, s\u00edmbolos de transforma\u00e7\u00e3o e adaptabilidade em diversas culturas, acrescenta um toque distintivo que liga os utilizadores \u00e0 natureza e \u00e0 arte popular espanhola. As flores estilizadas complementam a representa\u00e7\u00e3o da fauna, criando uma imagem harmoniosa e cheia de vida, perfeita para quem procura um acess\u00f3rio que n\u00e3o seja apenas pr\u00e1tico, mas tamb\u00e9m um reflexo da cultura vibrante da regi\u00e3o.<\/p>\n<p>Esta capa \u00e9 uma excelente recorda\u00e7\u00e3o para turistas que desejam levar um peda\u00e7o da beleza espanhola para o seu dia a dia, o que a torna uma op\u00e7\u00e3o ideal para boutiques e lojas de presentes tur\u00edsticos que procuram produtos aut\u00eanticos e representativos. Na Ol\u00e9 Mosaic, especializamo-nos na distribui\u00e7\u00e3o por grosso de artigos culturais, assegurando que cada pe\u00e7a, como esta capa de telem\u00f3vel decorada, cumpre os mais elevados padr\u00f5es de qualidade e design.<\/p>\n","protected":false},"excerpt":{"rendered":"<p>Capa para iPhone 11 Pro fabricada em TPU preto, adornada com salamandras e flores coloridas. Este acess\u00f3rio funde funcionalidade e arte, com um design vibrante que mostra salamandras em tons vermelhos, azuis e verdes, juntamente com detalhes florais em azul e vermelho. A textura suave do TPU oferece prote\u00e7\u00e3o contra impactos e riscos, e o seu design colorido confere um toque distintivo e alegre, ideal para quem aprecia a cultura e o folclore.<\/p>\n","protected":false},"featured_media":12994,"template":"","meta":{"_acf_changed":false},"product_brand":[],"product_cat":[685],"product_tag":[516],"class_list":{"0":"post-35637","1":"product","2":"type-product","3":"status-publish","4":"has-post-thumbnail","6":"product_cat-capas-para-telemoveis","7":"product_tag-animais","8":"pa_motivo-salamandras","10":"first","11":"instock","12":"shipping-taxable","13":"product-type-simple"},"acf":[],"_links":{"self":[{"href":"https:\/\/olemosaic.com\/pt-pt\/wp-json\/wp\/v2\/product\/35637","targetHints":{"allow":["GET"]}}],"collection":[{"href":"https:\/\/olemosaic.com\/pt-pt\/wp-json\/wp\/v2\/product"}],"about":[{"href":"https:\/\/olemosaic.com\/pt-pt\/wp-json\/wp\/v2\/types\/product"}],"wp:featuredmedia":[{"embeddable":true,"href":"https:\/\/olemosaic.com\/pt-pt\/wp-json\/wp\/v2\/media\/12994"}],"wp:attachment":[{"href":"https:\/\/olemosaic.com\/pt-pt\/wp-json\/wp\/v2\/media?parent=35637"}],"wp:term":[{"taxonomy":"product_brand","embeddable":true,"href":"https:\/\/olemosaic.com\/pt-pt\/wp-json\/wp\/v2\/product_brand?post=35637"},{"taxonomy":"product_cat","embeddable":true,"href":"https:\/\/olemosaic.com\/pt-pt\/wp-json\/wp\/v2\/product_cat?post=35637"},{"taxonomy":"product_tag","embeddable":true,"href":"https:\/\/olemosaic.com\/pt-pt\/wp-json\/wp\/v2\/product_tag?post=35637"}],"curies":[{"name":"wp","href":"https:\/\/api.w.org\/{rel}","templated":true}]}}