{"id":35636,"date":"2025-02-20T23:35:03","date_gmt":"2025-02-20T22:35:03","guid":{"rendered":"http:\/\/olemosaic.com\/producto\/funda-de-telefono-para-iphone-11-pro-tpu-panoramica-barcelona-azul-2\/"},"modified":"2025-07-25T19:16:26","modified_gmt":"2025-07-25T17:16:26","slug":"capa-de-telemovel-para-iphone-11-pro-tpu-panoramica-sagrada-familia-barcelona-azul","status":"publish","type":"product","link":"https:\/\/olemosaic.com\/pt-pt\/produto\/capa-de-telemovel-para-iphone-11-pro-tpu-panoramica-sagrada-familia-barcelona-azul\/","title":{"rendered":"Capa para telem\u00f3vel para iPhone 11 Pro (TPU). Panor\u00e2mica. Sagrada Fam\u00edlia. Barcelona. Azul"},"content":{"rendered":"<p>Capa de telem\u00f3vel para iPhone 11 Pro com uma vibrante panor\u00e2mica de Barcelona. Esta capa excecional, fabricada em TPU, combina funcionalidade e design, oferecendo prote\u00e7\u00e3o ao seu dispositivo ao mesmo tempo que o adorna com uma representa\u00e7\u00e3o art\u00edstica da cidade condal. A colorida ilustra\u00e7\u00e3o real\u00e7a elementos ic\u00f3nicos como a majestosa Sagrada Fam\u00edlia, juntamente com outros s\u00edmbolos do patrim\u00f3nio cultural de Barcelona, tudo numa explos\u00e3o de tons azuis, laranjas e verdes. Os detalhes s\u00e3o inspirados no famoso mosaico de Gaud\u00ed, reconhecido pelo seu car\u00e1ter \u00fanico e pela sua liga\u00e7\u00e3o com a arquitetura modernista da cidade.<\/p>\n<p>Cada aspeto desta capa reflete a ess\u00eancia din\u00e2mica de Barcelona, tornando-a uma recorda\u00e7\u00e3o ideal para quem deseja levar consigo um peda\u00e7o desta emblem\u00e1tica cidade. Este produto n\u00e3o \u00e9 apenas um acess\u00f3rio t\u00e9cnico, mas tamb\u00e9m uma lembran\u00e7a visual da beleza arquitet\u00f3nica e cultural que Barcelona oferece aos seus visitantes. Na Ol\u00e9 Mosaic, oferecemos esta capa como parte da nossa sele\u00e7\u00e3o de recorda\u00e7\u00f5es aut\u00eanticas, perfeitas para lojas de presentes tur\u00edsticos que procuram produtos que encapsulem o esp\u00edrito do lugar. Com esta capa, os turistas podem recordar a sua visita a Barcelona cada vez que usarem o telem\u00f3vel, fundindo prote\u00e7\u00e3o e arte num \u00fanico produto.<\/p>\n","protected":false},"excerpt":{"rendered":"<p>Capa de telem\u00f3vel para iPhone 11 Pro fabricada em TPU, que mostra uma colorida panor\u00e2mica de Barcelona. O seu vibrante design inclui a ic\u00f3nica Sagrada Fam\u00edlia e elementos t\u00edpicos da cidade, tudo em tons azuis, laranjas e verdes, com detalhes que evocam o famoso mosaico de Gaud\u00ed. Esta capa n\u00e3o s\u00f3 protege o seu dispositivo, como tamb\u00e9m o adorna com um apelo visual que reflete a ess\u00eancia e o dinamismo de Barcelona.<\/p>\n","protected":false},"featured_media":12164,"template":"","meta":{"_acf_changed":false},"product_brand":[],"product_cat":[685],"product_tag":[],"class_list":{"0":"post-35636","1":"product","2":"type-product","3":"status-publish","4":"has-post-thumbnail","6":"product_cat-capas-para-telemoveis","7":"pa_ciudad-barcelona","8":"pa_motivo-panoramas","9":"pa_pais-espana","11":"first","12":"instock","13":"shipping-taxable","14":"product-type-simple"},"acf":[],"_links":{"self":[{"href":"https:\/\/olemosaic.com\/pt-pt\/wp-json\/wp\/v2\/product\/35636","targetHints":{"allow":["GET"]}}],"collection":[{"href":"https:\/\/olemosaic.com\/pt-pt\/wp-json\/wp\/v2\/product"}],"about":[{"href":"https:\/\/olemosaic.com\/pt-pt\/wp-json\/wp\/v2\/types\/product"}],"wp:featuredmedia":[{"embeddable":true,"href":"https:\/\/olemosaic.com\/pt-pt\/wp-json\/wp\/v2\/media\/12164"}],"wp:attachment":[{"href":"https:\/\/olemosaic.com\/pt-pt\/wp-json\/wp\/v2\/media?parent=35636"}],"wp:term":[{"taxonomy":"product_brand","embeddable":true,"href":"https:\/\/olemosaic.com\/pt-pt\/wp-json\/wp\/v2\/product_brand?post=35636"},{"taxonomy":"product_cat","embeddable":true,"href":"https:\/\/olemosaic.com\/pt-pt\/wp-json\/wp\/v2\/product_cat?post=35636"},{"taxonomy":"product_tag","embeddable":true,"href":"https:\/\/olemosaic.com\/pt-pt\/wp-json\/wp\/v2\/product_tag?post=35636"}],"curies":[{"name":"wp","href":"https:\/\/api.w.org\/{rel}","templated":true}]}}