{"id":35635,"date":"2025-02-20T22:35:03","date_gmt":"2025-02-20T22:35:03","guid":{"rendered":"http:\/\/olemosaic.com\/producto\/funda-de-telefono-para-iphone-11-pro-tpu-panoramica-barcelona-azul\/"},"modified":"2025-07-25T18:59:22","modified_gmt":"2025-07-25T16:59:22","slug":"capa-de-telemovel-para-iphone-11-pro-tpu-panoramica-barcelona-azul","status":"publish","type":"product","link":"https:\/\/olemosaic.com\/pt-pt\/produto\/capa-de-telemovel-para-iphone-11-pro-tpu-panoramica-barcelona-azul\/","title":{"rendered":"Capa para telem\u00f3vel para iPhone 11 Pro (TPU). Panor\u00e2mica. Barcelona. Azul"},"content":{"rendered":"<p>Capa para iPhone 11 Pro com uma vibrante panor\u00e2mica de Barcelona, desenhada em TPU para oferecer prote\u00e7\u00e3o e estilo. Este magn\u00edfico artigo apresenta uma colorida ilustra\u00e7\u00e3o da emblem\u00e1tica Sagrada Fam\u00edlia, um dos monumentos mais reconhec\u00edveis da cidade, juntamente com outros elementos ic\u00f3nicos de Barcelona, sobre um fundo azul claro que evoca o brilhante c\u00e9u mediterr\u00e2nico. O design inclui um sol radiante e detalhes em cores chamativas, criando uma impress\u00e3o alegre e moderna que reflete a energia vibrante da cidade.<\/p>\n<p>A capa n\u00e3o s\u00f3 protege o dispositivo, como tamb\u00e9m permite aos utilizadores levar consigo um s\u00edmbolo cultural de Barcelona, tornando-se uma excelente recorda\u00e7\u00e3o para quem procura uma lembran\u00e7a da sua visita. A sua liga\u00e7\u00e3o com a arquitetura \u00fanica de Antoni Gaud\u00ed e a rica heran\u00e7a hist\u00f3rica de Barcelona tornam-na um presente perfeito para turistas e amantes da cidade. Na Ol\u00e9 Mosaic, distribu\u00edmos artigos aut\u00eanticos e de qualidade por grosso, e esta capa representa a ess\u00eancia dos souvenirs de Barcelona, ideal para lojas de presentes tur\u00edsticos. Com esta capa para iPhone 11 Pro, os clientes podem desfrutar da funcionalidade e da beleza de um design que captura a ess\u00eancia de uma das cidades mais maravilhosas do mundo.<\/p>\n","protected":false},"excerpt":{"rendered":"<p>Capa para iPhone 11 Pro fabricada em TPU, com uma vibrante panor\u00e2mica de Barcelona. O design destaca a imponente Sagrada Fam\u00edlia e outros elementos ic\u00f3nicos da cidade, tudo sobre um fundo azul claro que evoca o c\u00e9u mediterr\u00e2nico. Inclui um sol radiante e detalhes em cores chamativas, criando uma impress\u00e3o alegre e moderna. Perfeita para quem quer levar um peda\u00e7o de Barcelona sempre consigo, combinando prote\u00e7\u00e3o e estilo.<\/p>\n","protected":false},"featured_media":12166,"template":"","meta":{"_acf_changed":false},"product_brand":[],"product_cat":[685],"product_tag":[],"class_list":{"0":"post-35635","1":"product","2":"type-product","3":"status-publish","4":"has-post-thumbnail","6":"product_cat-capas-para-telemoveis","7":"pa_ciudad-barcelona","8":"pa_motivo-panoramas","9":"pa_pais-espana","11":"first","12":"instock","13":"shipping-taxable","14":"product-type-simple"},"acf":[],"_links":{"self":[{"href":"https:\/\/olemosaic.com\/pt-pt\/wp-json\/wp\/v2\/product\/35635","targetHints":{"allow":["GET"]}}],"collection":[{"href":"https:\/\/olemosaic.com\/pt-pt\/wp-json\/wp\/v2\/product"}],"about":[{"href":"https:\/\/olemosaic.com\/pt-pt\/wp-json\/wp\/v2\/types\/product"}],"wp:featuredmedia":[{"embeddable":true,"href":"https:\/\/olemosaic.com\/pt-pt\/wp-json\/wp\/v2\/media\/12166"}],"wp:attachment":[{"href":"https:\/\/olemosaic.com\/pt-pt\/wp-json\/wp\/v2\/media?parent=35635"}],"wp:term":[{"taxonomy":"product_brand","embeddable":true,"href":"https:\/\/olemosaic.com\/pt-pt\/wp-json\/wp\/v2\/product_brand?post=35635"},{"taxonomy":"product_cat","embeddable":true,"href":"https:\/\/olemosaic.com\/pt-pt\/wp-json\/wp\/v2\/product_cat?post=35635"},{"taxonomy":"product_tag","embeddable":true,"href":"https:\/\/olemosaic.com\/pt-pt\/wp-json\/wp\/v2\/product_tag?post=35635"}],"curies":[{"name":"wp","href":"https:\/\/api.w.org\/{rel}","templated":true}]}}