{"id":35628,"date":"2025-02-20T23:35:02","date_gmt":"2025-02-20T22:35:02","guid":{"rendered":"http:\/\/olemosaic.com\/producto\/funda-de-telefono-para-iphone-11-pro-tpu-abstracto-azul-2\/"},"modified":"2025-07-25T19:24:05","modified_gmt":"2025-07-25T17:24:05","slug":"capa-de-telemovel-para-iphone-11-pro-tpu-abstrato-azul-2","status":"publish","type":"product","link":"https:\/\/olemosaic.com\/pt-pt\/produto\/capa-de-telemovel-para-iphone-11-pro-tpu-abstrato-azul-2\/","title":{"rendered":"Capa de telem\u00f3vel para iPhone 11 Pro (TPU). Abstrato. Estilo moderno. Azul"},"content":{"rendered":"<p>Capa para iPhone 11 Pro com um design abstrato vibrante que captura a ess\u00eancia de Maiorca. Esta capa, fabricada em TPU, apresenta uma explos\u00e3o de cores em tons azuis, rosas, amarelos e laranjas, criando um efeito art\u00edstico moderno e original. O design inclui a palavra &#8220;Mallorca&#8221; em letras brancas, um detalhe que ressalta o car\u00e1cter idiossincr\u00e1tico da ilha balear e permite aos utilizadores levar um peda\u00e7o da sua beleza para qualquer lugar. A superf\u00edcie suave e flex\u00edvel da capa n\u00e3o s\u00f3 oferece uma prote\u00e7\u00e3o eficaz contra golpes e riscos, como tamb\u00e9m proporciona uma sensa\u00e7\u00e3o agrad\u00e1vel ao toque e um ajuste preciso ao dispositivo.<\/p>\n<p>O design abstrato evoca a vibrante cultura e as paisagens naturais de Maiorca, refletindo a diversidade de cores do seu mar e das suas paisagens. Esta recorda\u00e7\u00e3o \u00e9 a op\u00e7\u00e3o perfeita para turistas que procuram um souvenir aut\u00eantico que lhes recorde a sua experi\u00eancia na ilha. Na Ol\u00e9 Mosaic, o nosso compromisso como distribuidor de recorda\u00e7\u00f5es por grosso \u00e9 oferecer produtos que combinem estilo, tradi\u00e7\u00e3o e funcionalidade. Esta capa de telem\u00f3vel \u00e9 uma excelente adi\u00e7\u00e3o para lojas de presentes tur\u00edsticos, pois atrai tanto os amantes da moda como aqueles que valorizam a liga\u00e7\u00e3o cultural com Maiorca. Com a sua est\u00e9tica contempor\u00e2nea e a sua relev\u00e2ncia emocional, \u00e9 um presente ideal para quem deseja levar consigo um s\u00edmbolo da sua viagem.<\/p>\n","protected":false},"excerpt":{"rendered":"<p>Capa para iPhone 11 Pro fabricada em TPU, com um design abstrato vibrante que combina uma explos\u00e3o de cores em tons azuis, rosas, amarelos e laranjas. Esta capa original n\u00e3o s\u00f3 protege o teu dispositivo, como se destaca pelo seu motivo distintivo, que inclui a palavra &#8220;Mallorca&#8221; em letras brancas. O seu estilo art\u00edstico e moderno evoca a beleza da ilha balear, tornando-se um acess\u00f3rio imprescind\u00edvel para quem deseja levar um peda\u00e7o de Maiorca sempre consigo.<\/p>\n","protected":false},"featured_media":13385,"template":"","meta":{"_acf_changed":false},"product_brand":[],"product_cat":[685],"product_tag":[],"class_list":{"0":"post-35628","1":"product","2":"type-product","3":"status-publish","4":"has-post-thumbnail","6":"product_cat-capas-para-telemoveis","7":"pa_ciudad-mallorca","8":"pa_motivo-resumo","9":"pa_pais-espana","11":"first","12":"instock","13":"shipping-taxable","14":"product-type-simple"},"acf":[],"_links":{"self":[{"href":"https:\/\/olemosaic.com\/pt-pt\/wp-json\/wp\/v2\/product\/35628","targetHints":{"allow":["GET"]}}],"collection":[{"href":"https:\/\/olemosaic.com\/pt-pt\/wp-json\/wp\/v2\/product"}],"about":[{"href":"https:\/\/olemosaic.com\/pt-pt\/wp-json\/wp\/v2\/types\/product"}],"wp:featuredmedia":[{"embeddable":true,"href":"https:\/\/olemosaic.com\/pt-pt\/wp-json\/wp\/v2\/media\/13385"}],"wp:attachment":[{"href":"https:\/\/olemosaic.com\/pt-pt\/wp-json\/wp\/v2\/media?parent=35628"}],"wp:term":[{"taxonomy":"product_brand","embeddable":true,"href":"https:\/\/olemosaic.com\/pt-pt\/wp-json\/wp\/v2\/product_brand?post=35628"},{"taxonomy":"product_cat","embeddable":true,"href":"https:\/\/olemosaic.com\/pt-pt\/wp-json\/wp\/v2\/product_cat?post=35628"},{"taxonomy":"product_tag","embeddable":true,"href":"https:\/\/olemosaic.com\/pt-pt\/wp-json\/wp\/v2\/product_tag?post=35628"}],"curies":[{"name":"wp","href":"https:\/\/api.w.org\/{rel}","templated":true}]}}