{"id":35626,"date":"2025-02-20T22:35:02","date_gmt":"2025-02-20T22:35:02","guid":{"rendered":"http:\/\/olemosaic.com\/producto\/funda-de-telefono-para-iphone-11-pro-tpu-mosaico-azul\/"},"modified":"2025-07-25T18:54:38","modified_gmt":"2025-07-25T16:54:38","slug":"capa-de-telemovel-para-iphone-11-pro-tpu-mosaico-azul","status":"publish","type":"product","link":"https:\/\/olemosaic.com\/pt-pt\/produto\/capa-de-telemovel-para-iphone-11-pro-tpu-mosaico-azul\/","title":{"rendered":"Capa de telem\u00f3vel para iPhone 11 Pro (TPU). Mosaico. Azul"},"content":{"rendered":"<p>Capa para iPhone 11 Pro com design de mosaico azul<\/p>\n<p>Esta capa para iPhone 11 Pro combina funcionalidade e est\u00e9tica, perfeita para quem deseja proteger o seu dispositivo enquanto celebra a rica heran\u00e7a cultural espanhola. Fabricada em TPU, um material conhecido pela sua resist\u00eancia e durabilidade, oferece uma prote\u00e7\u00e3o eficaz contra impactos e riscos. O seu elegante design de mosaico em tons azuis apresenta um padr\u00e3o atraente de formas irregulares em branco, evocando a beleza da arte e da arquitetura tradicionais de Espanha, especialmente os famosos mosaicos da Alhambra e os azulejos de Sevilha.<\/p>\n<p>O fundo azul profundo confere serenidade e estilo, tornando esta capa n\u00e3o apenas um acess\u00f3rio \u00fatil, mas tamb\u00e9m um complemento decorativo que reflete a ess\u00eancia do design espanhol. Ideal para turistas e amantes da cultura, esta recorda\u00e7\u00e3o \u00e9 uma lembran\u00e7a das suas experi\u00eancias em terras ib\u00e9ricas e uma homenagem \u00e0 sofistica\u00e7\u00e3o do mosaico, que simboliza a liga\u00e7\u00e3o entre arte e vida quotidiana.<\/p>\n<p>Na Ol\u00e9 Mosaic, como grossista de acess\u00f3rios aut\u00eanticos e representativos, oferecemos esta capa de mosaico azul para iPhone 11 Pro como uma op\u00e7\u00e3o excecional para lojas de presentes tur\u00edsticos que procuram produtos de qualidade. Esta capa posiciona-se como uma recorda\u00e7\u00e3o ideal, combinando utilidade moderna com um toque cultural distintivo.<\/p>\n","protected":false},"excerpt":{"rendered":"<p>Capa para iPhone 11 Pro fabricada em TPU, com um elegante design de mosaico em tons azuis. Destaca-se pela sua resist\u00eancia e durabilidade, oferecendo uma prote\u00e7\u00e3o eficaz para o teu dispositivo. O padr\u00e3o de mosaico apresenta formas irregulares em branco sobre um fundo azul escuro, evocando a inspira\u00e7\u00e3o da arte e da arquitetura tradicional espanhola. Ideal para quem procura um acess\u00f3rio funcional e esteticamente atraente, ao mesmo tempo que presta homenagem \u00e0 rica heran\u00e7a cultural.<\/p>\n","protected":false},"featured_media":12169,"template":"","meta":{"_acf_changed":false},"product_brand":[],"product_cat":[685],"product_tag":[],"class_list":{"0":"post-35626","1":"product","2":"type-product","3":"status-publish","4":"has-post-thumbnail","6":"product_cat-capas-para-telemoveis","7":"pa_motivo-mosaico","9":"first","10":"instock","11":"shipping-taxable","12":"product-type-simple"},"acf":[],"_links":{"self":[{"href":"https:\/\/olemosaic.com\/pt-pt\/wp-json\/wp\/v2\/product\/35626","targetHints":{"allow":["GET"]}}],"collection":[{"href":"https:\/\/olemosaic.com\/pt-pt\/wp-json\/wp\/v2\/product"}],"about":[{"href":"https:\/\/olemosaic.com\/pt-pt\/wp-json\/wp\/v2\/types\/product"}],"wp:featuredmedia":[{"embeddable":true,"href":"https:\/\/olemosaic.com\/pt-pt\/wp-json\/wp\/v2\/media\/12169"}],"wp:attachment":[{"href":"https:\/\/olemosaic.com\/pt-pt\/wp-json\/wp\/v2\/media?parent=35626"}],"wp:term":[{"taxonomy":"product_brand","embeddable":true,"href":"https:\/\/olemosaic.com\/pt-pt\/wp-json\/wp\/v2\/product_brand?post=35626"},{"taxonomy":"product_cat","embeddable":true,"href":"https:\/\/olemosaic.com\/pt-pt\/wp-json\/wp\/v2\/product_cat?post=35626"},{"taxonomy":"product_tag","embeddable":true,"href":"https:\/\/olemosaic.com\/pt-pt\/wp-json\/wp\/v2\/product_tag?post=35626"}],"curies":[{"name":"wp","href":"https:\/\/api.w.org\/{rel}","templated":true}]}}