{"id":35625,"date":"2025-02-20T23:35:02","date_gmt":"2025-02-20T22:35:02","guid":{"rendered":"http:\/\/olemosaic.com\/producto\/funda-de-telefono-para-iphone-11-pro-tpu-abstracto-verde-2\/"},"modified":"2025-07-25T19:54:08","modified_gmt":"2025-07-25T17:54:08","slug":"capa-de-telemovel-para-iphone-11-pro-tpu-abstrato-verde-2","status":"publish","type":"product","link":"https:\/\/olemosaic.com\/pt-pt\/produto\/capa-de-telemovel-para-iphone-11-pro-tpu-abstrato-verde-2\/","title":{"rendered":"Capa de telem\u00f3vel para iPhone 11 Pro (TPU). Abstrato. Estilo moderno. Verde"},"content":{"rendered":"<p>Capa de telem\u00f3vel para iPhone 11 Pro com design de mosaico abstrato. Fabricada em TPU, um material resistente que protege eficazmente o teu dispositivo. O seu padr\u00e3o vibrante e colorido, que combina tons verdes, azuis, p\u00eassego e creme, imita as complexas formas geom\u00e9tricas da cer\u00e2mica tradicional, criando uma est\u00e9tica moderna e atraente. O design abstrato, al\u00e9m de um toque art\u00edstico, real\u00e7a a riqueza e diversidade da arte do mosaico, com ra\u00edzes profundas na cultura mediterr\u00e2nica, especialmente em locais como a Andaluzia.<\/p>\n<p>A elabora\u00e7\u00e3o cuidada desta capa destaca-se pelo seu acabamento brilhante e vibrante, tornando-a um acess\u00f3rio imprescind\u00edvel para os amantes da cultura e da arte. Esta recorda\u00e7\u00e3o \u00e9 uma representa\u00e7\u00e3o aut\u00eantica da tradi\u00e7\u00e3o artesanal espanhola, ideal para quem procura levar consigo um peda\u00e7o da beleza cultural da regi\u00e3o. Os turistas encontrar\u00e3o nesta capa de mosaico, al\u00e9m de uma solu\u00e7\u00e3o pr\u00e1tica, uma recorda\u00e7\u00e3o que evoca as ruas coloridas e a heran\u00e7a art\u00edstica do sul de Espanha.<\/p>\n<p>Na Ol\u00e9 Mosaic, dedicamo-nos \u00e0 distribui\u00e7\u00e3o de recorda\u00e7\u00f5es por grosso, e esta capa de telem\u00f3vel \u00e9 uma excelente op\u00e7\u00e3o para lojas de presentes tur\u00edsticos que procuram oferecer produtos \u00fanicos e com significado cultural. Com esta capa de mosaico, revitalizas o conceito de recorda\u00e7\u00e3o moderna que combina funcionalidade e arte.<\/p>\n","protected":false},"excerpt":{"rendered":"<p>Capa para iPhone 11 Pro de TPU, com um design abstrato que evoca a beleza do mosaico. Apresenta um colorido padr\u00e3o em tons verdes, azuis, p\u00eassego e creme, imitando as formas geom\u00e9tricas da cer\u00e2mica tradicional. Ideal para proteger o teu dispositivo com estilo, esta capa destaca-se pelo seu acabamento vibrante e moderno, tornando-a um acess\u00f3rio atraente e funcional para os amantes da arte e da cultura.<\/p>\n","protected":false},"featured_media":12162,"template":"","meta":{"_acf_changed":false},"product_brand":[],"product_cat":[685],"product_tag":[],"class_list":{"0":"post-35625","1":"product","2":"type-product","3":"status-publish","4":"has-post-thumbnail","6":"product_cat-capas-para-telemoveis","7":"pa_motivo-resumo","9":"first","10":"instock","11":"shipping-taxable","12":"product-type-simple"},"acf":[],"_links":{"self":[{"href":"https:\/\/olemosaic.com\/pt-pt\/wp-json\/wp\/v2\/product\/35625","targetHints":{"allow":["GET"]}}],"collection":[{"href":"https:\/\/olemosaic.com\/pt-pt\/wp-json\/wp\/v2\/product"}],"about":[{"href":"https:\/\/olemosaic.com\/pt-pt\/wp-json\/wp\/v2\/types\/product"}],"wp:featuredmedia":[{"embeddable":true,"href":"https:\/\/olemosaic.com\/pt-pt\/wp-json\/wp\/v2\/media\/12162"}],"wp:attachment":[{"href":"https:\/\/olemosaic.com\/pt-pt\/wp-json\/wp\/v2\/media?parent=35625"}],"wp:term":[{"taxonomy":"product_brand","embeddable":true,"href":"https:\/\/olemosaic.com\/pt-pt\/wp-json\/wp\/v2\/product_brand?post=35625"},{"taxonomy":"product_cat","embeddable":true,"href":"https:\/\/olemosaic.com\/pt-pt\/wp-json\/wp\/v2\/product_cat?post=35625"},{"taxonomy":"product_tag","embeddable":true,"href":"https:\/\/olemosaic.com\/pt-pt\/wp-json\/wp\/v2\/product_tag?post=35625"}],"curies":[{"name":"wp","href":"https:\/\/api.w.org\/{rel}","templated":true}]}}