{"id":35612,"date":"2025-02-20T22:35:01","date_gmt":"2025-02-20T22:35:01","guid":{"rendered":"http:\/\/olemosaic.com\/producto\/funda-de-telefono-para-iphone-11-tpu-mariposa-mallorca-blanco\/"},"modified":"2025-07-25T20:16:09","modified_gmt":"2025-07-25T18:16:09","slug":"capa-de-telemovel-para-iphone-11-tpu-borboleta-maiorca-branco","status":"publish","type":"product","link":"https:\/\/olemosaic.com\/pt-pt\/produto\/capa-de-telemovel-para-iphone-11-tpu-borboleta-maiorca-branco\/","title":{"rendered":"Capa de telem\u00f3vel para iPhone 11 (TPU). Borboleta. Maiorca. Branco"},"content":{"rendered":"<p>Capa para iPhone 11 decorada com borboletas vibrantes de Maiorca. Esta requintada capa \u00e9 fabricada em TPU, um material altamente duradouro e flex\u00edvel que proporciona uma prote\u00e7\u00e3o ideal para o seu dispositivo. O design destaca-se pelas suas borboletas coloridas, em tons azuis, laranjas, rosas e verdes, que d\u00e3o vida a um fundo branco adornado com um elegante padr\u00e3o de mosaico. Este mosaico n\u00e3o s\u00f3 evoca a rica cultura de Maiorca, como tamb\u00e9m simboliza a extraordin\u00e1ria flora da ilha, enchendo de energia cada canto desta capa.<\/p>\n<p>Na parte inferior, o nome &#8220;Mallorca&#8221; \u00e9 apresentado com uma tipografia moderna, refor\u00e7ando o seu legado mediterr\u00e2nico e o seu car\u00e1cter distintivo. Esta recorda\u00e7\u00e3o n\u00e3o s\u00f3 oferece uma excelente op\u00e7\u00e3o de prote\u00e7\u00e3o, como tamb\u00e9m atua como uma lembran\u00e7a estilizada da beleza natural de Maiorca, ideal para quem procura levar consigo um peda\u00e7o desta ilha m\u00e1gica. Na Ol\u00e9 Mosaic, oferecemos esta capa como parte da nossa cole\u00e7\u00e3o de recorda\u00e7\u00f5es de qualidade, perfeita para lojas de presentes tur\u00edsticos que desejem oferecer produtos aut\u00eanticos e funcionais. Atraia os turistas que procuram recorda\u00e7\u00f5es \u00fanicas e cheias de significado com esta capa de borboletas, um verdadeiro s\u00edmbolo da heran\u00e7a cultural de Maiorca.<\/p>\n","protected":false},"excerpt":{"rendered":"<p>Capa para iPhone 11 fabricada em TPU, decorada com borboletas coloridas que evocam a beleza de Maiorca. O design apresenta borboletas em tons vibrantes de azul, laranja, rosa e verde sobre um fundo branco com um padr\u00e3o de mosaico, simbolizando a rica cultura e flora da ilha. Na parte inferior, o nome &#8220;Mallorca&#8221; aparece numa tipografia moderna, real\u00e7ando a sua origem mediterr\u00e2nica. Uma op\u00e7\u00e3o ideal para proteger o seu dispositivo com estilo.<\/p>\n","protected":false},"featured_media":13377,"template":"","meta":{"_acf_changed":false},"product_brand":[],"product_cat":[685],"product_tag":[516],"class_list":{"0":"post-35612","1":"product","2":"type-product","3":"status-publish","4":"has-post-thumbnail","6":"product_cat-capas-para-telemoveis","7":"product_tag-animais","8":"pa_ciudad-mallorca","9":"pa_motivo-borboletas","10":"pa_pais-espana","12":"first","13":"instock","14":"shipping-taxable","15":"product-type-simple"},"acf":[],"_links":{"self":[{"href":"https:\/\/olemosaic.com\/pt-pt\/wp-json\/wp\/v2\/product\/35612","targetHints":{"allow":["GET"]}}],"collection":[{"href":"https:\/\/olemosaic.com\/pt-pt\/wp-json\/wp\/v2\/product"}],"about":[{"href":"https:\/\/olemosaic.com\/pt-pt\/wp-json\/wp\/v2\/types\/product"}],"wp:featuredmedia":[{"embeddable":true,"href":"https:\/\/olemosaic.com\/pt-pt\/wp-json\/wp\/v2\/media\/13377"}],"wp:attachment":[{"href":"https:\/\/olemosaic.com\/pt-pt\/wp-json\/wp\/v2\/media?parent=35612"}],"wp:term":[{"taxonomy":"product_brand","embeddable":true,"href":"https:\/\/olemosaic.com\/pt-pt\/wp-json\/wp\/v2\/product_brand?post=35612"},{"taxonomy":"product_cat","embeddable":true,"href":"https:\/\/olemosaic.com\/pt-pt\/wp-json\/wp\/v2\/product_cat?post=35612"},{"taxonomy":"product_tag","embeddable":true,"href":"https:\/\/olemosaic.com\/pt-pt\/wp-json\/wp\/v2\/product_tag?post=35612"}],"curies":[{"name":"wp","href":"https:\/\/api.w.org\/{rel}","templated":true}]}}