{"id":35611,"date":"2025-02-20T23:35:01","date_gmt":"2025-02-20T22:35:01","guid":{"rendered":"http:\/\/olemosaic.com\/producto\/funda-de-telefono-para-iphone-11-tpu-abstracto-azul-3\/"},"modified":"2025-07-25T18:45:57","modified_gmt":"2025-07-25T16:45:57","slug":"capa-de-telemovel-para-iphone-11-tpu-abstrato-azul-3","status":"publish","type":"product","link":"https:\/\/olemosaic.com\/pt-pt\/produto\/capa-de-telemovel-para-iphone-11-tpu-abstrato-azul-3\/","title":{"rendered":"Capa de telem\u00f3vel para iPhone 11 (TPU). Abstrato. Maiorca. Azul"},"content":{"rendered":"<p>Capa para iPhone 11 com um vibrante design abstrato que captura a ess\u00eancia de Maiorca. Fabricada em TPU de alta qualidade, esta capa n\u00e3o s\u00f3 protege eficazmente o seu dispositivo, como tamb\u00e9m se torna uma express\u00e3o de estilo pessoal. O motivo decorativo apresenta uma explos\u00e3o de cores intensas em tons azuis, vermelhos e amarelos, criando um efeito visual din\u00e2mico e art\u00edstico que evoca as paisagens naturais da ilha. A palavra &#8220;Mallorca&#8221; destaca-se em letras grandes, conferindo um toque de eleg\u00e2ncia e singularidade ao design.<\/p>\n<p>Cada curva e fluidez das formas na capa reflete a cultura vibrante e o ambiente alegre que caracteriza Maiorca, tornando este artigo uma recorda\u00e7\u00e3o perfeita para quem deseja levar um peda\u00e7o da ilha consigo. Esta lembran\u00e7a n\u00e3o s\u00f3 protege o telem\u00f3vel, como tamb\u00e9m destaca a liga\u00e7\u00e3o cultural com Maiorca, tornando-o um excelente presente para turistas que procuram recorda\u00e7\u00f5es representativas da sua visita.<\/p>\n<p>Na Ol\u00e9 Mosaic, orgulhamo-nos de oferecer recorda\u00e7\u00f5es aut\u00eanticas e atrativas, ideais para lojas de presentes tur\u00edsticos. Esta capa para iPhone 11 \u00e9 uma op\u00e7\u00e3o excecional para quem procura produtos de qualidade com um toque art\u00edstico, garantindo que cada cliente possa desfrutar de uma recorda\u00e7\u00e3o significativa da sua experi\u00eancia em Maiorca. Como grossistas de capas, asseguramos autenticidade e relev\u00e2ncia cultural em cada pe\u00e7a que distribu\u00edmos.<\/p>\n","protected":false},"excerpt":{"rendered":"<p>Capa para iPhone 11 fabricada em TPU, com um design abstrato e vibrante em tons azuis, vermelhos e amarelos. Esta capa de acabamento art\u00edstico combina formas fluidas e cores intensas, evocando a ess\u00eancia de Maiorca. O design inclui a palavra &#8220;Mallorca&#8221; em letras destacadas, conferindo um toque elegante e distintivo. Ideal para quem procura proteger o seu dispositivo com estilo e personalidade.<\/p>\n","protected":false},"featured_media":13379,"template":"","meta":{"_acf_changed":false},"product_brand":[],"product_cat":[685],"product_tag":[],"class_list":{"0":"post-35611","1":"product","2":"type-product","3":"status-publish","4":"has-post-thumbnail","6":"product_cat-capas-para-telemoveis","7":"pa_ciudad-mallorca","8":"pa_motivo-resumo","9":"pa_pais-espana","11":"first","12":"instock","13":"shipping-taxable","14":"product-type-simple"},"acf":[],"_links":{"self":[{"href":"https:\/\/olemosaic.com\/pt-pt\/wp-json\/wp\/v2\/product\/35611","targetHints":{"allow":["GET"]}}],"collection":[{"href":"https:\/\/olemosaic.com\/pt-pt\/wp-json\/wp\/v2\/product"}],"about":[{"href":"https:\/\/olemosaic.com\/pt-pt\/wp-json\/wp\/v2\/types\/product"}],"wp:featuredmedia":[{"embeddable":true,"href":"https:\/\/olemosaic.com\/pt-pt\/wp-json\/wp\/v2\/media\/13379"}],"wp:attachment":[{"href":"https:\/\/olemosaic.com\/pt-pt\/wp-json\/wp\/v2\/media?parent=35611"}],"wp:term":[{"taxonomy":"product_brand","embeddable":true,"href":"https:\/\/olemosaic.com\/pt-pt\/wp-json\/wp\/v2\/product_brand?post=35611"},{"taxonomy":"product_cat","embeddable":true,"href":"https:\/\/olemosaic.com\/pt-pt\/wp-json\/wp\/v2\/product_cat?post=35611"},{"taxonomy":"product_tag","embeddable":true,"href":"https:\/\/olemosaic.com\/pt-pt\/wp-json\/wp\/v2\/product_tag?post=35611"}],"curies":[{"name":"wp","href":"https:\/\/api.w.org\/{rel}","templated":true}]}}